{"id":515,"date":"2025-05-29T08:34:05","date_gmt":"2025-05-29T08:34:05","guid":{"rendered":"https:\/\/fnd-stronger-together.blog\/?page_id=515"},"modified":"2025-05-30T15:36:40","modified_gmt":"2025-05-30T15:36:40","slug":"balance","status":"publish","type":"page","link":"https:\/\/fnd-stronger-together.blog\/fr\/balance\/","title":{"rendered":"The Art of Balance: Pacing and Balancing with FND"},"content":{"rendered":"<div class=\"inherit-container-width wp-block-group alignfull has-tertiary-background-color has-background is-layout-constrained wp-container-core-group-is-layout-7276a2bb wp-block-group-is-layout-constrained\" style=\"margin-top:0;margin-bottom:0;padding-top:var(--wp--preset--spacing--60);padding-right:var(--wp--preset--spacing--30);padding-bottom:var(--wp--preset--spacing--60);padding-left:var(--wp--preset--spacing--30)\">\n<div class=\"wp-block-cover is-light\"><img fetchpriority=\"high\" decoding=\"async\" width=\"622\" height=\"350\" class=\"wp-block-cover__image-background wp-image-491\" alt=\"A young woman balancing on a fence during a serene sunrise, exuding freedom and joy.\" src=\"https:\/\/fnd-stronger-together.blog\/wp-content\/uploads\/2025\/05\/pexels-photo-1548769-1548769.jpg\" data-object-fit=\"cover\" srcset=\"https:\/\/fnd-stronger-together.blog\/wp-content\/uploads\/2025\/05\/pexels-photo-1548769-1548769.jpg 622w, https:\/\/fnd-stronger-together.blog\/wp-content\/uploads\/2025\/05\/pexels-photo-1548769-1548769-600x338.jpg 600w, https:\/\/fnd-stronger-together.blog\/wp-content\/uploads\/2025\/05\/pexels-photo-1548769-1548769-300x169.jpg 300w, https:\/\/fnd-stronger-together.blog\/wp-content\/uploads\/2025\/05\/pexels-photo-1548769-1548769-18x10.jpg 18w\" sizes=\"(max-width: 622px) 100vw, 622px\" \/><span aria-hidden=\"true\" class=\"wp-block-cover__background has-background-dim-30 has-background-dim\"><\/span><div class=\"wp-block-cover__inner-container is-layout-flow wp-block-cover-is-layout-flow\">\n<div class=\"wp-block-uagb-advanced-heading uagb-block-55591a79\"><h2 class=\"uagb-heading-text\">L'art de l'\u00e9quilibre: rythmer et \u00e9quilibrer la vie avec la TNF<\/h2><\/div>\n<\/div><\/div>\n\n\n\n<p>Vivre avec un trouble neurologique fonctionnel (TNF) peut s'av\u00e9rer difficile. Un jour, vous avez beaucoup d'\u00e9nergie et peu ou pas de sympt\u00f4mes, et le lendemain, vous n'avez plus d'\u00e9nergie et beaucoup de sympt\u00f4mes. C'est l\u00e0 que les arts entrem\u00eal\u00e9s de la <strong>rythme<\/strong> et <strong>\u00e9quilibrage<\/strong> deviennent vos alli\u00e9s les plus puissants.<\/p>\n\n\n\n<p style=\"margin-top:var(--wp--preset--spacing--20);margin-bottom:var(--wp--preset--spacing--20)\">Il ne s'agit pas d'abandonner ou d'en faire moins ; il s'agit de travailler plus intelligemment, et non plus durement, pour vivre de mani\u00e8re plus coh\u00e9rente et r\u00e9duire la fr\u00e9quence et la gravit\u00e9 des pouss\u00e9es de TNF<\/p>\n\n\n\n<h2 class=\"wp-block-heading has-custom-color-5-color has-text-color has-link-color has-medium-font-size wp-elements-062c910814d440f55536a46e3d1e7c54\" style=\"margin-top:var(--wp--preset--spacing--20);margin-bottom:var(--wp--preset--spacing--20)\"><strong>Comprendre le pi\u00e8ge \u00e9nerg\u00e9tique de la FND<\/strong><\/h2>\n\n\n\n<p style=\"margin-top:0;margin-bottom:0\">Avant d'explorer les techniques, il convient de comprendre le cycle commun que connaissent de nombreuses personnes atteintes de TNF :<\/p>\n\n\n\n<ol style=\"margin-top:var(--wp--preset--spacing--20);margin-bottom:var(--wp--preset--spacing--20)\" class=\"wp-block-list\">\n<li style=\"margin-top:0;margin-bottom:0\"><strong><mark style=\"background-color:rgba(0, 0, 0, 0)\" class=\"has-inline-color has-custom-color-5-color\">L'exag\u00e9ration de la \"bonne journ\u00e9e\" :<\/mark><\/strong> Vous vous r\u00e9veillez en vous sentant relativement bien et vos sympt\u00f4mes sont l\u00e9gers. Vous vous dites : \"Super ! Je vais rattraper tout ce que j'ai manqu\u00e9 !\". Vous vous donnez \u00e0 fond : vous faites le m\u00e9nage, les courses, vous assistez \u00e0 des \u00e9v\u00e9nements sociaux et vous travaillez.<\/li>\n\n\n\n<li style=\"margin-top:0;margin-bottom:0\"><mark style=\"background-color:rgba(0, 0, 0, 0)\" class=\"has-inline-color has-custom-color-5-color\"><strong>Le crash :<\/strong> <\/mark>le lendemain (ou parfois plus tard dans la journ\u00e9e), votre corps se rebelle. Les sympt\u00f4mes s'intensifient, la fatigue s'installe profond\u00e9ment et vous \u00eates contraint de prendre plusieurs jours de repos.<\/li>\n\n\n\n<li style=\"margin-top:0;margin-bottom:0\"><strong><mark style=\"background-color:rgba(0, 0, 0, 0)\" class=\"has-inline-color has-custom-color-5-color\">Culpabilit\u00e9 et frustration<\/mark>:<\/strong> Vous vous sentez coupable de ne pas en faire assez, frustr\u00e9 par les limites de votre corps, et le cycle continue.<\/li>\n<\/ol>\n\n\n\n<p style=\"margin-top:var(--wp--preset--spacing--20);margin-bottom:var(--wp--preset--spacing--20)\">Ce cycle d'expansion et de ralentissement est \u00e9puisant et contre-productif. Le rythme et l'\u00e9quilibre sont con\u00e7us pour briser ce sch\u00e9ma.<\/p>\n\n\n\n<h2 class=\"wp-block-heading has-custom-color-3-color has-text-color has-link-color has-large-font-size wp-elements-47d0482940846e86c8b266f0b23928fa\" style=\"margin-top:var(--wp--preset--spacing--20);margin-bottom:var(--wp--preset--spacing--20)\"><strong>Le rythme : La mani\u00e8re intelligente de d\u00e9penser son \u00e9nergie<\/strong><\/h2>\n\n\n\n<p style=\"margin-top:0;margin-bottom:0\">Le rythme consiste \u00e0 g\u00e9rer son \u00e9nergie comme une ressource pr\u00e9cieuse et limit\u00e9e. Il ne s'agit pas d'en faire moins, mais de mieux r\u00e9partir ses activit\u00e9s et d'int\u00e9grer des p\u00e9riodes de repos strat\u00e9giques.<\/p>\n\n\n\n<p class=\"has-custom-color-5-color has-text-color has-link-color wp-elements-bf3284ef3c40a26c7e8e31af7dbf1338\" style=\"margin-top:0;margin-bottom:0\"><strong>Principes cl\u00e9s du rythme :<\/strong><\/p>\n\n\n\n<h2 class=\"wp-block-heading has-medium-font-size\" style=\"margin-top:var(--wp--preset--spacing--20);margin-bottom:var(--wp--preset--spacing--20)\">1. <strong>Conna\u00eetre ses \"cuill\u00e8res\" (ou unit\u00e9s d'\u00e9nergie) :<\/strong><\/h2>\n\n\n\n<ul style=\"margin-top:var(--wp--preset--spacing--20);margin-bottom:var(--wp--preset--spacing--20)\" class=\"wp-block-list\">\n<li>Popularis\u00e9 par la th\u00e9orie de la cuill\u00e8re de Christine Miserandino, ce concept explique que les personnes atteintes de maladies chroniques disposent d'un nombre limit\u00e9 de \"cuill\u00e8res\" - unit\u00e9s d'\u00e9nergie - qu'elles peuvent utiliser chaque jour.<\/li>\n\n\n\n<li>Chaque activit\u00e9, aussi petite soit-elle (se doucher, s'habiller, cuisiner, r\u00e9fl\u00e9chir, socialiser), co\u00fbte des cuill\u00e8res.<\/li>\n\n\n\n<li><strong><mark style=\"background-color:rgba(0, 0, 0, 0)\" class=\"has-inline-color has-custom-color-5-color\">Technique:<\/mark><\/strong> R\u00e9fl\u00e9chissez \u00e0 votre journ\u00e9e. Combien de cuill\u00e8res co\u00fbte chaque activit\u00e9 ?&nbsp;<em>you<\/em>? You might find that showering costs 2 spoons, while a meeting costs 3.<\/li>\n<\/ul>\n\n\n\n<h2 class=\"wp-block-heading has-medium-font-size\" style=\"margin-top:var(--wp--preset--spacing--20);margin-bottom:var(--wp--preset--spacing--20)\">2. <strong>Planifier et \u00e9tablir des priorit\u00e9s :<\/strong><\/h2>\n\n\n\n<ul style=\"margin-top:var(--wp--preset--spacing--20);margin-bottom:var(--wp--preset--spacing--20)\" class=\"wp-block-list\">\n<li>N'attendez pas d'\u00eatre fatigu\u00e9 pour vous reposer. Pr\u00e9voyez des pauses avant d'en avoir besoin.<\/li>\n\n\n\n<li><strong><mark style=\"background-color:rgba(0, 0, 0, 0)\" class=\"has-inline-color has-custom-color-5-color\">Technique<\/mark>:<\/strong> Passez en revue ce que vous avez pr\u00e9vu pour la semaine. Identifiez les t\u00e2ches essentielles. Pouvez-vous les d\u00e9composer ? Pouvez-vous effectuer la moiti\u00e9 d'une t\u00e2che, vous reposer et la terminer plus tard ?<\/li>\n\n\n\n<li><strong><mark style=\"background-color:rgba(0, 0, 0, 0)\" class=\"has-inline-color has-custom-color-5-color\">Exemple<\/mark>:<\/strong> Au lieu de nettoyer toute la maison en une seule fois, nettoyez la salle de bain aujourd'hui, la cuisine demain et le salon le troisi\u00e8me jour.<\/li>\n<\/ul>\n\n\n\n<h2 class=\"wp-block-heading has-medium-font-size\" style=\"margin-top:var(--wp--preset--spacing--20);margin-bottom:var(--wp--preset--spacing--20)\">3. <strong>D\u00e9composer les t\u00e2ches :<\/strong><\/h2>\n\n\n\n<ul style=\"margin-top:0;margin-bottom:0\" class=\"wp-block-list\">\n<li>Les t\u00e2ches importantes peuvent \u00eatre source de stress et \u00e9puiser rapidement votre \u00e9nergie.<\/li>\n\n\n\n<li><strong><mark style=\"background-color:rgba(0, 0, 0, 0)\" class=\"has-inline-color has-custom-color-5-color\">Technique:<\/mark><\/strong> Divisez les t\u00e2ches complexes en plusieurs parties et faites de courtes pauses entre elles.<\/li>\n\n\n\n<li><strong><mark style=\"background-color:rgba(0, 0, 0, 0)\" class=\"has-inline-color has-custom-color-5-color\">Example:<\/mark><\/strong> Au lieu de \"faire la lessive\", essayez de \"trier les v\u00eatements\", \"charger le lave-linge\", \"transf\u00e9rer dans le s\u00e8che-linge\", \"plier les v\u00eatements\", \"ranger les v\u00eatements\". Il s'agit de petites t\u00e2ches.<\/li>\n<\/ul>\n\n\n\n<h2 class=\"wp-block-heading has-medium-font-size\" style=\"margin-top:var(--wp--preset--spacing--20);margin-bottom:var(--wp--preset--spacing--20)\">4. <strong>Alterner activit\u00e9 et repos :<\/strong><\/h2>\n\n\n\n<ul style=\"margin-top:0;margin-bottom:0\" class=\"wp-block-list\">\n<li>\u00c9vitez de faire la m\u00eame activit\u00e9 pendant longtemps.<\/li>\n\n\n\n<li><strong><mark style=\"background-color:rgba(0, 0, 0, 0)\" class=\"has-inline-color has-custom-color-5-color\">Technique:<\/mark><\/strong> Passer d'une t\u00e2che physique \u00e0 une t\u00e2che mentale. \u00c9quilibrer les p\u00e9riodes d'activit\u00e9 et les p\u00e9riodes de repos.<\/li>\n\n\n\n<li><strong><mark style=\"background-color:rgba(0, 0, 0, 0)\" class=\"has-inline-color has-custom-color-5-color\">Example:<\/mark><\/strong> passer 20 minutes \u00e0 jardiner, puis 30 minutes \u00e0 lire tranquillement ou \u00e0 \u00e9couter de la musique, et terminer par une promenade courte et facile.<\/li>\n<\/ul>\n\n\n\n<h2 class=\"wp-block-heading has-medium-font-size\" style=\"margin-top:var(--wp--preset--spacing--20);margin-bottom:var(--wp--preset--spacing--20)\">5. <strong>\u00c9coutez les signaux de votre corps :<\/strong><\/h2>\n\n\n\n<ul style=\"margin-top:var(--wp--preset--spacing--20);margin-bottom:var(--wp--preset--spacing--20)\" class=\"wp-block-list\">\n<li>Le plus important est d'\u00eatre attentif \u00e0 son corps avant que les sympt\u00f4mes ne s'aggravent.<\/li>\n\n\n\n<li><strong><mark style=\"background-color:rgba(0, 0, 0, 0)\" class=\"has-inline-color has-custom-color-5-color\">Technique:<\/mark><\/strong> Remarquez les signes pr\u00e9coces comme la fatigue, la douleur ou les sympt\u00f4mes croissants de la TNF (par exemple, un petit tremblement ou une sensation de flou). Ce sont les signaux de votre corps.<\/li>\n<\/ul>\n\n\n\n<p style=\"margin-top:var(--wp--preset--spacing--20);margin-bottom:var(--wp--preset--spacing--20)\"><strong><mark style=\"background-color:rgba(0, 0, 0, 0)\" class=\"has-inline-color has-custom-color-5-color\">Action :<\/mark><\/strong> When you see these signs,&nbsp;stop or slow down your activity. Don&#8217;t keep going.<\/p>\n\n\n\n<h2 class=\"wp-block-heading has-custom-color-3-color has-text-color has-link-color has-large-font-size wp-elements-1cd5cdcda02540415387576a0b0a4f78\" style=\"margin-top:var(--wp--preset--spacing--20);margin-bottom:var(--wp--preset--spacing--20)\"><strong>L'\u00e9quilibrage : Au-del\u00e0 de la simple gestion de l'\u00e9nergie<\/strong><\/h2>\n\n\n\n<p style=\"margin-top:var(--wp--preset--spacing--20);margin-bottom:var(--wp--preset--spacing--20)\">Le principe de l' <strong>\u00e9quilibre<\/strong> va au-del\u00e0 <strong>Le rythme<\/strong> en examinant tous les aspects de votre vie et en veillant \u00e0 ce que chacun re\u00e7oive suffisamment d'attention sans qu'aucun d'entre eux ne subisse de stress. Il s'agit de trouver un \u00e9quilibre entre les diff\u00e9rentes activit\u00e9s et les diff\u00e9rents besoins.<\/p>\n\n\n\n<h3 class=\"wp-block-heading has-custom-color-5-color has-text-color has-link-color has-medium-font-size wp-elements-e2031c557169c26afd43d682777d686f\" style=\"margin-top:var(--wp--preset--spacing--20);margin-bottom:var(--wp--preset--spacing--20)\"><strong>Domaines \u00e0 \u00e9quilibrer :<\/strong><\/h3>\n\n\n\n<h3 class=\"wp-block-heading has-medium-font-size\" style=\"margin-top:var(--wp--preset--spacing--20);margin-bottom:var(--wp--preset--spacing--20)\">1. Activit\u00e9 et repos<\/h3>\n\n\n\n<p style=\"margin-top:var(--wp--preset--spacing--20);margin-bottom:var(--wp--preset--spacing--20)\">La cl\u00e9 du rythme est de trouver le bon \u00e9quilibre. Votre vie est-elle faite essentiellement de repos et d'un peu d'activit\u00e9, ou essentiellement d'activit\u00e9 et de peu de repos ? Essayez de trouver un m\u00e9lange sain que vous pouvez maintenir.<\/p>\n\n\n\n<h2 class=\"wp-block-heading has-medium-font-size\" style=\"margin-top:var(--wp--preset--spacing--20);margin-bottom:var(--wp--preset--spacing--20)\">2. <strong>Physique, mental, \u00e9motionnel :<\/strong><\/h2>\n\n\n\n<ul style=\"margin-top:var(--wp--preset--spacing--20);margin-bottom:var(--wp--preset--spacing--20)\" class=\"wp-block-list\">\n<li><strong><mark style=\"background-color:rgba(0, 0, 0, 0)\" class=\"has-inline-color has-custom-color-5-color\">Physique :<\/mark><\/strong> Des activit\u00e9s telles que l'exercice physique, les t\u00e2ches m\u00e9nag\u00e8res et les courses.<\/li>\n\n\n\n<li><strong><mark style=\"background-color:rgba(0, 0, 0, 0)\" class=\"has-inline-color has-custom-color-5-color\">Mental :<\/mark><\/strong> Travailler, acqu\u00e9rir de nouvelles comp\u00e9tences, r\u00e9soudre des probl\u00e8mes et lire.<\/li>\n\n\n\n<li><strong><mark style=\"background-color:rgba(0, 0, 0, 0)\" class=\"has-inline-color has-custom-color-5-color\">\u00c9motionnel :<\/mark><\/strong> Comprendre les \u00e9motions, faire face au stress et relever les d\u00e9fis de la frustration li\u00e9e \u00e0 la TNF<\/li>\n\n\n\n<li><strong><mark style=\"background-color:rgba(0, 0, 0, 0)\" class=\"has-inline-color has-custom-color-5-color\">Technique:<\/mark><\/strong> Accordez la priorit\u00e9 non seulement au repos physique, mais aussi \u00e0 la d\u00e9tente mentale et \u00e9motionnelle. M\u00eame une journ\u00e9e physiquement reposante peut sembler \u00e9puisante si votre esprit est submerg\u00e9 par le stress ou par des r\u00e9flexions incessantes.<\/li>\n<\/ul>\n\n\n\n<h2 class=\"wp-block-heading has-medium-font-size\" style=\"margin-top:var(--wp--preset--spacing--20);margin-bottom:var(--wp--preset--spacing--20)\">3. <strong>Vie sociale ou solitude ?<\/strong><\/h2>\n\n\n\n<ul style=\"margin-top:var(--wp--preset--spacing--20);margin-bottom:var(--wp--preset--spacing--20)\" class=\"wp-block-list\">\n<li>L'interaction sociale est essentielle au bien-\u00eatre, mais elle peut \u00eatre \u00e9puisante pour les personnes atteintes de TNF.<\/li>\n\n\n\n<li><strong><mark style=\"background-color:rgba(0, 0, 0, 0)\" class=\"has-inline-color has-custom-color-5-color\">Technique:<\/mark><\/strong> Trouvez un \u00e9quilibre entre les activit\u00e9s sociales et le temps pass\u00e9 seul pour vous ressourcer. Autorisez-vous \u00e0 dire non ou \u00e0 partir plus t\u00f4t sans culpabilit\u00e9.<\/li>\n<\/ul>\n\n\n\n<h2 class=\"wp-block-heading has-medium-font-size\" style=\"margin-top:var(--wp--preset--spacing--20);margin-bottom:var(--wp--preset--spacing--20)\">4. <strong>Plaisir ou obligation :<\/strong><\/h2>\n\n\n\n<ul style=\"margin-top:var(--wp--preset--spacing--20);margin-bottom:var(--wp--preset--spacing--20)\" class=\"wp-block-list\">\n<li>Il est facile de se laisser submerger par des obligations telles que le travail, les t\u00e2ches m\u00e9nag\u00e8res et les rendez-vous.<\/li>\n\n\n\n<li><strong><mark style=\"background-color:rgba(0, 0, 0, 0)\" class=\"has-inline-color has-custom-color-5-color\">Technique:<\/mark><\/strong> Planifiez d\u00e9lib\u00e9r\u00e9ment des activit\u00e9s qui vous apportent joie et d\u00e9tente. Il ne s'agit pas d'un simple \"luxe\", mais d'un \u00e9l\u00e9ment vital pour votre sant\u00e9 mentale et \u00e9motionnelle, qui peut consid\u00e9rablement am\u00e9liorer votre \u00e9nergie globale.<\/li>\n<\/ul>\n\n\n\n<h2 class=\"wp-block-heading has-medium-font-size\" style=\"margin-top:var(--wp--preset--spacing--20);margin-bottom:var(--wp--preset--spacing--20)\">5. <strong>Regarder en arri\u00e8re ou regarder en avant :<\/strong><\/h2>\n\n\n\n<ul style=\"margin-top:0;margin-bottom:0\" class=\"wp-block-list\">\n<li>Il est important de reconna\u00eetre les d\u00e9fis de la TNF et de vous permettre de faire le deuil des capacit\u00e9s que vous avez perdues.<\/li>\n\n\n\n<li><strong><mark style=\"background-color:rgba(0, 0, 0, 0)\" class=\"has-inline-color has-custom-color-5-color\">Technique:<\/mark><\/strong> Associez une r\u00e9flexion approfondie \u00e0 la fixation de petits objectifs r\u00e9alisables, en vous concentrant sur ce que vous pouvez faire aujourd'hui et sur ce que vous aspirez \u00e0 accomplir \u00e0 l'avenir.<\/li>\n<\/ul>\n\n\n\n<h2 class=\"wp-block-heading has-custom-color-3-color has-text-color has-link-color has-large-font-size wp-elements-50f3fb44c10045e98d03b6a12858853a\" style=\"margin-top:var(--wp--preset--spacing--30);margin-bottom:var(--wp--preset--spacing--30)\"><strong>Les avantages de la ma\u00eetrise du rythme et de l'\u00e9quilibre<\/strong><\/h2>\n\n\n\n<ul style=\"margin-top:var(--wp--preset--spacing--20);margin-bottom:var(--wp--preset--spacing--20)\" class=\"wp-block-list\">\n<li><strong><mark style=\"background-color:rgba(0, 0, 0, 0)\" class=\"has-inline-color has-custom-color-5-color\">R\u00e9duction des pouss\u00e9es de sympt\u00f4mes :<\/mark><\/strong> Le fait d'\u00e9viter ce cycle d'expansion et de ralentissement aide \u00e0 stabiliser votre niveau d'\u00e9nergie, ce qui peut r\u00e9duire la fr\u00e9quence et la gravit\u00e9 des sympt\u00f4mes de TNF.<\/li>\n\n\n\n<li><strong><mark style=\"background-color:rgba(0, 0, 0, 0)\" class=\"has-inline-color has-custom-color-5-color\">Une \u00e9nergie plus constante :<\/mark><\/strong> Vous b\u00e9n\u00e9ficiez d'une \u00e9nergie r\u00e9guli\u00e8re et fiable tout au long de la journ\u00e9e et de la semaine, en \u00e9vitant les hausses soudaines et les baisses de r\u00e9gime \u00e9puisantes.<\/li>\n\n\n\n<li><strong><mark style=\"background-color:rgba(0, 0, 0, 0)\" class=\"has-inline-color has-custom-color-5-color\">Sentiment de contr\u00f4le accru<\/mark>:<\/strong> Un meilleur contr\u00f4le de votre \u00e9nergie et de vos sympt\u00f4mes peut grandement att\u00e9nuer l'anxi\u00e9t\u00e9 et la frustration.<\/li>\n\n\n\n<li><strong><mark style=\"background-color:rgba(0, 0, 0, 0)\" class=\"has-inline-color has-custom-color-5-color\">Am\u00e9lioration de la qualit\u00e9 de vie :<\/mark><\/strong> En g\u00e9rant efficacement votre \u00e9nergie, vous pouvez participer plus pleinement aux activit\u00e9s qui vous tiennent \u00e0 c\u0153ur, ce qui vous permet d'avoir une vie plus riche et plus satisfaisante.<\/li>\n\n\n\n<li><mark style=\"background-color:rgba(0, 0, 0, 0)\" class=\"has-inline-color has-custom-color-5-color\"><strong>R\u00e9cup\u00e9ration plus rapide apr\u00e8s les \u00e9ruptions :<\/strong> <\/mark>Lorsque des pouss\u00e9es surviennent (malgr\u00e9 tous vos efforts), le maintien d'un niveau d'\u00e9nergie de base \u00e9lev\u00e9 peut vous aider \u00e0 rebondir plus rapidement.<\/li>\n<\/ul>\n\n\n\n<p style=\"margin-top:var(--wp--preset--spacing--20);margin-bottom:var(--wp--preset--spacing--20)\"><strong>Le rythme <\/strong>et <strong>\u00e9quilibrage<\/strong> sont des comp\u00e9tences qui n\u00e9cessitent de la pratique, de la patience et de la compassion. Certains jours, vous aurez peut-\u00eatre du mal, et c'est tout \u00e0 fait normal. L'objectif n'est pas la perfection, mais l'apprentissage et l'adaptation continus pour d\u00e9couvrir votre propre rythme de vie avec la FND. Commencez par de petites \u00e9tapes, traitez vous avec gentillesse et c\u00e9l\u00e9brez chaque progr\u00e8s vers une vie plus \u00e9quilibr\u00e9e et plus \u00e9nergique.<\/p>\n\n\n\n<p class=\"has-custom-color-5-color has-text-color has-link-color wp-elements-f68e63f5ed04a24e4f805858b4e72fd6\" style=\"margin-top:0;margin-bottom:0\"><strong>En savoir plus<\/strong>&#8211; <a href=\"https:\/\/fndhope.org\/living-fnd\/healthy-living\/balance-2\/\">https:\/\/fndhope.org\/living-fnd\/healthy-living\/balance-2\/<\/a><\/p>\n\n\n\n<h2 class=\"wp-block-heading has-custom-color-3-color has-text-color has-link-color has-medium-font-size wp-elements-c3ccdf143791551205c38a5a8d50fcf1\" style=\"margin-top:var(--wp--preset--spacing--20);margin-bottom:var(--wp--preset--spacing--20)\">Vous souhaitez donc explorer les autres techniques du TNF ?<\/h2>\n\n\n\n<ul style=\"margin-top:var(--wp--preset--spacing--20);margin-bottom:var(--wp--preset--spacing--20)\" class=\"wp-block-list\">\n<li class=\"has-custom-color-5-color has-text-color has-link-color wp-elements-90e98bd6f77e4e3378c2a020de724b74\" style=\"margin-top:0;margin-bottom:0\">Exercice<\/li>\n\n\n\n<li class=\"has-custom-color-5-color has-text-color has-link-color wp-elements-158f87896a9efefb1f024504c7628397\" style=\"margin-top:0;margin-bottom:0\">Prise en charge de la douleur<\/li>\n\n\n\n<li class=\"has-custom-color-5-color has-text-color has-link-color wp-elements-0bdcb5444d61ee3ed735c06e63e6a1c6\" style=\"margin-top:0;margin-bottom:0\">La pleine conscience<\/li>\n\n\n\n<li class=\"has-custom-color-5-color has-text-color has-link-color wp-elements-9d9e0cc85d499f574cf2b179a0d16d0f\" style=\"margin-top:0;margin-bottom:0\">La nutrition<\/li>\n\n\n\n<li class=\"has-custom-color-5-color has-text-color has-link-color wp-elements-28249d5fc1f9f4323e6cb14deaa19e30\" style=\"margin-top:0;margin-bottom:0\">Sommeil<\/li>\n\n\n\n<li class=\"has-custom-color-5-color has-text-color has-link-color wp-elements-621a971fbab9e7bdf1d4db2a4e7519ab\" style=\"margin-top:0;margin-bottom:0\">D\u00e9tente<\/li>\n\n\n\n<li class=\"has-custom-color-5-color has-text-color has-link-color wp-elements-210b113c3b290a5a2cdf746d47389640\" style=\"margin-top:0;margin-bottom:0\">Techniques de mise \u00e0 la terre<\/li>\n<\/ul>\n<\/div>","protected":false},"excerpt":{"rendered":"<p>Living with Functional Neurological Disorder (FND) can feel challenging. One day you have lots of energy and few or no [&hellip;]<\/p>\n","protected":false},"author":1,"featured_media":0,"parent":0,"menu_order":0,"comment_status":"closed","ping_status":"closed","template":"no-title","meta":{"_acf_changed":false,"om_disable_all_campaigns":false,"_uag_custom_page_level_css":"","_monsterinsights_skip_tracking":false,"_monsterinsights_sitenote_active":false,"_monsterinsights_sitenote_note":"","_monsterinsights_sitenote_category":0,"_uf_show_specific_survey":0,"_uf_disable_surveys":false,"site-sidebar-layout":"default","site-content-layout":"","ast-site-content-layout":"default","site-content-style":"default","site-sidebar-style":"default","ast-global-header-display":"","ast-banner-title-visibility":"","ast-main-header-display":"","ast-hfb-above-header-display":"","ast-hfb-below-header-display":"","ast-hfb-mobile-header-display":"","site-post-title":"","ast-breadcrumbs-content":"","ast-featured-img":"","footer-sml-layout":"","ast-disable-related-posts":"","theme-transparent-header-meta":"","adv-header-id-meta":"","stick-header-meta":"","header-above-stick-meta":"","header-main-stick-meta":"","header-below-stick-meta":"","astra-migrate-meta-layouts":"default","ast-page-background-enabled":"default","ast-page-background-meta":{"desktop":{"background-color":"var(--ast-global-color-4)","background-image":"","background-repeat":"repeat","background-position":"center center","background-size":"auto","background-attachment":"scroll","background-type":"","background-media":"","overlay-type":"","overlay-color":"","overlay-opacity":"","overlay-gradient":""},"tablet":{"background-color":"","background-image":"","background-repeat":"repeat","background-position":"center center","background-size":"auto","background-attachment":"scroll","background-type":"","background-media":"","overlay-type":"","overlay-color":"","overlay-opacity":"","overlay-gradient":""},"mobile":{"background-color":"","background-image":"","background-repeat":"repeat","background-position":"center center","background-size":"auto","background-attachment":"scroll","background-type":"","background-media":"","overlay-type":"","overlay-color":"","overlay-opacity":"","overlay-gradient":""}},"ast-content-background-meta":{"desktop":{"background-color":"var(--ast-global-color-5)","background-image":"","background-repeat":"repeat","background-position":"center center","background-size":"auto","background-attachment":"scroll","background-type":"","background-media":"","overlay-type":"","overlay-color":"","overlay-opacity":"","overlay-gradient":""},"tablet":{"background-color":"var(--ast-global-color-5)","background-image":"","background-repeat":"repeat","background-position":"center center","background-size":"auto","background-attachment":"scroll","background-type":"","background-media":"","overlay-type":"","overlay-color":"","overlay-opacity":"","overlay-gradient":""},"mobile":{"background-color":"var(--ast-global-color-5)","background-image":"","background-repeat":"repeat","background-position":"center center","background-size":"auto","background-attachment":"scroll","background-type":"","background-media":"","overlay-type":"","overlay-color":"","overlay-opacity":"","overlay-gradient":""}},"_wp_convertkit_post_meta":{"form":"-1","landing_page":"0","tag":"0","restrict_content":"0"},"footnotes":""},"class_list":["post-515","page","type-page","status-publish","hentry"],"acf":[],"aioseo_notices":[],"uagb_featured_image_src":{"full":false,"thumbnail":false,"medium":false,"medium_large":false,"large":false,"1536x1536":false,"2048x2048":false,"trp-custom-language-flag":false},"uagb_author_info":{"display_name":"FND-Stronger-Together","author_link":"https:\/\/fnd-stronger-together.blog\/fr\/author\/97mej\/"},"uagb_comment_info":0,"uagb_excerpt":"Living with Functional Neurological Disorder (FND) can feel challenging. One day you have lots of energy and few or no [&hellip;]","_links":{"self":[{"href":"https:\/\/fnd-stronger-together.blog\/fr\/wp-json\/wp\/v2\/pages\/515","targetHints":{"allow":["GET"]}}],"collection":[{"href":"https:\/\/fnd-stronger-together.blog\/fr\/wp-json\/wp\/v2\/pages"}],"about":[{"href":"https:\/\/fnd-stronger-together.blog\/fr\/wp-json\/wp\/v2\/types\/page"}],"author":[{"embeddable":true,"href":"https:\/\/fnd-stronger-together.blog\/fr\/wp-json\/wp\/v2\/users\/1"}],"replies":[{"embeddable":true,"href":"https:\/\/fnd-stronger-together.blog\/fr\/wp-json\/wp\/v2\/comments?post=515"}],"version-history":[{"count":35,"href":"https:\/\/fnd-stronger-together.blog\/fr\/wp-json\/wp\/v2\/pages\/515\/revisions"}],"predecessor-version":[{"id":691,"href":"https:\/\/fnd-stronger-together.blog\/fr\/wp-json\/wp\/v2\/pages\/515\/revisions\/691"}],"wp:attachment":[{"href":"https:\/\/fnd-stronger-together.blog\/fr\/wp-json\/wp\/v2\/media?parent=515"}],"curies":[{"name":"wp","href":"https:\/\/api.w.org\/{rel}","templated":true}]}}