{"id":525,"date":"2025-05-29T08:53:54","date_gmt":"2025-05-29T08:53:54","guid":{"rendered":"https:\/\/fnd-stronger-together.blog\/?page_id=525"},"modified":"2025-05-30T15:50:44","modified_gmt":"2025-05-30T15:50:44","slug":"exercise","status":"publish","type":"page","link":"https:\/\/fnd-stronger-together.blog\/fr\/exercise\/","title":{"rendered":"Why exercise is important in FND"},"content":{"rendered":"<div class=\"wp-block-group is-layout-constrained wp-block-group-is-layout-constrained\">\n<div class=\"wp-block-columns is-layout-flex wp-container-core-columns-is-layout-28f84493 wp-block-columns-is-layout-flex\">\n<div class=\"wp-block-column is-layout-flow wp-block-column-is-layout-flow\" style=\"flex-basis:100%\">\n<div class=\"wp-block-group is-layout-constrained wp-block-group-is-layout-constrained\">\n<div class=\"wp-block-cover\" style=\"margin-top:var(--wp--preset--spacing--30);margin-bottom:var(--wp--preset--spacing--30);min-height:430px;aspect-ratio:unset;\"><img fetchpriority=\"high\" decoding=\"async\" width=\"640\" height=\"427\" class=\"wp-block-cover__image-background wp-image-493\" alt=\"dumbbells, shoes, sneakers, rubber shoes, fitness, gym, training, workout, exercise, health, fit, strength, bodybuilding, pilates, trainer, running shoes, cardio vascular, physio therapy, wellness, shoes, shoes, fitness, fitness, fitness, fitness, gym, gym, gym, gym, workout, exercise, exercise, exercise, exercise, exercise, health, health\" src=\"https:\/\/fnd-stronger-together.blog\/wp-content\/uploads\/2025\/05\/g34efd13a668b5516f317f2f89615a853082f62f5d77af497789eca36566d51e2831f3436f60ca9b06bdb91aa2aa9681f_640-2465478.jpg\" data-object-fit=\"cover\" srcset=\"https:\/\/fnd-stronger-together.blog\/wp-content\/uploads\/2025\/05\/g34efd13a668b5516f317f2f89615a853082f62f5d77af497789eca36566d51e2831f3436f60ca9b06bdb91aa2aa9681f_640-2465478.jpg 640w, https:\/\/fnd-stronger-together.blog\/wp-content\/uploads\/2025\/05\/g34efd13a668b5516f317f2f89615a853082f62f5d77af497789eca36566d51e2831f3436f60ca9b06bdb91aa2aa9681f_640-2465478-600x400.jpg 600w, https:\/\/fnd-stronger-together.blog\/wp-content\/uploads\/2025\/05\/g34efd13a668b5516f317f2f89615a853082f62f5d77af497789eca36566d51e2831f3436f60ca9b06bdb91aa2aa9681f_640-2465478-300x200.jpg 300w, https:\/\/fnd-stronger-together.blog\/wp-content\/uploads\/2025\/05\/g34efd13a668b5516f317f2f89615a853082f62f5d77af497789eca36566d51e2831f3436f60ca9b06bdb91aa2aa9681f_640-2465478-18x12.jpg 18w\" sizes=\"(max-width: 640px) 100vw, 640px\" \/><span aria-hidden=\"true\" class=\"wp-block-cover__background has-background-dim\"><\/span><div class=\"wp-block-cover__inner-container is-layout-flow wp-block-cover-is-layout-flow\">\n<h1 class=\"wp-block-heading has-text-align-center has-custom-color-5-color has-text-color has-link-color has-large-font-size wp-elements-f8adebb5b47dfa53a1c7d33ae163f560\">Exercice<\/h1>\n<\/div><\/div>\n<\/div>\n\n\n\n<h2 class=\"wp-block-heading\"><strong>Moving Forward: The Role of Exercise in Managing FND<\/strong><\/h2>\n\n\n\n<p>Living with Functional Neurological Disorder (FND) often brings a unique set of challenges to daily life, and for many, the idea of &#8220;exercise&#8221; can feel daunting, if not impossible. Symptoms like tremors, weakness, gait disturbances, or non-epileptic attacks can make traditional physical activity seem out of reach. However, a growing body of evidence and countless patient experiences suggest that <strong>appropriate and tailored exercise is not just possible, but a crucial component in the management and recovery from FND.<\/strong><\/p>\n\n\n\n<p>It&#8217;s important to preface this by saying that this is not medical advice. Always consult with your healthcare team \u2013 particularly a neurologist, physiotherapist, or occupational therapist experienced in FND \u2013 before starting or modifying any exercise program.<\/p>\n\n\n\n<p><strong>Why is exercise so important for FND?<\/strong><\/p>\n\n\n\n<p>While FND is complex, involving disrupted brain-body communication, exercise plays a multifaceted role in helping to retrain the brain and body:<\/p>\n\n\n\n<ol class=\"wp-block-list\">\n<li><strong>Re-establishing Normal Movement Patterns:<\/strong> FND often leads to &#8220;learned&#8221; abnormal movement patterns or a loss of automatic movements. Targeted exercises, often guided by a physiotherapist, can help to gently re-educate the nervous system, encouraging the brain to send the correct signals for movement. This isn&#8217;t about &#8220;trying harder&#8221; but about retraining the brain&#8217;s pathways.<\/li>\n\n\n\n<li><strong>Addressing Deconditioning:<\/strong> Living with FND symptoms often leads to reduced activity levels, which can result in physical deconditioning (muscle weakness, reduced stamina, joint stiffness). Exercise helps to counteract this, improving strength, endurance, and overall physical capacity.<\/li>\n\n\n\n<li><strong>Improving Proprioception and Balance:<\/strong> Many with FND experience issues with balance and body awareness (proprioception). Exercises that focus on stability, coordination, and controlled movements can significantly improve these areas, reducing fall risk and increasing confidence.<\/li>\n\n\n\n<li><strong>Neuroplasticity and Brain Retraining:<\/strong> The brain is incredibly adaptable (neuroplastic). Regular, consistent, and appropriate movement can help to create new, healthier neural pathways and strengthen existing ones, essentially &#8220;rewiring&#8221; the brain to function more effectively.<\/li>\n\n\n\n<li><strong>Managing Non-Motor Symptoms:<\/strong> Exercise isn&#8217;t just for physical symptoms. It&#8217;s a powerful tool for managing associated non-motor symptoms of FND, such as:<\/li>\n<\/ol>\n\n\n\n<ul class=\"wp-block-list\">\n<li><strong>Fatigue:<\/strong> While counterintuitive, gentle, consistent exercise can help improve energy levels over time.<\/li>\n\n\n\n<li><strong>Anxiety and Depression:<\/strong> Physical activity is a known mood booster, releasing endorphins and helping to reduce stress.<\/li>\n\n\n\n<li><strong>Sleep Disturbances:<\/strong> Regular exercise can contribute to better sleep patterns.<\/li>\n<\/ul>\n\n\n\n<ol start=\"6\" class=\"wp-block-list\">\n<li><strong>Empowerment and Self-Efficacy:<\/strong> Taking an active role in your recovery through exercise can be incredibly empowering. It shifts the focus from what you <em>can&#8217;t<\/em> do to what you <em>can<\/em> do, fostering a sense of control and self-efficacy.<\/li>\n<\/ol>\n\n\n\n<p><strong>What kind of exercise is beneficial for FND?<\/strong><\/p>\n\n\n\n<p>The &#8220;best&#8221; exercise for FND is highly individualized and depends on your specific symptoms, severity, and overall physical condition. However, general principles often include:<\/p>\n\n\n\n<ul class=\"wp-block-list\">\n<li><strong>Physiotherapy-Guided Rehabilitation:<\/strong> This is often the cornerstone. An FND-aware physiotherapist can assess your specific challenges and design a personalized program focusing on motor retraining, balance, coordination, and graded exposure to movements that might feel difficult.<\/li>\n\n\n\n<li><strong>Graded Activity:<\/strong> Starting small and gradually increasing intensity and duration is key. Pacing is vital to avoid symptom flares. Think short, frequent bursts rather than long, exhausting sessions.<\/li>\n\n\n\n<li><strong>Mindful Movement:<\/strong> Activities that encourage body awareness and focus on the quality of movement, rather than just intensity, can be very helpful. Examples include:<\/li>\n<\/ul>\n\n\n\n<ul class=\"wp-block-list\">\n<li><strong>Walking:<\/strong> Even short, slow walks can be beneficial.<\/li>\n\n\n\n<li><strong>Yoga\/Tai Chi:<\/strong> Gentle forms can improve flexibility, balance, and mind-body connection.<\/li>\n\n\n\n<li><strong>Pilates:<\/strong> Focuses on core strength, control, and precision of movement.<\/li>\n\n\n\n<li><strong>Hydrotherapy (Water-based exercise):<\/strong> The buoyancy of water can reduce the impact on joints and make movement easier.<\/li>\n<\/ul>\n\n\n\n<ul class=\"wp-block-list\">\n<li><strong>Activities You Enjoy:<\/strong> Finding something you genuinely enjoy increases the likelihood of sticking with it. This could be dancing, cycling (stationary if balance is an issue), or even just doing chores around the house that involve movement.<\/li>\n\n\n\n<li><strong>Strength and Conditioning:<\/strong> Building muscle strength and endurance helps support overall function and reduces the effort required for daily tasks. This can be done with bodyweight exercises, resistance bands, or light weights.<\/li>\n<\/ul>\n\n\n\n<p><strong>Important Considerations:<\/strong><\/p>\n\n\n\n<ul class=\"wp-block-list\">\n<li><strong>\u00c9coutez votre corps :<\/strong> This is paramount. Pushing through severe symptoms can be counterproductive. Learn to recognize the difference between &#8220;good&#8221; soreness and a symptom flare.<\/li>\n\n\n\n<li><strong>Consistency Over Intensity:<\/strong> Regular, gentle movement is often more effective than sporadic, intense workouts.<\/li>\n\n\n\n<li><strong>Celebrate Small Victories:<\/strong> Progress in FND can be slow and non-linear. Acknowledge and celebrate every small improvement, whether it&#8217;s walking a few extra steps or completing an exercise without a tremor.<\/li>\n\n\n\n<li><strong>Pacing and Energy Management:<\/strong> FND fatigue is real. Learn to pace yourself throughout the day, incorporating rest periods to conserve energy for exercise and other activities.<\/li>\n<\/ul>\n\n\n\n<p>Exercise for FND isn&#8217;t about &#8220;fixing&#8221; the brain with brute force, but rather about gentle, consistent retraining and support. By embracing movement as a therapeutic tool, and working closely with your healthcare team, you can actively participate in your recovery journey, improve your physical function, and enhance your overall quality of life. Start small, be patient, and keep moving forward.<\/p>\n<\/div>\n\n\n\n<div class=\"wp-block-column is-layout-flow wp-block-column-is-layout-flow\"><\/div>\n<\/div>\n<\/div>\n\n\n\n<h2 class=\"wp-block-heading has-primary-color has-text-color has-link-color has-medium-font-size wp-elements-d76a6922b0989864a76cac2739198f3c\">Comprendre l'exercice physique dans les troubles neurologiques fonctionnels (TNF)<\/h2>\n\n\n\n<p class=\"has-custom-color-5-color has-text-color has-link-color wp-elements-70f3e64d0daf8f101c1bd5997947a455\">Les troubles neurologiques fonctionnels (TNF) se caract\u00e9risent par des sympt\u00f4mes neurologiques tels que la faiblesse, les anomalies de mouvement, les changements sensoriels ou les crises d'\u00e9pilepsie qui ne peuvent \u00eatre attribu\u00e9s \u00e0 des maladies neurologiques conventionnelles. Bien que la prise en charge des troubles neurologiques fonctionnels puisse \u00eatre complexe, l'int\u00e9gration de l'exercice est essentielle pour un traitement et une gu\u00e9rison efficaces.<\/p>\n\n\n\n<h2 class=\"wp-block-heading has-medium-font-size\">L'importance de l'exercice physique pour la TNF<\/h2>\n\n\n\n<p class=\"has-custom-color-5-color has-text-color has-link-color wp-elements-0e847b42de360c8daab3fed60582a573\">L'exercice est b\u00e9n\u00e9fique pour tous, mais pour les personnes atteintes de TNF, il offre plusieurs avantages cl\u00e9s :<\/p>\n\n\n\n<ul class=\"wp-block-list\">\n<li class=\"has-custom-color-5-color has-text-color has-link-color wp-elements-3548ed8c04e3fa73142f338063bad306\"><strong><mark style=\"background-color:rgba(0, 0, 0, 0);color:#070f79\" class=\"has-inline-color\">Enhances Physical Function:<\/mark><\/strong> Une activit\u00e9 physique r\u00e9guli\u00e8re peut aider \u00e0 retrouver la mobilit\u00e9 et la force perdues \u00e0 cause de la TNF<\/li>\n\n\n\n<li class=\"has-custom-color-5-color has-text-color has-link-color wp-elements-4dabebb402721195beb1b65446b2fe2c\"><strong><mark style=\"background-color:rgba(0, 0, 0, 0);color:#070f79\" class=\"has-inline-color\">Enhances Neuroplasticity:<\/mark><\/strong> L'exercice stimule la plasticit\u00e9 c\u00e9r\u00e9brale, aidant le cerveau \u00e0 r\u00e9apprendre et \u00e0 r\u00e9tablir des sch\u00e9mas de mouvement normaux.<\/li>\n\n\n\n<li class=\"has-custom-color-5-color has-text-color has-link-color wp-elements-aa75aebacfd14e6340c628f260b38c9e\"><strong><mark style=\"background-color:rgba(0, 0, 0, 0);color:#070f79\" class=\"has-inline-color\">Reduces Fatigue:<\/mark><\/strong>&nbsp;De nombreuses personnes atteintes de FND ressentent de la fatigue, mais l'exercice r\u00e9gulier peut progressivement augmenter les niveaux d'\u00e9nergie et am\u00e9liorer l'endurance g\u00e9n\u00e9rale.<\/li>\n\n\n\n<li class=\"has-custom-color-5-color has-text-color has-link-color wp-elements-086e71c1546a2aa57871ede093a48a1f\"><strong><mark style=\"background-color:rgba(0, 0, 0, 0);color:#070f79\" class=\"has-inline-color\">Am\u00e9liore le bien-\u00eatre mental :<\/mark><\/strong> L'exercice aide \u00e0 soulager l'anxi\u00e9t\u00e9 et la d\u00e9pression, des conditions fr\u00e9quemment rencontr\u00e9es par les patients atteints de FND et qui peuvent aggraver leurs sympt\u00f4mes.<\/li>\n\n\n\n<li class=\"has-custom-color-5-color has-text-color has-link-color wp-elements-ca35303279b46ad090553d8ec8c8c890\"><mark style=\"background-color:rgba(0, 0, 0, 0);color:#070f79\" class=\"has-inline-color\"><strong><strong>Stimule la confiance en soi :<\/strong><\/strong>&nbsp;<\/mark>Une participation r\u00e9ussie \u00e0 un exercice physique renforce l'efficacit\u00e9 personnelle et diminue la peur du mouvement.<\/li>\n<\/ul>\n\n\n\n<h2 class=\"wp-block-heading has-medium-font-size\">Types d'exercices recommand\u00e9s <\/h2>\n\n\n\n<p class=\"has-custom-color-5-color has-text-color has-link-color wp-elements-d60535c069f5c970e467486ad0948183\">Le choix des exercices doit \u00eatre personnalis\u00e9 en fonction des sympt\u00f4mes et des capacit\u00e9s de l'individu. Les types d'exercices couramment recommand\u00e9s sont les suivants<\/p>\n\n\n\n<ul class=\"wp-block-list\">\n<li class=\"has-custom-color-5-color has-text-color has-link-color wp-elements-c59ed8f4753ce43410d724a177e09679\"><mark style=\"background-color:rgba(0, 0, 0, 0);color:#070f79\" class=\"has-inline-color\"><strong>Gentle Aerobic Exercise: <\/strong><\/mark>Les activit\u00e9s telles que la marche, la natation ou le cyclisme am\u00e9liorent la sant\u00e9 cardiovasculaire tout en \u00e9vitant les efforts excessifs.<\/li>\n\n\n\n<li class=\"has-custom-color-5-color has-text-color has-link-color wp-elements-c5b69e189c941ecc539760a2cc1fbb54\"><mark style=\"background-color:rgba(0, 0, 0, 0);color:#070f79\" class=\"has-inline-color\"><strong>Mouvement guid\u00e9 par la physioth\u00e9rapie :&nbsp;<\/strong><\/mark>Une physioth\u00e9rapie experte favorise le r\u00e9tablissement des sch\u00e9mas de mouvement naturels et soulage efficacement les sympt\u00f4mes.<\/li>\n\n\n\n<li class=\"has-custom-color-5-color has-text-color has-link-color wp-elements-93b4b838d8dc7517129008f2abebe308\"><strong><mark style=\"background-color:rgba(0, 0, 0, 0);color:#070f79\" class=\"has-inline-color\">Exercices d'\u00e9quilibre et de coordination :<\/mark><\/strong>&nbsp;Ces exercices am\u00e9liorent le contr\u00f4le de la marche et renforcent consid\u00e9rablement la stabilit\u00e9 g\u00e9n\u00e9rale.<\/li>\n\n\n\n<li class=\"has-custom-color-5-color has-text-color has-link-color wp-elements-7c94f9ef1e4f08986219c49e75d3611f\"><strong><mark style=\"background-color:rgba(0, 0, 0, 0);color:#070f79\" class=\"has-inline-color\">Exercices corps-esprit :<\/mark><\/strong>&nbsp;Des pratiques telles que le yoga, le tai-chi et le pilates am\u00e9liorent la conscience du corps tout en r\u00e9duisant efficacement le stress.<\/li>\n<\/ul>\n\n\n\n<h2 class=\"wp-block-heading has-medium-font-size\">Conseils pour faire de l'exercice avec la TNF<\/h2>\n\n\n\n<ul class=\"wp-block-list\">\n<li class=\"has-custom-color-5-color has-text-color has-link-color wp-elements-f79f814385ee36f449ef01bcf6b4572a\"><mark style=\"background-color:rgba(0, 0, 0, 0);color:#070f79\" class=\"has-inline-color\"><strong>Commencez lentement :<\/strong>&nbsp;<\/mark>Commencez par des activit\u00e9s douces et peu intenses, puis augmentez progressivement l'intensit\u00e9 au fur et \u00e0 mesure que votre confort et votre endurance s'am\u00e9liorent.<\/li>\n\n\n\n<li class=\"has-custom-color-5-color has-text-color has-link-color wp-elements-d1f1b95d88b0f993416a9ba477ee3958\"><strong><mark style=\"background-color:rgba(0, 0, 0, 0);color:#070f79\" class=\"has-inline-color\">Consistency is Key:<\/mark><\/strong>&nbsp;Des s\u00e9ances fr\u00e9quentes et br\u00e8ves donnent de meilleurs r\u00e9sultats que des entra\u00eenements sporadiques et intenses.<\/li>\n\n\n\n<li class=\"has-custom-color-5-color has-text-color has-link-color wp-elements-00481fc2600add5c50664399accb35a5\"><strong><mark style=\"background-color:rgba(0, 0, 0, 0);color:#070f79\" class=\"has-inline-color\">\u00c9coutez votre corps :<\/mark><\/strong>&nbsp;N'ignorez jamais une douleur intense ou une fatigue extr\u00eame - faites une pause et reposez-vous.<\/li>\n\n\n\n<li class=\"has-custom-color-5-color has-text-color has-link-color wp-elements-ffcfac8d8582d029e9a8ece8eebc94d4\"><mark style=\"background-color:rgba(0, 0, 0, 0);color:#070f79\" class=\"has-inline-color\"><strong>Travailler avec des professionnels :<\/strong>&nbsp;<\/mark>Un physioth\u00e9rapeute sp\u00e9cialis\u00e9 dans la TNF peut concevoir des programmes d'exercices s\u00fbrs et efficaces adapt\u00e9s \u00e0 vos besoins.<\/li>\n\n\n\n<li class=\"has-custom-color-5-color has-text-color has-link-color wp-elements-01d04a5ccbf8f63e7a9283160bfe026b\"><strong><mark style=\"background-color:rgba(0, 0, 0, 0);color:#070f79\" class=\"has-inline-color\">Incorporez des techniques de relaxation :<\/mark><\/strong>&nbsp;L'int\u00e9gration de l'exercice \u00e0 des exercices de respiration ou \u00e0 des pratiques de pleine conscience peut soulager efficacement les sympt\u00f4mes.<\/li>\n<\/ul>\n\n\n\n<p class=\"has-custom-color-5-color has-text-color has-link-color wp-elements-a92e43e9c0a51c64633a35a0d72cd0b7\">En savoir plus sur l'importance de la <strong><mark style=\"background-color:rgba(0, 0, 0, 0);color:#070f79\" class=\"has-inline-color\"><a href=\"https:\/\/fnd-stronger-together.blog\/fr\/balance\/\" title=\"Pourquoi l&#039;\u00e9quilibre est-il important dans la TNF ?\">\u00c9quilibre et rythme<\/a><\/mark><\/strong> in exercise.<\/p>\n\n\n\n<h2 class=\"wp-block-heading has-medium-font-size\">Vaincre les challengers<\/h2>\n\n\n\n<p class=\"has-custom-color-5-color has-text-color has-link-color wp-elements-fe0d8fa803edfb516cbe3f087f8acbbc\">De nombreuses personnes atteintes de troubles neurologiques fonctionnels (TNF) craignent que l'exercice ou l'activit\u00e9 physique n'aggrave leurs sympt\u00f4mes. Cependant, la plupart d'entre elles constatent qu'une augmentation progressive de l'activit\u00e9, avec un soutien appropri\u00e9, peut en fait contribuer \u00e0 am\u00e9liorer leurs sympt\u00f4mes au fil du temps. Il est important de traiter \u00e0 la fois les aspects physiques et mentaux des troubles neurologiques fonctionnels. Une approche compl\u00e8te combinant th\u00e9rapie physique, soutien psychologique et aide sociale est essentielle pour g\u00e9rer la maladie et am\u00e9liorer la qualit\u00e9 de vie.<\/p>\n\n\n\n<h2 class=\"wp-block-heading has-medium-font-size\">Conclusion<\/h2>\n\n\n\n<p class=\"has-custom-color-5-color has-text-color has-link-color wp-elements-e9364b1db89d89c21dde89f4a50ff07d\">L'exercice est un moyen efficace et utile de g\u00e9rer les sympt\u00f4mes des troubles neurologiques fonctionnels. Lorsqu'il est pratiqu\u00e9 avec soin et avec l'aide de professionnels de sant\u00e9 qualifi\u00e9s, l'exercice peut contribuer \u00e0 restaurer la fonction, \u00e0 r\u00e9duire les sympt\u00f4mes et \u00e0 am\u00e9liorer la qualit\u00e9 de vie. Si vous ou l'un de vos proches souffrez de troubles neurologiques fonctionnels, il est bon d'ajouter un programme d'exercices personnalis\u00e9 \u00e0 votre r\u00e9tablissement et de discuter avec votre \u00e9quipe de soins de sant\u00e9 des exercices les plus s\u00fbrs et les plus adapt\u00e9s \u00e0 votre cas.<\/p>\n\n\n\n<p class=\"has-primary-color has-text-color has-link-color wp-elements-8e30a307b852c3154689d11acba367b7\"><em><mark style=\"background-color:#f3c8cf;color:#0b0449\" class=\"has-inline-color\"><strong>Consultez votre m\u00e9decin avant de commencer un nouvel exercice, surtout si vous souffrez d'une maladie neurologique comme la TNF.<\/strong><\/mark><\/em><\/p>\n\n\n\n<h2 class=\"wp-block-heading has-custom-color-3-color has-text-color has-link-color has-medium-font-size wp-elements-c3ccdf143791551205c38a5a8d50fcf1\" style=\"margin-top:var(--wp--preset--spacing--20);margin-bottom:var(--wp--preset--spacing--20)\">Vous souhaitez donc explorer les autres techniques du TNF ?<\/h2>\n\n\n\n<ul style=\"margin-top:var(--wp--preset--spacing--20);margin-bottom:var(--wp--preset--spacing--20)\" class=\"wp-block-list\">\n<li class=\"has-custom-color-5-color has-text-color has-link-color wp-elements-e20c885cca0bddd51ddf52c43f7bfe04\" style=\"margin-top:0;margin-bottom:0\"><a href=\"https:\/\/fnd-stronger-together.blog\/fr\/balance\/\" title=\"Pourquoi l&#039;\u00e9quilibre est-il important dans la TNF ?\">\u00c9quilibre et rythme<\/a><\/li>\n\n\n\n<li class=\"has-custom-color-5-color has-text-color has-link-color wp-elements-158f87896a9efefb1f024504c7628397\" style=\"margin-top:0;margin-bottom:0\">Prise en charge de la douleur<\/li>\n\n\n\n<li class=\"has-custom-color-5-color has-text-color has-link-color wp-elements-0bdcb5444d61ee3ed735c06e63e6a1c6\" style=\"margin-top:0;margin-bottom:0\">La pleine conscience<\/li>\n\n\n\n<li class=\"has-custom-color-5-color has-text-color has-link-color wp-elements-9d9e0cc85d499f574cf2b179a0d16d0f\" style=\"margin-top:0;margin-bottom:0\">La nutrition<\/li>\n\n\n\n<li class=\"has-custom-color-5-color has-text-color has-link-color wp-elements-28249d5fc1f9f4323e6cb14deaa19e30\" style=\"margin-top:0;margin-bottom:0\">Sommeil<\/li>\n\n\n\n<li class=\"has-custom-color-5-color has-text-color has-link-color wp-elements-621a971fbab9e7bdf1d4db2a4e7519ab\" style=\"margin-top:0;margin-bottom:0\">D\u00e9tente<\/li>\n\n\n\n<li class=\"has-custom-color-5-color has-text-color has-link-color wp-elements-210b113c3b290a5a2cdf746d47389640\" style=\"margin-top:0;margin-bottom:0\">Techniques de mise \u00e0 la terre<\/li>\n<\/ul>","protected":false},"excerpt":{"rendered":"<p>Moving Forward: The Role of Exercise in Managing FND Living with Functional Neurological Disorder (FND) often brings a unique set [&hellip;]<\/p>\n","protected":false},"author":1,"featured_media":0,"parent":0,"menu_order":0,"comment_status":"closed","ping_status":"closed","template":"no-title","meta":{"_acf_changed":false,"om_disable_all_campaigns":false,"_uag_custom_page_level_css":"","_monsterinsights_skip_tracking":false,"_monsterinsights_sitenote_active":false,"_monsterinsights_sitenote_note":"","_monsterinsights_sitenote_category":0,"_uf_show_specific_survey":0,"_uf_disable_surveys":false,"site-sidebar-layout":"default","site-content-layout":"","ast-site-content-layout":"default","site-content-style":"default","site-sidebar-style":"default","ast-global-header-display":"","ast-banner-title-visibility":"","ast-main-header-display":"","ast-hfb-above-header-display":"","ast-hfb-below-header-display":"","ast-hfb-mobile-header-display":"","site-post-title":"","ast-breadcrumbs-content":"","ast-featured-img":"","footer-sml-layout":"","ast-disable-related-posts":"","theme-transparent-header-meta":"","adv-header-id-meta":"","stick-header-meta":"","header-above-stick-meta":"","header-main-stick-meta":"","header-below-stick-meta":"","astra-migrate-meta-layouts":"default","ast-page-background-enabled":"default","ast-page-background-meta":{"desktop":{"background-color":"var(--ast-global-color-4)","background-image":"","background-repeat":"repeat","background-position":"center center","background-size":"auto","background-attachment":"scroll","background-type":"","background-media":"","overlay-type":"","overlay-color":"","overlay-opacity":"","overlay-gradient":""},"tablet":{"background-color":"","background-image":"","background-repeat":"repeat","background-position":"center center","background-size":"auto","background-attachment":"scroll","background-type":"","background-media":"","overlay-type":"","overlay-color":"","overlay-opacity":"","overlay-gradient":""},"mobile":{"background-color":"","background-image":"","background-repeat":"repeat","background-position":"center center","background-size":"auto","background-attachment":"scroll","background-type":"","background-media":"","overlay-type":"","overlay-color":"","overlay-opacity":"","overlay-gradient":""}},"ast-content-background-meta":{"desktop":{"background-color":"var(--ast-global-color-5)","background-image":"","background-repeat":"repeat","background-position":"center center","background-size":"auto","background-attachment":"scroll","background-type":"","background-media":"","overlay-type":"","overlay-color":"","overlay-opacity":"","overlay-gradient":""},"tablet":{"background-color":"var(--ast-global-color-5)","background-image":"","background-repeat":"repeat","background-position":"center center","background-size":"auto","background-attachment":"scroll","background-type":"","background-media":"","overlay-type":"","overlay-color":"","overlay-opacity":"","overlay-gradient":""},"mobile":{"background-color":"var(--ast-global-color-5)","background-image":"","background-repeat":"repeat","background-position":"center center","background-size":"auto","background-attachment":"scroll","background-type":"","background-media":"","overlay-type":"","overlay-color":"","overlay-opacity":"","overlay-gradient":""}},"_wp_convertkit_post_meta":{"form":"-1","landing_page":"0","tag":"0","restrict_content":"0"},"footnotes":""},"class_list":["post-525","page","type-page","status-publish","hentry"],"acf":[],"aioseo_notices":[],"uagb_featured_image_src":{"full":false,"thumbnail":false,"medium":false,"medium_large":false,"large":false,"1536x1536":false,"2048x2048":false,"trp-custom-language-flag":false},"uagb_author_info":{"display_name":"FND-Stronger-Together","author_link":"https:\/\/fnd-stronger-together.blog\/fr\/author\/97mej\/"},"uagb_comment_info":0,"uagb_excerpt":"Moving Forward: The Role of Exercise in Managing FND Living with Functional Neurological Disorder (FND) often brings a unique set [&hellip;]","_links":{"self":[{"href":"https:\/\/fnd-stronger-together.blog\/fr\/wp-json\/wp\/v2\/pages\/525","targetHints":{"allow":["GET"]}}],"collection":[{"href":"https:\/\/fnd-stronger-together.blog\/fr\/wp-json\/wp\/v2\/pages"}],"about":[{"href":"https:\/\/fnd-stronger-together.blog\/fr\/wp-json\/wp\/v2\/types\/page"}],"author":[{"embeddable":true,"href":"https:\/\/fnd-stronger-together.blog\/fr\/wp-json\/wp\/v2\/users\/1"}],"replies":[{"embeddable":true,"href":"https:\/\/fnd-stronger-together.blog\/fr\/wp-json\/wp\/v2\/comments?post=525"}],"version-history":[{"count":17,"href":"https:\/\/fnd-stronger-together.blog\/fr\/wp-json\/wp\/v2\/pages\/525\/revisions"}],"predecessor-version":[{"id":694,"href":"https:\/\/fnd-stronger-together.blog\/fr\/wp-json\/wp\/v2\/pages\/525\/revisions\/694"}],"wp:attachment":[{"href":"https:\/\/fnd-stronger-together.blog\/fr\/wp-json\/wp\/v2\/media?parent=525"}],"curies":[{"name":"wp","href":"https:\/\/api.w.org\/{rel}","templated":true}]}}