{"id":533,"date":"2025-05-29T13:52:43","date_gmt":"2025-05-29T13:52:43","guid":{"rendered":"https:\/\/fnd-stronger-together.blog\/?page_id=533"},"modified":"2025-05-30T15:57:01","modified_gmt":"2025-05-30T15:57:01","slug":"nutrition","status":"publish","type":"page","link":"https:\/\/fnd-stronger-together.blog\/fr\/nutrition\/","title":{"rendered":"Why Nutrition is Important for managing FND"},"content":{"rendered":"<div class=\"inherit-container-width wp-block-group alignfull has-tertiary-background-color has-background is-layout-constrained wp-container-core-group-is-layout-69e97b25 wp-block-group-is-layout-constrained\" style=\"margin-top:0;margin-bottom:0;padding-top:var(--wp--preset--spacing--30);padding-right:var(--wp--preset--spacing--30);padding-bottom:var(--wp--preset--spacing--30);padding-left:var(--wp--preset--spacing--30)\">\n<div class=\"wp-block-cover is-light\" style=\"padding-top:0;padding-bottom:0\"><img fetchpriority=\"high\" decoding=\"async\" width=\"1024\" height=\"713\" class=\"wp-block-cover__image-background wp-image-505\" alt=\"A vibrant breakfast flat lay featuring a mix of fruits, avocado, eggs, tomatoes, and sliced meats on a wooden platter.\" src=\"https:\/\/fnd-stronger-together.blog\/wp-content\/uploads\/2025\/05\/pexels-photo-936611-936611-1024x713.jpg\" data-object-fit=\"cover\" srcset=\"https:\/\/fnd-stronger-together.blog\/wp-content\/uploads\/2025\/05\/pexels-photo-936611-936611-1024x713.jpg 1024w, https:\/\/fnd-stronger-together.blog\/wp-content\/uploads\/2025\/05\/pexels-photo-936611-936611-600x418.jpg 600w, https:\/\/fnd-stronger-together.blog\/wp-content\/uploads\/2025\/05\/pexels-photo-936611-936611-300x209.jpg 300w, https:\/\/fnd-stronger-together.blog\/wp-content\/uploads\/2025\/05\/pexels-photo-936611-936611-768x535.jpg 768w, https:\/\/fnd-stronger-together.blog\/wp-content\/uploads\/2025\/05\/pexels-photo-936611-936611-1536x1070.jpg 1536w, https:\/\/fnd-stronger-together.blog\/wp-content\/uploads\/2025\/05\/pexels-photo-936611-936611-18x12.jpg 18w, https:\/\/fnd-stronger-together.blog\/wp-content\/uploads\/2025\/05\/pexels-photo-936611-936611.jpg 1838w\" sizes=\"(max-width: 1024px) 100vw, 1024px\" \/><span aria-hidden=\"true\" class=\"wp-block-cover__background has-background-dim-20 has-background-dim\"><\/span><div class=\"wp-block-cover__inner-container is-layout-flow wp-block-cover-is-layout-flow\">\n<h1 class=\"wp-block-heading has-text-align-center has-custom-color-5-color has-text-color has-link-color has-large-font-size wp-elements-e4dd2dd4980a26660eb3cea3b0aa0b5f\">La nutrition<\/h1>\n<\/div><\/div>\n\n\n\n<h2 class=\"wp-block-heading\"><strong>Fueling Your Journey: The Role of Nutrition in Managing FND<\/strong><\/h2>\n\n\n\n<p>Living with Functional Neurological Disorder (FND) means navigating a complex landscape of symptoms that can affect almost every part of your body. From debilitating fatigue and cognitive fog to motor symptoms and chronic pain, the challenges are immense. What might not be immediately obvious, however, is the significant, albeit supportive, role that <strong>La nutrition<\/strong> can play in helping to manage these symptoms and improve overall well-being.<\/p>\n\n\n\n<p>It&#8217;s crucial to state upfront: <strong>there is no specific &#8220;FND diet&#8221; that will cure the condition.<\/strong> FND is a neurological disorder, and dietary changes are not a primary treatment. However, just as with many chronic conditions, what you eat can profoundly impact your energy levels, inflammation, gut health, mood, and even how well your body functions. For someone with FND, optimizing these areas can make a meaningful difference in symptom severity and quality of life.<\/p>\n\n\n\n<p><strong>Why Focus on Nutrition with FND?<\/strong><\/p>\n\n\n\n<p>While FND itself isn&#8217;t caused by diet, its common comorbidities and symptoms can be significantly influenced by what&#8217;s on your plate:<\/p>\n\n\n\n<ol class=\"wp-block-list\">\n<li><strong>The Gut-Brain Axis:<\/strong> There&#8217;s a strong, bidirectional communication pathway between your gut and your brain. Many individuals with FND report gastrointestinal issues like IBS (Irritable Bowel Syndrome), bloating, or discomfort. A healthy gut microbiome can influence mood, inflammation, and even neurological function. Nurturing your gut health can indirectly support your nervous system.<\/li>\n\n\n\n<li><strong>Inflammation Management:<\/strong> While FND is not primarily an inflammatory disorder, chronic inflammation can exacerbate pain, fatigue, and brain fog. An anti-inflammatory diet can help reduce systemic inflammation, potentially alleviating some associated symptoms.<\/li>\n\n\n\n<li><strong>Energy Levels and Fatigue:<\/strong> Profound fatigue is a hallmark symptom for many with FND. Consistent, nutrient-dense meals can help stabilize blood sugar, provide sustained energy, and prevent the crashes that can worsen fatigue.<\/li>\n\n\n\n<li><strong>Mood and Mental Health:<\/strong> Diet plays a critical role in brain health and neurotransmitter production. Since anxiety, depression, and stress are common in FND, a diet rich in mood-supporting nutrients can be a valuable tool.<\/li>\n\n\n\n<li><strong>Supporting Nervous System Health:<\/strong> Certain vitamins, minerals, and fatty acids are essential for optimal nervous system function. Ensuring adequate intake of these nutrients can provide the building blocks your brain and nerves need.<\/li>\n\n\n\n<li><strong>Medication Support:<\/strong> Some medications prescribed for FND or co-occurring conditions might affect nutrient absorption or require specific dietary considerations.<\/li>\n<\/ol>\n\n\n\n<p><strong>General Nutritional Principles to Consider for FND:<\/strong><\/p>\n\n\n\n<p>While individual needs vary, these principles form a solid foundation:<\/p>\n\n\n\n<ul class=\"wp-block-list\">\n<li><strong>Focus on Whole, Unprocessed Foods:<\/strong> Prioritize fruits, vegetables, lean proteins, whole grains, nuts, and seeds. These provide a wide array of vitamins, minerals, fiber, and antioxidants.<\/li>\n\n\n\n<li><strong>Embrace an Anti-Inflammatory Approach:<\/strong><\/li>\n<\/ul>\n\n\n\n<ul class=\"wp-block-list\">\n<li><strong>Increase Omega-3 Fatty Acids:<\/strong> Found in fatty fish (salmon, mackerel, sardines), flaxseeds, chia seeds, and walnuts. These are powerful anti-inflammatory agents.<\/li>\n\n\n\n<li><strong>Load Up on Antioxidants:<\/strong> Berries, leafy greens, colorful vegetables, and green tea are packed with compounds that protect cells from damage.<\/li>\n\n\n\n<li><strong>Limit Processed Foods, Sugars, and Unhealthy Fats:<\/strong> These are notorious for promoting inflammation.<\/li>\n\n\n\n<li><strong>Nurture Your Gut Health:<\/strong><\/li>\n<\/ul>\n\n\n\n<ul class=\"wp-block-list\">\n<li><strong>Consume Probiotic-Rich Foods:<\/strong> Fermented foods like yogurt, kefir, sauerkraut, and kimchi introduce beneficial bacteria to your gut.<\/li>\n\n\n\n<li><strong>Eat Prebiotic Fibers:<\/strong> Found in garlic, onions, asparagus, bananas, and whole grains, these fibers feed the good bacteria in your gut.<\/li>\n\n\n\n<li><strong>Stay Hydrated:<\/strong> Drink plenty of water throughout the day to support digestion and overall bodily functions.<\/li>\n<\/ul>\n\n\n\n<ul class=\"wp-block-list\">\n<li><strong>Stable Blood Sugar is Key:<\/strong> Opt for complex carbohydrates (whole grains, legumes, vegetables) over refined sugars and starches to avoid energy spikes and crashes. Pair carbohydrates with protein and healthy fats to slow down digestion and maintain steady blood sugar.<\/li>\n\n\n\n<li><strong>Adequate Protein Intake:<\/strong> Protein is essential for muscle maintenance, energy, and neurotransmitter synthesis. Include lean protein sources at every meal.<\/li>\n\n\n\n<li><strong>Consider Nutrient Deficiencies:<\/strong> Given fatigue and potential gut issues, some FND patients might have deficiencies in Vitamin D, B vitamins, or magnesium. Discuss testing and supplementation with your doctor.<\/li>\n<\/ul>\n\n\n\n<p><strong>Important Considerations and Next Steps:<\/strong><\/p>\n\n\n\n<ul class=\"wp-block-list\">\n<li><strong>Individualized Approach:<\/strong> What works for one person with FND might not work for another. Pay attention to how different foods make you feel. Keeping a food and symptom diary can be very insightful.<\/li>\n\n\n\n<li><strong>Avoid Restrictive Diets Without Guidance:<\/strong> While some people find benefit from specific diets (e.g., gluten-free, dairy-free), do not embark on highly restrictive diets without professional guidance. This can lead to nutrient deficiencies and unnecessary stress.<\/li>\n\n\n\n<li><strong>Consult Professionals:<\/strong> The most crucial step is to <strong>work with your FND healthcare team<\/strong> (neurologist, GP, physical therapist) and consider consulting a <strong>Registered Dietitian (RD)<\/strong> experienced in chronic conditions or neurological disorders. They can provide personalized advice, address potential sensitivities, and ensure your diet supports your overall health without compromising essential nutrients.<\/li>\n<\/ul>\n\n\n\n<p>While nutrition won&#8217;t &#8220;cure&#8221; FND, it is a powerful tool you can leverage to support your body&#8217;s systems, manage associated symptoms, and enhance your overall well-being. By making informed, positive dietary choices, you can better fuel your journey towards improved health and function.<\/p>\n\n\n\n<h2 class=\"wp-block-heading has-medium-font-size\" style=\"margin-top:var(--wp--preset--spacing--20);margin-bottom:var(--wp--preset--spacing--20)\">Gestion de la nutrition dans les troubles neurologiques fonctionnels (TNF)<\/h2>\n\n\n\n<p class=\"has-custom-color-5-color has-text-color has-link-color wp-elements-b85c111738ab9a7876d134e5e16f4285\" style=\"margin-top:0;margin-bottom:0\">Bien que la cause pr\u00e9cise des troubles neurologiques fonctionnels (TNF) reste inconnue, la prise en charge des facteurs li\u00e9s au mode de vie, tels que la nutrition, joue un r\u00f4le essentiel dans la r\u00e9duction des sympt\u00f4mes et l'am\u00e9lioration de la qualit\u00e9 de vie en g\u00e9n\u00e9ral.<\/p>\n\n\n\n<h2 class=\"wp-block-heading has-medium-font-size\" style=\"margin-top:var(--wp--preset--spacing--20);margin-bottom:var(--wp--preset--spacing--20)\">Comprendre le r\u00f4le de la nutrition dans la TNF<\/h2>\n\n\n\n<p class=\"has-custom-color-5-color has-text-color has-link-color wp-elements-af050ae6d4bcd58276891ee2bb04e8c4\" style=\"margin-top:var(--wp--preset--spacing--20);margin-bottom:var(--wp--preset--spacing--20)\">L'alimentation influence les fonctions c\u00e9r\u00e9brales, les niveaux d'\u00e9nergie et la sant\u00e9 en g\u00e9n\u00e9ral, autant de facteurs essentiels \u00e0 la prise en charge des maladies neurologiques. Bien qu'aucun r\u00e9gime alimentaire sp\u00e9cifique ne gu\u00e9risse la TNF, l'adoption d'une approche \u00e9quilibr\u00e9e et r\u00e9fl\u00e9chie de l'alimentation peut favoriser le bien-\u00eatre neurologique, r\u00e9duire l'inflammation et aider \u00e0 r\u00e9guler l'humeur et l'\u00e9nergie.<\/p>\n\n\n\n<h2 class=\"wp-block-heading has-medium-font-size\" style=\"margin-top:var(--wp--preset--spacing--20);margin-bottom:var(--wp--preset--spacing--20)\">Strat\u00e9gies nutritionnelles cl\u00e9s pour la gestion de la TNF<\/h2>\n\n\n\n<h3 class=\"wp-block-heading has-medium-font-size\" style=\"margin-top:var(--wp--preset--spacing--20);margin-bottom:var(--wp--preset--spacing--20)\">1. Une alimentation \u00e9quilibr\u00e9e riche en aliments complets<\/h3>\n\n\n\n<p class=\"has-custom-color-5-color has-text-color has-link-color wp-elements-1e7a02c6e444715b5677117212681ef3\" style=\"margin-top:var(--wp--preset--spacing--20);margin-bottom:var(--wp--preset--spacing--20)\">Privil\u00e9giez une alimentation riche en l\u00e9gumes, en fruits, en c\u00e9r\u00e9ales compl\u00e8tes, en prot\u00e9ines maigres et en graisses saines. Ces aliments riches en nutriments fournissent des vitamines vitales, des min\u00e9raux et des antioxydants qui am\u00e9liorent les fonctions c\u00e9r\u00e9brales et combattent le stress oxydatif.<\/p>\n\n\n\n<h3 class=\"wp-block-heading has-medium-font-size\" style=\"margin-top:var(--wp--preset--spacing--20);margin-bottom:var(--wp--preset--spacing--20)\">2. L'hydratation<\/h3>\n\n\n\n<p class=\"has-custom-color-5-color has-text-color has-link-color wp-elements-c90b06ad7cf37742fe191275d0d86cd2\" style=\"margin-top:var(--wp--preset--spacing--20);margin-bottom:var(--wp--preset--spacing--20)\">La d\u00e9shydratation peut intensifier les sympt\u00f4mes neurologiques tels que les vertiges et la fatigue. Veillez \u00e0 boire beaucoup d'eau tout au long de la journ\u00e9e, tout en r\u00e9duisant les boissons sucr\u00e9es et la consommation excessive de caf\u00e9ine.<\/p>\n\n\n\n<h3 class=\"wp-block-heading has-medium-font-size\" style=\"margin-top:0;margin-bottom:0\">3. Horaire r\u00e9gulier des repas<\/h3>\n\n\n\n<p class=\"has-custom-color-5-color has-text-color has-link-color wp-elements-a5e69947bdd5be77a560ed99ac49dc96\" style=\"margin-top:var(--wp--preset--spacing--20);margin-bottom:var(--wp--preset--spacing--20)\">Des repas r\u00e9guliers permettent de maintenir une glyc\u00e9mie stable, ce qui est important pour l'\u00e9nergie et l'humeur. \u00c9vitez les longs intervalles entre les repas pour \u00e9viter l'hypoglyc\u00e9mie, qui peut aggraver les sympt\u00f4mes.<\/p>\n\n\n\n<h3 class=\"wp-block-heading has-medium-font-size\" style=\"margin-top:var(--wp--preset--spacing--20);margin-bottom:var(--wp--preset--spacing--20)\">4. Limiter les aliments transform\u00e9s et le sucre<\/h3>\n\n\n\n<p class=\"has-custom-color-5-color has-text-color has-link-color wp-elements-08a08c91f94f763abb8a32ec44bd9e11\" style=\"margin-top:var(--wp--preset--spacing--20);margin-bottom:var(--wp--preset--spacing--20)\">La consommation d'aliments hautement transform\u00e9s et d'un exc\u00e8s de sucre peut d\u00e9clencher une inflammation et nuire aux niveaux d'\u00e9nergie et \u00e0 l'humeur. Une r\u00e9duction de leur consommation peut am\u00e9liorer la sant\u00e9 neurologique globale.<\/p>\n\n\n\n<h3 class=\"wp-block-heading has-medium-font-size\" style=\"margin-top:0;margin-bottom:0\">5. Envisager des aliments anti-inflammatoires<\/h3>\n\n\n\n<p class=\"has-custom-color-5-color has-text-color has-link-color wp-elements-7b9d2fd57dd711cd5ad31a3cab3a2716\" style=\"margin-top:var(--wp--preset--spacing--20);margin-bottom:var(--wp--preset--spacing--20)\">Incluez des aliments aux vertus anti-inflammatoires comme les poissons gras riches en om\u00e9ga-3, le curcuma, les baies, les noix et les l\u00e9gumes verts feuillus. Une inflammation persistante de faible intensit\u00e9 peut contribuer \u00e0 l'apparition de sympt\u00f4mes neurologiques.<\/p>\n\n\n\n<h3 class=\"wp-block-heading has-medium-font-size\" style=\"margin-top:0;margin-bottom:0\">6. Rem\u00e9dier aux carences sp\u00e9cifiques en nutriments<\/h3>\n\n\n\n<p class=\"has-custom-color-5-color has-text-color has-link-color wp-elements-1bb52ec33d150f9b249cd94b9a8b86bc\" style=\"margin-top:var(--wp--preset--spacing--20);margin-bottom:var(--wp--preset--spacing--20)\">Une carence en nutriments tels que la vitamine B12, la vitamine D, le magn\u00e9sium et le folate peut affecter la sant\u00e9 du cerveau. Consultez un m\u00e9decin pour passer des tests et savoir si vous avez besoin de suppl\u00e9ments.<\/p>\n\n\n\n<h3 class=\"wp-block-heading has-medium-font-size\" style=\"margin-top:var(--wp--preset--spacing--20);margin-bottom:var(--wp--preset--spacing--20)\">7. L'alimentation consciente et la sant\u00e9 intestinale<\/h3>\n\n\n\n<p class=\"has-custom-color-5-color has-text-color has-link-color wp-elements-a017866cfb7a7eeac7583ed8ca524d20\" style=\"margin-top:var(--wp--preset--spacing--20);margin-bottom:var(--wp--preset--spacing--20)\">L'axe intestin-cerveau est un th\u00e8me \u00e9mergent dans la recherche sur la sant\u00e9 neurologique. La pratique de l'alimentation consciente et l'incorporation de probiotiques ou d'aliments ferment\u00e9s peuvent favoriser la sant\u00e9 intestinale, ce qui peut avoir une influence positive sur les fonctions c\u00e9r\u00e9brales.<\/p>\n\n\n\n<h2 class=\"wp-block-heading has-medium-font-size\" style=\"margin-top:var(--wp--preset--spacing--20);margin-bottom:var(--wp--preset--spacing--20)\">Quelques conseils pratiques pour la mise en \u0153uvre<\/h2>\n\n\n\n<ul style=\"margin-top:0;margin-bottom:0\" class=\"wp-block-list\">\n<li class=\"has-custom-color-5-color has-text-color has-link-color wp-elements-af88983e418c7ba77d8e1b9dd569c304\" style=\"margin-top:0;margin-bottom:0\">Planifiez vos repas \u00e0 l'avance pour garantir un apport \u00e9quilibr\u00e9 en nutriments.<\/li>\n\n\n\n<li class=\"has-custom-color-5-color has-text-color has-link-color wp-elements-bce7e80b621594e63ac7635e034b176d\" style=\"margin-top:0;margin-bottom:0\">Gardez des en-cas sains \u00e0 port\u00e9e de main pour \u00e9viter les chutes de glyc\u00e9mie.<\/li>\n\n\n\n<li class=\"has-custom-color-5-color has-text-color has-link-color wp-elements-0621741e22d9c19ae1e7e473cf46eda2\" style=\"margin-top:0;margin-bottom:0\">Hydratez-vous en ayant toujours une bouteille d'eau sur vous.<\/li>\n\n\n\n<li class=\"has-custom-color-5-color has-text-color has-link-color wp-elements-71393df69bd4922894e0ea37d6ac1ab2\" style=\"margin-top:0;margin-bottom:0\">Consultez un di\u00e9t\u00e9ticien exp\u00e9riment\u00e9 dans la prise en charge des troubles neurologiques.<\/li>\n\n\n\n<li class=\"has-custom-color-5-color has-text-color has-link-color wp-elements-65c7cff1c03bf98c834a3226d8983f2b\" style=\"margin-top:0;margin-bottom:0\">Tenir un journal d\u00e9taill\u00e9 des aliments et des sympt\u00f4mes pour aider \u00e0 identifier les d\u00e9clencheurs alimentaires potentiels.<\/li>\n<\/ul>\n\n\n\n<h2 class=\"wp-block-heading has-medium-font-size\" style=\"margin-top:var(--wp--preset--spacing--20);margin-bottom:var(--wp--preset--spacing--20)\">Conclusion<\/h2>\n<\/div>\n\n\n\n<p class=\"has-custom-color-5-color has-text-color has-link-color wp-elements-90bb0f172b6230b4c1a936c83f0e06d4\" style=\"margin-top:0;margin-bottom:0\">La nutrition ne peut pas gu\u00e9rir les troubles neurologiques fonctionnels, mais elle contribue \u00e0 la sant\u00e9 du cerveau, \u00e0 la r\u00e9duction des sympt\u00f4mes et \u00e0 l'am\u00e9lioration de la qualit\u00e9 de vie. Un r\u00e9gime alimentaire \u00e9quilibr\u00e9 et personnalis\u00e9, associ\u00e9 \u00e0 d'autres traitements, offre les meilleures chances de bien g\u00e9rer les troubles neurologiques fonctionnels. Consultez toujours un professionnel de la sant\u00e9 avant de modifier votre r\u00e9gime alimentaire ou de prendre des compl\u00e9ments alimentaires.<\/p>\n\n\n\n<h2 class=\"wp-block-heading has-medium-font-size\">Vous souhaitez donc explorer les autres techniques du TNF ?<\/h2>\n\n\n\n<ul class=\"wp-block-list has-custom-color-5-color has-text-color has-link-color wp-elements-492aa8fe266493ab82b679474a189d35\">\n<li><a href=\"https:\/\/fnd-stronger-together.blog\/fr\/balance\/\">\u00c9quilibre et rythme<\/a><\/li>\n\n\n\n<li><a href=\"https:\/\/fnd-stronger-together.blog\/fr\/exercise\/\" title=\"Why exercise is important in FND\">Exercice<\/a><\/li>\n\n\n\n<li><a href=\"https:\/\/fnd-stronger-together.blog\/fr\/pain\/\" title=\"Why managing pain is important in FND\">Prise en charge de la douleur<\/a><\/li>\n\n\n\n<li><a href=\"https:\/\/fnd-stronger-together.blog\/fr\/mindfulness\/\" title=\"Why Mindfulness is useful in Managing FND\">La pleine conscience<\/a><\/li>\n\n\n\n<li>Sommeil<\/li>\n\n\n\n<li>D\u00e9tente<\/li>\n\n\n\n<li>Techniques de mise \u00e0 la terre<\/li>\n<\/ul>","protected":false},"excerpt":{"rendered":"<p>Fueling Your Journey: The Role of Nutrition in Managing FND Living with Functional Neurological Disorder (FND) means navigating a complex [&hellip;]<\/p>\n","protected":false},"author":1,"featured_media":0,"parent":0,"menu_order":0,"comment_status":"closed","ping_status":"closed","template":"no-title","meta":{"_acf_changed":false,"om_disable_all_campaigns":false,"_uag_custom_page_level_css":"","_monsterinsights_skip_tracking":false,"_monsterinsights_sitenote_active":false,"_monsterinsights_sitenote_note":"","_monsterinsights_sitenote_category":0,"_uf_show_specific_survey":0,"_uf_disable_surveys":false,"site-sidebar-layout":"default","site-content-layout":"","ast-site-content-layout":"default","site-content-style":"default","site-sidebar-style":"default","ast-global-header-display":"","ast-banner-title-visibility":"","ast-main-header-display":"","ast-hfb-above-header-display":"","ast-hfb-below-header-display":"","ast-hfb-mobile-header-display":"","site-post-title":"","ast-breadcrumbs-content":"","ast-featured-img":"","footer-sml-layout":"","ast-disable-related-posts":"","theme-transparent-header-meta":"","adv-header-id-meta":"","stick-header-meta":"","header-above-stick-meta":"","header-main-stick-meta":"","header-below-stick-meta":"","astra-migrate-meta-layouts":"default","ast-page-background-enabled":"default","ast-page-background-meta":{"desktop":{"background-color":"var(--ast-global-color-4)","background-image":"","background-repeat":"repeat","background-position":"center center","background-size":"auto","background-attachment":"scroll","background-type":"","background-media":"","overlay-type":"","overlay-color":"","overlay-opacity":"","overlay-gradient":""},"tablet":{"background-color":"","background-image":"","background-repeat":"repeat","background-position":"center center","background-size":"auto","background-attachment":"scroll","background-type":"","background-media":"","overlay-type":"","overlay-color":"","overlay-opacity":"","overlay-gradient":""},"mobile":{"background-color":"","background-image":"","background-repeat":"repeat","background-position":"center center","background-size":"auto","background-attachment":"scroll","background-type":"","background-media":"","overlay-type":"","overlay-color":"","overlay-opacity":"","overlay-gradient":""}},"ast-content-background-meta":{"desktop":{"background-color":"var(--ast-global-color-5)","background-image":"","background-repeat":"repeat","background-position":"center center","background-size":"auto","background-attachment":"scroll","background-type":"","background-media":"","overlay-type":"","overlay-color":"","overlay-opacity":"","overlay-gradient":""},"tablet":{"background-color":"var(--ast-global-color-5)","background-image":"","background-repeat":"repeat","background-position":"center center","background-size":"auto","background-attachment":"scroll","background-type":"","background-media":"","overlay-type":"","overlay-color":"","overlay-opacity":"","overlay-gradient":""},"mobile":{"background-color":"var(--ast-global-color-5)","background-image":"","background-repeat":"repeat","background-position":"center center","background-size":"auto","background-attachment":"scroll","background-type":"","background-media":"","overlay-type":"","overlay-color":"","overlay-opacity":"","overlay-gradient":""}},"_wp_convertkit_post_meta":{"form":"-1","landing_page":"0","tag":"0","restrict_content":"0"},"footnotes":""},"class_list":["post-533","page","type-page","status-publish","hentry"],"acf":[],"aioseo_notices":[],"uagb_featured_image_src":{"full":false,"thumbnail":false,"medium":false,"medium_large":false,"large":false,"1536x1536":false,"2048x2048":false,"trp-custom-language-flag":false},"uagb_author_info":{"display_name":"FND-Stronger-Together","author_link":"https:\/\/fnd-stronger-together.blog\/fr\/author\/97mej\/"},"uagb_comment_info":0,"uagb_excerpt":"Fueling Your Journey: The Role of Nutrition in Managing FND Living with Functional Neurological Disorder (FND) means navigating a complex [&hellip;]","_links":{"self":[{"href":"https:\/\/fnd-stronger-together.blog\/fr\/wp-json\/wp\/v2\/pages\/533","targetHints":{"allow":["GET"]}}],"collection":[{"href":"https:\/\/fnd-stronger-together.blog\/fr\/wp-json\/wp\/v2\/pages"}],"about":[{"href":"https:\/\/fnd-stronger-together.blog\/fr\/wp-json\/wp\/v2\/types\/page"}],"author":[{"embeddable":true,"href":"https:\/\/fnd-stronger-together.blog\/fr\/wp-json\/wp\/v2\/users\/1"}],"replies":[{"embeddable":true,"href":"https:\/\/fnd-stronger-together.blog\/fr\/wp-json\/wp\/v2\/comments?post=533"}],"version-history":[{"count":15,"href":"https:\/\/fnd-stronger-together.blog\/fr\/wp-json\/wp\/v2\/pages\/533\/revisions"}],"predecessor-version":[{"id":699,"href":"https:\/\/fnd-stronger-together.blog\/fr\/wp-json\/wp\/v2\/pages\/533\/revisions\/699"}],"wp:attachment":[{"href":"https:\/\/fnd-stronger-together.blog\/fr\/wp-json\/wp\/v2\/media?parent=533"}],"curies":[{"name":"wp","href":"https:\/\/api.w.org\/{rel}","templated":true}]}}