{"id":72,"date":"2025-05-15T14:15:11","date_gmt":"2025-05-15T14:15:11","guid":{"rendered":"https:\/\/fnd-stronger-together.blog\/?page_id=72"},"modified":"2025-06-14T15:48:45","modified_gmt":"2025-06-14T15:48:45","slug":"about-me","status":"publish","type":"page","link":"https:\/\/fnd-stronger-together.blog\/fr\/about-me\/","title":{"rendered":"D\u00e9couvrez qui je suis et pourquoi j'ai cr\u00e9\u00e9 ce blog."},"content":{"rendered":"<h2 class=\"wp-block-heading has-custom-color-3-color has-text-color has-link-color has-large-font-size wp-elements-d44d4869a4957b3ea4460950e3be21ba\"><em>Bonjour et bienvenue sur mon blog \u2018TNF Plus Forts Ensemble'<\/em><\/h2>\n\n\n\n<figure class=\"wp-block-image aligncenter size-large is-resized\"><img fetchpriority=\"high\" decoding=\"async\" width=\"768\" height=\"1024\" src=\"https:\/\/fnd-stronger-together.blog\/wp-content\/uploads\/2025\/05\/Rob110525-1-768x1024.jpeg\" alt=\"\" class=\"wp-image-75\" style=\"object-fit:cover;width:322px;height:322px\" srcset=\"https:\/\/fnd-stronger-together.blog\/wp-content\/uploads\/2025\/05\/Rob110525-1-768x1024.jpeg 768w, https:\/\/fnd-stronger-together.blog\/wp-content\/uploads\/2025\/05\/Rob110525-1-scaled-600x800.jpeg 600w, https:\/\/fnd-stronger-together.blog\/wp-content\/uploads\/2025\/05\/Rob110525-1-225x300.jpeg 225w, https:\/\/fnd-stronger-together.blog\/wp-content\/uploads\/2025\/05\/Rob110525-1-1152x1536.jpeg 1152w, https:\/\/fnd-stronger-together.blog\/wp-content\/uploads\/2025\/05\/Rob110525-1-1536x2048.jpeg 1536w, https:\/\/fnd-stronger-together.blog\/wp-content\/uploads\/2025\/05\/Rob110525-1-scaled.jpeg 1920w\" sizes=\"(max-width: 768px) 100vw, 768px\" \/><\/figure>\n\n\n\n<p class=\"has-custom-color-5-color has-text-color has-link-color wp-elements-af5393c762e5d10a489d3798777072c8\">Bonjour, je m'appelle Rob et j'ai pour mission d'aider les gens \u00e0 comprendre les troubles neurologiques fonctionnels (TNF) et leurs sympt\u00f4mes, et de leur apporter soutien et conseils.<\/p>\n\n\n\n<p>Vous venez de recevoir un diagnostic de TNF et vous ne savez pas o\u00f9 vous adresser pour obtenir de l'aide et des conseils ? <\/p>\n\n\n\n<p>Peut-\u00eatre avez-vous besoin d'espoir, car nous nous sentons parfois seuls face \u00e0 la TNF ? <\/p>\n\n\n\n<p>Ou peut-\u00eatre souhaitez-vous en savoir plus sur la mani\u00e8re de traiter la TNF ?<\/p>\n\n\n\n<p>Peut-\u00eatre souhaitez-vous conna\u00eetre les recherches actuelles sur la TNF ? <\/p>\n\n\n\n<p>Ou peut-\u00eatre \u00eates-vous int\u00e9ress\u00e9 par la fa\u00e7on dont je vis avec la TNF.<\/p>\n\n\n\n<h2 class=\"wp-block-heading has-large-font-size\">TNF Plus Forts Ensemble est pour vous !<\/h2>\n\n\n\n<p>Je ne suis pas m\u00e9decin, mais on m'a diagnostiqu\u00e9 un trouble neurologique fonctionnel (TNF) en novembre 2024. Mes sympt\u00f4mes ont commenc\u00e9 en mars 2024, et je comprends \u00e0 quel point il est difficile de faire face aux premiers sympt\u00f4mes, d'obtenir un diagnostic et d'entamer le parcours de gu\u00e9rison. <\/p>\n\n\n\n<h2 class=\"wp-block-heading has-large-font-size\" style=\"padding-top:var(--wp--preset--spacing--30);padding-bottom:var(--wp--preset--spacing--30)\">Pourquoi j'ai cr\u00e9\u00e9 TNF Plus Forts Ensemble<\/h2>\n\n\n\n<p>Avant de tomber malade, je n'avais jamais entendu parler de la TNF et j'ai d\u00e9couvert que de nombreux m\u00e9decins ne la connaissaient pas non plus. <\/p>\n\n\n\n<p>Plusieurs fois, les psychiatres ont dit que je faisais semblant d'avoir des sympt\u00f4mes, m\u00eame lorsque j'\u00e9tais paralys\u00e9e sur le sol et que je ne pouvais ni bouger ni parler.<\/p>\n\n\n\n<p>C'est pourquoi j'ai cr\u00e9\u00e9 TNF Plus Forts Ensemble, avec la mission de:-<\/p>\n\n\n\n<ul class=\"wp-block-list\">\n<li>Sensibiliser aux troubles neurologiques fonctionnels (TNF) en partageant mon parcours personnel ainsi que des ressources pr\u00e9cieuses et informatives.<\/li>\n\n\n\n<li>Apporter du soutien et de l'espoir aux personnes atteintes de TNF, \u00e0 leurs soignants et \u00e0 leurs aidants.<\/li>\n\n\n\n<li>Collecter des fonds pour FND Hope International afin de soutenir les initiatives de sensibilisation et de faire avancer la recherche sur les troubles neurologiques fonctionnels (TNF).<\/li>\n<\/ul>\n\n\n\n<h2 class=\"wp-block-heading has-large-font-size\">\u00c0 qui s'adresse la TNF Plus Forts Ensemble ?<\/h2>\n\n\n\n<p>TNF Plus Forts Ensemble s'adresse \u00e0 toute personne \u00e0 la recherche de soutien et de conseils. <\/p>\n\n\n\n<p>TNF Plus Forts Ensemble s'adresse \u00e0 toute personne ayant besoin d'espoir dans son parcours avec un trouble neurologique fonctionnel. <\/p>\n\n\n\n<p>TNF Plus Forts Ensemble  s'adresse \u00e0 toute personne souhaitant savoir comment g\u00e9rer et traiter ses sympt\u00f4mes de TNF. <\/p>\n\n\n\n<p>TNF Plus Forts Ensemble s'adresse \u00e0 tous ceux qui s'int\u00e9ressent aux derni\u00e8res recherches. <\/p>\n\n\n\n<p>TNF Plus Forts Ensemble s'adresse \u00e0 tous ceux qui sont curieux de conna\u00eetre mon parcours avec les troubles neurologiques fonctionnels.<\/p>\n\n\n\n<h2 class=\"wp-block-heading has-large-font-size\" style=\"padding-top:var(--wp--preset--spacing--30);padding-bottom:var(--wp--preset--spacing--30)\">Alors... Pour quoi avez-vous besoin d'aide ?<\/h2>\n\n\n\n<ul class=\"wp-block-list\">\n<li class=\"has-custom-color-5-color has-text-color has-link-color wp-elements-fb6e7f1db6b68e418496112ef8deab68\"><a href=\"https:\/\/fnd-stronger-together.blog\/fr\/start-to-understand-fnd-and-its-symptoms\/\" data-type=\"page\" data-id=\"255\">Je veux comprendre ce qu'est la TNF<\/a><\/li>\n\n\n\n<li class=\"has-custom-color-5-color has-text-color has-link-color wp-elements-f036934a8dd30beb71812e484594c056\"><a href=\"https:\/\/fnd-stronger-together.blog\/fr\/fnd-symptoms\/\" title=\"\">Je veux comprendre les sympt\u00f4mes de la TNF<\/a><\/li>\n\n\n\n<li class=\"has-custom-color-5-color has-text-color has-link-color wp-elements-fc5f8ed2d353ea2952a730c60c9e8ff3\"><a href=\"https:\/\/fnd-stronger-together.blog\/fr\/treatment\/\" title=\"which treatments are available in FND\">Je veux comprendre le traitement de la TNF<\/a><\/li>\n\n\n\n<li class=\"has-custom-color-5-color has-text-color has-link-color wp-elements-8e1544785fb634c6e35ab47460b751cd\"><a href=\"https:\/\/fnd-stronger-together.blog\/fr\/category\/fndresearch\/\" title=\"FND Research\">Je veux comprendre les derni\u00e8res recherches sur la TNF<\/a><\/li>\n\n\n\n<li class=\"has-custom-color-5-color has-text-color has-link-color wp-elements-ae70050392c8ffc3d60bc2c325024950\"><a href=\"https:\/\/fnd-stronger-together.blog\/fr\/my-story\/\" data-type=\"page\" data-id=\"43\">Je veux conna\u00eetre votre histoire<\/a><\/li>\n<\/ul>\n\n\n\n<h2 class=\"wp-block-heading has-custom-color-3-color has-text-color has-link-color has-large-font-size wp-elements-982673245ba6d4ef7bf48cc053974cfa\">Connectons-nous<\/h2>\n\n\n\n<div class=\"wp-block-group is-layout-constrained wp-block-group-is-layout-constrained\">\n<ul class=\"wp-block-social-links is-layout-flex wp-block-social-links-is-layout-flex\"><li class=\"wp-social-link wp-social-link-mail  wp-block-social-link\"><a href=\"mailto:fnd&#115;t&#114;o&#110;g&#101;rt&#111;&#103;et&#104;er&#064;&#103;m&#097;il&#046;&#099;o&#109;\" class=\"wp-block-social-link-anchor\"><svg width=\"24\" height=\"24\" viewbox=\"0 0 24 24\" version=\"1.1\" xmlns=\"http:\/\/www.w3.org\/2000\/svg\" aria-hidden=\"true\" focusable=\"false\"><path d=\"M19,5H5c-1.1,0-2,.9-2,2v10c0,1.1.9,2,2,2h14c1.1,0,2-.9,2-2V7c0-1.1-.9-2-2-2zm.5,12c0,.3-.2.5-.5.5H5c-.3,0-.5-.2-.5-.5V9.8l7.5,5.6,7.5-5.6V17zm0-9.1L12,13.6,4.5,7.9V7c0-.3.2-.5.5-.5h14c.3,0,.5.2.5.5v.9z\"><\/path><\/svg><span class=\"wp-block-social-link-label screen-reader-text\">E-mail<\/span><\/a><\/li>\n\n<li class=\"wp-social-link wp-social-link-instagram  wp-block-social-link\"><a href=\"https:\/\/instagram.com\/fndstrongertogether\" class=\"wp-block-social-link-anchor\"><svg width=\"24\" height=\"24\" viewbox=\"0 0 24 24\" version=\"1.1\" xmlns=\"http:\/\/www.w3.org\/2000\/svg\" aria-hidden=\"true\" focusable=\"false\"><path d=\"M12,4.622c2.403,0,2.688,0.009,3.637,0.052c0.877,0.04,1.354,0.187,1.671,0.31c0.42,0.163,0.72,0.358,1.035,0.673 c0.315,0.315,0.51,0.615,0.673,1.035c0.123,0.317,0.27,0.794,0.31,1.671c0.043,0.949,0.052,1.234,0.052,3.637 s-0.009,2.688-0.052,3.637c-0.04,0.877-0.187,1.354-0.31,1.671c-0.163,0.42-0.358,0.72-0.673,1.035 c-0.315,0.315-0.615,0.51-1.035,0.673c-0.317,0.123-0.794,0.27-1.671,0.31c-0.949,0.043-1.233,0.052-3.637,0.052 s-2.688-0.009-3.637-0.052c-0.877-0.04-1.354-0.187-1.671-0.31c-0.42-0.163-0.72-0.358-1.035-0.673 c-0.315-0.315-0.51-0.615-0.673-1.035c-0.123-0.317-0.27-0.794-0.31-1.671C4.631,14.688,4.622,14.403,4.622,12 s0.009-2.688,0.052-3.637c0.04-0.877,0.187-1.354,0.31-1.671c0.163-0.42,0.358-0.72,0.673-1.035 c0.315-0.315,0.615-0.51,1.035-0.673c0.317-0.123,0.794-0.27,1.671-0.31C9.312,4.631,9.597,4.622,12,4.622 M12,3 C9.556,3,9.249,3.01,8.289,3.054C7.331,3.098,6.677,3.25,6.105,3.472C5.513,3.702,5.011,4.01,4.511,4.511 c-0.5,0.5-0.808,1.002-1.038,1.594C3.25,6.677,3.098,7.331,3.054,8.289C3.01,9.249,3,9.556,3,12c0,2.444,0.01,2.751,0.054,3.711 c0.044,0.958,0.196,1.612,0.418,2.185c0.23,0.592,0.538,1.094,1.038,1.594c0.5,0.5,1.002,0.808,1.594,1.038 c0.572,0.222,1.227,0.375,2.185,0.418C9.249,20.99,9.556,21,12,21s2.751-0.01,3.711-0.054c0.958-0.044,1.612-0.196,2.185-0.418 c0.592-0.23,1.094-0.538,1.594-1.038c0.5-0.5,0.808-1.002,1.038-1.594c0.222-0.572,0.375-1.227,0.418-2.185 C20.99,14.751,21,14.444,21,12s-0.01-2.751-0.054-3.711c-0.044-0.958-0.196-1.612-0.418-2.185c-0.23-0.592-0.538-1.094-1.038-1.594 c-0.5-0.5-1.002-0.808-1.594-1.038c-0.572-0.222-1.227-0.375-2.185-0.418C14.751,3.01,14.444,3,12,3L12,3z M12,7.378 c-2.552,0-4.622,2.069-4.622,4.622S9.448,16.622,12,16.622s4.622-2.069,4.622-4.622S14.552,7.378,12,7.378z M12,15 c-1.657,0-3-1.343-3-3s1.343-3,3-3s3,1.343,3,3S13.657,15,12,15z M16.804,6.116c-0.596,0-1.08,0.484-1.08,1.08 s0.484,1.08,1.08,1.08c0.596,0,1.08-0.484,1.08-1.08S17.401,6.116,16.804,6.116z\"><\/path><\/svg><span class=\"wp-block-social-link-label screen-reader-text\">Instagram<\/span><\/a><\/li>\n\n<li class=\"wp-social-link wp-social-link-facebook  wp-block-social-link\"><a href=\"https:\/\/facebook.com\/fndstrongertogether\" class=\"wp-block-social-link-anchor\"><svg width=\"24\" height=\"24\" viewbox=\"0 0 24 24\" version=\"1.1\" xmlns=\"http:\/\/www.w3.org\/2000\/svg\" aria-hidden=\"true\" focusable=\"false\"><path d=\"M12 2C6.5 2 2 6.5 2 12c0 5 3.7 9.1 8.4 9.9v-7H7.9V12h2.5V9.8c0-2.5 1.5-3.9 3.8-3.9 1.1 0 2.2.2 2.2.2v2.5h-1.3c-1.2 0-1.6.8-1.6 1.6V12h2.8l-.4 2.9h-2.3v7C18.3 21.1 22 17 22 12c0-5.5-4.5-10-10-10z\"><\/path><\/svg><span class=\"wp-block-social-link-label screen-reader-text\">Facebook<\/span><\/a><\/li>\n\n<li class=\"wp-social-link wp-social-link-x  wp-block-social-link\"><a href=\"https:\/\/x.com\/FNDstronger2get?s=09\" class=\"wp-block-social-link-anchor\"><svg width=\"24\" height=\"24\" viewbox=\"0 0 24 24\" version=\"1.1\" xmlns=\"http:\/\/www.w3.org\/2000\/svg\" aria-hidden=\"true\" focusable=\"false\"><path d=\"M13.982 10.622 20.54 3h-1.554l-5.693 6.618L8.745 3H3.5l6.876 10.007L3.5 21h1.554l6.012-6.989L15.868 21h5.245l-7.131-10.378Zm-2.128 2.474-.697-.997-5.543-7.93H8l4.474 6.4.697.996 5.815 8.318h-2.387l-4.745-6.787Z\" \/><\/svg><span class=\"wp-block-social-link-label screen-reader-text\">X<\/span><\/a><\/li>\n\n<li class=\"wp-social-link wp-social-link-youtube  wp-block-social-link\"><a href=\"https:\/\/youtube.com\/@FND-Stronger-Together\" class=\"wp-block-social-link-anchor\"><svg width=\"24\" height=\"24\" viewbox=\"0 0 24 24\" version=\"1.1\" xmlns=\"http:\/\/www.w3.org\/2000\/svg\" aria-hidden=\"true\" focusable=\"false\"><path d=\"M21.8,8.001c0,0-0.195-1.378-0.795-1.985c-0.76-0.797-1.613-0.801-2.004-0.847c-2.799-0.202-6.997-0.202-6.997-0.202 h-0.009c0,0-4.198,0-6.997,0.202C4.608,5.216,3.756,5.22,2.995,6.016C2.395,6.623,2.2,8.001,2.2,8.001S2,9.62,2,11.238v1.517 c0,1.618,0.2,3.237,0.2,3.237s0.195,1.378,0.795,1.985c0.761,0.797,1.76,0.771,2.205,0.855c1.6,0.153,6.8,0.201,6.8,0.201 s4.203-0.006,7.001-0.209c0.391-0.047,1.243-0.051,2.004-0.847c0.6-0.607,0.795-1.985,0.795-1.985s0.2-1.618,0.2-3.237v-1.517 C22,9.62,21.8,8.001,21.8,8.001z M9.935,14.594l-0.001-5.62l5.404,2.82L9.935,14.594z\"><\/path><\/svg><span class=\"wp-block-social-link-label screen-reader-text\">YouTube<\/span><\/a><\/li>\n\n<li class=\"wp-social-link wp-social-link-tiktok  wp-block-social-link\"><a href=\"https:\/\/www.tiktok.com\/@fndstrongertogether\" class=\"wp-block-social-link-anchor\"><svg width=\"24\" height=\"24\" viewbox=\"0 0 32 32\" version=\"1.1\" xmlns=\"http:\/\/www.w3.org\/2000\/svg\" aria-hidden=\"true\" focusable=\"false\"><path d=\"M16.708 0.027c1.745-0.027 3.48-0.011 5.213-0.027 0.105 2.041 0.839 4.12 2.333 5.563 1.491 1.479 3.6 2.156 5.652 2.385v5.369c-1.923-0.063-3.855-0.463-5.6-1.291-0.76-0.344-1.468-0.787-2.161-1.24-0.009 3.896 0.016 7.787-0.025 11.667-0.104 1.864-0.719 3.719-1.803 5.255-1.744 2.557-4.771 4.224-7.88 4.276-1.907 0.109-3.812-0.411-5.437-1.369-2.693-1.588-4.588-4.495-4.864-7.615-0.032-0.667-0.043-1.333-0.016-1.984 0.24-2.537 1.495-4.964 3.443-6.615 2.208-1.923 5.301-2.839 8.197-2.297 0.027 1.975-0.052 3.948-0.052 5.923-1.323-0.428-2.869-0.308-4.025 0.495-0.844 0.547-1.485 1.385-1.819 2.333-0.276 0.676-0.197 1.427-0.181 2.145 0.317 2.188 2.421 4.027 4.667 3.828 1.489-0.016 2.916-0.88 3.692-2.145 0.251-0.443 0.532-0.896 0.547-1.417 0.131-2.385 0.079-4.76 0.095-7.145 0.011-5.375-0.016-10.735 0.025-16.093z\" \/><\/svg><span class=\"wp-block-social-link-label screen-reader-text\">TikTok<\/span><\/a><\/li><\/ul>\n<\/div>\n\n\n\n<figure class=\"wp-block-pullquote has-ast-global-color-4-background-color has-background\" style=\"border-width:8px\"><blockquote><p>\"Nous sommes plus forts ensemble que seuls\".<\/p><cite>Walter payton<\/cite><\/blockquote><\/figure>\n\n\n\n<p><\/p>","protected":false},"excerpt":{"rendered":"<p>Hello and welcome to my blog &#8216;FND Stronger Together&#8217; Hello, I&#8217;m Rob, and I am dedicated to helping people understand [&hellip;]<\/p>\n","protected":false},"author":1,"featured_media":0,"parent":0,"menu_order":0,"comment_status":"closed","ping_status":"closed","template":"","meta":{"_acf_changed":false,"om_disable_all_campaigns":false,"_uag_custom_page_level_css":"","_monsterinsights_skip_tracking":false,"_monsterinsights_sitenote_active":false,"_monsterinsights_sitenote_note":"","_monsterinsights_sitenote_category":0,"_uf_show_specific_survey":0,"_uf_disable_surveys":false,"site-sidebar-layout":"default","site-content-layout":"","ast-site-content-layout":"default","site-content-style":"default","site-sidebar-style":"default","ast-global-header-display":"","ast-banner-title-visibility":"","ast-main-header-display":"","ast-hfb-above-header-display":"","ast-hfb-below-header-display":"","ast-hfb-mobile-header-display":"","site-post-title":"","ast-breadcrumbs-content":"","ast-featured-img":"","footer-sml-layout":"","ast-disable-related-posts":"","theme-transparent-header-meta":"","adv-header-id-meta":"","stick-header-meta":"","header-above-stick-meta":"","header-main-stick-meta":"","header-below-stick-meta":"","astra-migrate-meta-layouts":"set","ast-page-background-enabled":"default","ast-page-background-meta":{"desktop":{"background-color":"var(--ast-global-color-4)","background-image":"","background-repeat":"repeat","background-position":"center center","background-size":"auto","background-attachment":"scroll","background-type":"","background-media":"","overlay-type":"","overlay-color":"","overlay-opacity":"","overlay-gradient":""},"tablet":{"background-color":"","background-image":"","background-repeat":"repeat","background-position":"center center","background-size":"auto","background-attachment":"scroll","background-type":"","background-media":"","overlay-type":"","overlay-color":"","overlay-opacity":"","overlay-gradient":""},"mobile":{"background-color":"","background-image":"","background-repeat":"repeat","background-position":"center center","background-size":"auto","background-attachment":"scroll","background-type":"","background-media":"","overlay-type":"","overlay-color":"","overlay-opacity":"","overlay-gradient":""}},"ast-content-background-meta":{"desktop":{"background-color":"var(--ast-global-color-5)","background-image":"","background-repeat":"repeat","background-position":"center center","background-size":"auto","background-attachment":"scroll","background-type":"","background-media":"","overlay-type":"","overlay-color":"","overlay-opacity":"","overlay-gradient":""},"tablet":{"background-color":"var(--ast-global-color-5)","background-image":"","background-repeat":"repeat","background-position":"center center","background-size":"auto","background-attachment":"scroll","background-type":"","background-media":"","overlay-type":"","overlay-color":"","overlay-opacity":"","overlay-gradient":""},"mobile":{"background-color":"var(--ast-global-color-5)","background-image":"","background-repeat":"repeat","background-position":"center center","background-size":"auto","background-attachment":"scroll","background-type":"","background-media":"","overlay-type":"","overlay-color":"","overlay-opacity":"","overlay-gradient":""}},"footnotes":""},"class_list":["post-72","page","type-page","status-publish","hentry"],"acf":[],"aioseo_notices":[],"uagb_featured_image_src":{"full":false,"thumbnail":false,"medium":false,"medium_large":false,"large":false,"1536x1536":false,"2048x2048":false,"trp-custom-language-flag":false},"uagb_author_info":{"display_name":"FND-Stronger-Together","author_link":"https:\/\/fnd-stronger-together.blog\/fr\/author\/97mej\/"},"uagb_comment_info":0,"uagb_excerpt":"Hello and welcome to my blog &#8216;FND Stronger Together&#8217; Hello, I&#8217;m Rob, and I am dedicated to helping people understand [&hellip;]","_links":{"self":[{"href":"https:\/\/fnd-stronger-together.blog\/fr\/wp-json\/wp\/v2\/pages\/72","targetHints":{"allow":["GET"]}}],"collection":[{"href":"https:\/\/fnd-stronger-together.blog\/fr\/wp-json\/wp\/v2\/pages"}],"about":[{"href":"https:\/\/fnd-stronger-together.blog\/fr\/wp-json\/wp\/v2\/types\/page"}],"author":[{"embeddable":true,"href":"https:\/\/fnd-stronger-together.blog\/fr\/wp-json\/wp\/v2\/users\/1"}],"replies":[{"embeddable":true,"href":"https:\/\/fnd-stronger-together.blog\/fr\/wp-json\/wp\/v2\/comments?post=72"}],"version-history":[{"count":30,"href":"https:\/\/fnd-stronger-together.blog\/fr\/wp-json\/wp\/v2\/pages\/72\/revisions"}],"predecessor-version":[{"id":2885,"href":"https:\/\/fnd-stronger-together.blog\/fr\/wp-json\/wp\/v2\/pages\/72\/revisions\/2885"}],"wp:attachment":[{"href":"https:\/\/fnd-stronger-together.blog\/fr\/wp-json\/wp\/v2\/media?parent=72"}],"curies":[{"name":"wp","href":"https:\/\/api.w.org\/{rel}","templated":true}]}}