{"id":743,"date":"2025-05-31T12:18:13","date_gmt":"2025-05-31T12:18:13","guid":{"rendered":"https:\/\/fnd-stronger-together.blog\/?page_id=743"},"modified":"2025-06-14T14:24:23","modified_gmt":"2025-06-14T14:24:23","slug":"medical-disclaimer","status":"publish","type":"page","link":"https:\/\/fnd-stronger-together.blog\/fr\/medical-disclaimer\/","title":{"rendered":"Avis de non-responsabilit\u00e9 m\u00e9dicale"},"content":{"rendered":"<div class=\"inherit-container-width wp-block-group alignfull has-tertiary-background-color has-background is-layout-constrained wp-container-core-group-is-layout-7276a2bb wp-block-group-is-layout-constrained\" style=\"margin-top:0;margin-bottom:0;padding-top:var(--wp--preset--spacing--60);padding-right:var(--wp--preset--spacing--30);padding-bottom:var(--wp--preset--spacing--60);padding-left:var(--wp--preset--spacing--30)\">\n<div class=\"wp-block-group alignwide is-content-justification-center is-layout-constrained wp-block-group-is-layout-constrained\" style=\"margin-bottom:var(--wp--preset--spacing--30)\">\n<h3 class=\"wp-block-heading has-custom-color-3-color has-text-color has-link-color has-large-font-size wp-elements-94994125b933d0316d1b4278735a6d8e\"> <strong>Avis de non-responsabilit\u00e9 m\u00e9dicale<\/strong><\/h3>\n\n\n\n<p class=\"has-ast-global-color-0-color has-text-color has-link-color wp-elements-6d7ce127695d74a8d808ca828282f576\" style=\"font-size:24px\"><strong>AVIS IMPORTANT : CE SITE WEB NE FOURNIT PAS DE CONSEILS M\u00c9DICAUX.<\/strong><\/p>\n\n\n\n<p>Les informations, y compris, mais sans s'y limiter, les textes, les graphiques, les images et tout autre mat\u00e9riel contenu sur ce site web www.fnd-stronger-together.blog sont uniquement destin\u00e9es \u00e0 des fins d'information et d'\u00e9ducation. Elles ne sauraient se substituer \u00e0 un avis m\u00e9dical professionnel, \u00e0 un diagnostic ou \u00e0 un traitement.<\/p>\n\n\n\n<p class=\"has-primary-color has-text-color has-link-color wp-elements-62f82a7159e4aa8e39a8389f4b445247\"><strong><mark style=\"background-color:rgba(0, 0, 0, 0)\" class=\"has-inline-color has-ast-global-color-0-color\">Objectif de ce site Web :<\/mark><\/strong> Ce site web est consacr\u00e9 \u00e0 la sensibilisation au trouble neurologique fonctionnel (TNF) et au partage d'informations g\u00e9n\u00e9rales, de points de vue et d'exp\u00e9riences personnelles concernant le TNF. Notre objectif est de fournir une ressource utile aux personnes vivant avec un TNF, \u00e0 leurs aidants et \u00e0 toute personne cherchant \u00e0 mieux comprendre cette maladie complexe.<\/p>\n\n\n\n<p><strong><mark style=\"background-color:rgba(0, 0, 0, 0)\" class=\"has-inline-color has-ast-global-color-0-color\">Non Relation m\u00e9decin-patient :<\/mark><\/strong> Votre utilisation de ce site web ne cr\u00e9e pas de relation m\u00e9decin-patient, th\u00e9rapeute-patient ou toute autre relation professionnelle de sant\u00e9 entre vous et www.fnd-stronger-together.blog ou l'un de ses contributeurs.<\/p>\n\n\n\n<p><strong><mark style=\"background-color:rgba(0, 0, 0, 0)\" class=\"has-inline-color has-ast-global-color-0-color\">Ne remplace pas l'avis d'un professionnel de la sant\u00e9 :<\/mark><\/strong> Demandez toujours l'avis de votre m\u00e9decin ou d'un autre prestataire de soins de sant\u00e9 qualifi\u00e9 pour toute question relative \u00e0 un \u00e9tat de sant\u00e9 ou \u00e0 un traitement, et avant d'entreprendre un nouveau r\u00e9gime de soins de sant\u00e9. Ne n\u00e9gligez jamais l'avis d'un professionnel de la sant\u00e9 et ne tardez pas \u00e0 le solliciter en raison de ce que vous avez lu sur ce site web.<\/p>\n\n\n\n<p><strong><mark style=\"background-color:rgba(0, 0, 0, 0)\" class=\"has-inline-color has-ast-global-color-0-color\">Exp\u00e9riences personnelles<\/mark><mark style=\"background-color:rgba(0, 0, 0, 0)\" class=\"has-inline-color has-custom-color-5-color\">:<\/mark><\/strong> Les histoires personnelles, les exp\u00e9riences ou les opinions partag\u00e9es sur ce site Web, y compris celles li\u00e9es \u00e0 la vie avec la TNF ou \u00e0 la r\u00e9adaptation, sont strictement le fruit du cheminement personnel de l'individu. Ces exp\u00e9riences sont uniques et peuvent ne pas \u00eatre repr\u00e9sentatives d'autres personnes. Elles sont fournies \u00e0 titre d'information et d'inspiration uniquement et ne doivent pas \u00eatre interpr\u00e9t\u00e9es comme des conseils m\u00e9dicaux ou une garantie de r\u00e9sultats sp\u00e9cifiques.<\/p>\n\n\n\n<p><strong><mark style=\"background-color:rgba(0, 0, 0, 0)\" class=\"has-inline-color has-ast-global-color-0-color\">Exactitude des informations : <\/mark><\/strong>Bien que nous nous efforcions de fournir des informations exactes et \u00e0 jour, les connaissances m\u00e9dicales et la compr\u00e9hension de la TNF \u00e9voluent constamment. Par cons\u00e9quent, nous ne pouvons pas garantir que toutes les informations fournies sur ce site Web sont enti\u00e8rement exactes, compl\u00e8tes ou \u00e0 jour. Nous vous encourageons \u00e0 v\u00e9rifier les informations aupr\u00e8s d'autres sources fiables et, surtout, aupr\u00e8s de votre fournisseur de soins de sant\u00e9.<\/p>\n\n\n\n<p><mark style=\"background-color:rgba(0, 0, 0, 0)\" class=\"has-inline-color has-ast-global-color-0-color\"><strong>Liens externes : <\/strong><\/mark>Ce site web peut contenir des liens vers d'autres sites web ou ressources fournis par des tiers. Ces liens ne sont fournis que pour votre commodit\u00e9. Nous n'avons aucun contr\u00f4le sur le contenu de ces sites ou ressources et n'acceptons aucune responsabilit\u00e9 pour eux ou pour toute perte ou dommage pouvant r\u00e9sulter de leur utilisation. L'inclusion d'un lien n'implique pas l'approbation par www.fnd-stronger-together.blog du site ou une association avec ses op\u00e9rateurs.<\/p>\n\n\n\n<p><strong><mark style=\"background-color:rgba(0, 0, 0, 0)\" class=\"has-inline-color has-ast-global-color-0-color\">Responsabilit\u00e9 de l'utilisateur : <\/mark><\/strong>Vous \u00eates seul responsable des d\u00e9cisions que vous prenez concernant votre sant\u00e9 et votre bien-\u00eatre. La confiance que vous accordez aux informations contenues dans ce site web est strictement \u00e0 vos risques et p\u00e9rils.<\/p>\n\n\n\n<p><strong><mark style=\"background-color:rgba(0, 0, 0, 0)\" class=\"has-inline-color has-ast-global-color-0-color\">Limitation de la responsabilit\u00e9 : <\/mark><\/strong>Dans toute la mesure permise par la loi, www.fnd-stronger-togetrher.blog et ses contributeurs ne peuvent \u00eatre tenus pour responsables des pertes, dommages ou pr\u00e9judices, directs ou indirects, r\u00e9sultant de l'utilisation ou de la confiance accord\u00e9e \u00e0 toute information pr\u00e9sent\u00e9e sur ce site web.<\/p>\n\n\n\n<p><strong><mark style=\"background-color:rgba(0, 0, 0, 0)\" class=\"has-inline-color has-ast-global-color-0-color\">Droit applicable :<\/mark><\/strong> Le pr\u00e9sent avis de non-responsabilit\u00e9 m\u00e9dicale et l'utilisation que vous faites de ce site web sont r\u00e9gis et interpr\u00e9t\u00e9s conform\u00e9ment aux lois suivantes <strong><mark style=\"background-color:rgba(0, 0, 0, 0)\" class=\"has-inline-color has-ast-global-color-0-color\">en France<\/mark><\/strong>Le Conseil de l'Union europ\u00e9enne a adopt\u00e9 le principe de la libre circulation des personnes, sans tenir compte de ses principes de conflit de lois.<\/p>\n\n\n\n<p><strong><mark style=\"background-color:rgba(0, 0, 0, 0)\" class=\"has-inline-color has-ast-global-color-0-color\">Contactez-nous :<\/mark><\/strong> Si vous avez des questions concernant la pr\u00e9sente clause de non-responsabilit\u00e9 m\u00e9dicale, veuillez nous contacter \u00e0 l'adresse suivante : rob@fndstrongertogether.blog<\/p>\n\n\n\n<p><strong><mark style=\"background-color:rgba(0, 0, 0, 0)\" class=\"has-inline-color has-ast-global-color-1-color\">Derni\u00e8re mise \u00e0 jour : 31 mai 2025<\/mark><\/strong><\/p>\n<\/div>\n<\/div>","protected":false},"excerpt":{"rendered":"<p>Medical Disclaimer IMPORTANT NOTICE: THIS WEBSITE DOES NOT PROVIDE MEDICAL ADVICE. The information, including but not limited to, text, graphics, [&hellip;]<\/p>\n","protected":false},"author":1,"featured_media":0,"parent":0,"menu_order":0,"comment_status":"closed","ping_status":"closed","template":"","meta":{"_acf_changed":false,"om_disable_all_campaigns":false,"_uag_custom_page_level_css":"","_monsterinsights_skip_tracking":false,"_monsterinsights_sitenote_active":false,"_monsterinsights_sitenote_note":"","_monsterinsights_sitenote_category":0,"_uf_show_specific_survey":0,"_uf_disable_surveys":false,"site-sidebar-layout":"default","site-content-layout":"","ast-site-content-layout":"default","site-content-style":"default","site-sidebar-style":"default","ast-global-header-display":"","ast-banner-title-visibility":"","ast-main-header-display":"","ast-hfb-above-header-display":"","ast-hfb-below-header-display":"","ast-hfb-mobile-header-display":"","site-post-title":"","ast-breadcrumbs-content":"","ast-featured-img":"","footer-sml-layout":"","ast-disable-related-posts":"","theme-transparent-header-meta":"","adv-header-id-meta":"","stick-header-meta":"","header-above-stick-meta":"","header-main-stick-meta":"","header-below-stick-meta":"","astra-migrate-meta-layouts":"set","ast-page-background-enabled":"default","ast-page-background-meta":{"desktop":{"background-color":"var(--ast-global-color-4)","background-image":"","background-repeat":"repeat","background-position":"center center","background-size":"auto","background-attachment":"scroll","background-type":"","background-media":"","overlay-type":"","overlay-color":"","overlay-opacity":"","overlay-gradient":""},"tablet":{"background-color":"","background-image":"","background-repeat":"repeat","background-position":"center center","background-size":"auto","background-attachment":"scroll","background-type":"","background-media":"","overlay-type":"","overlay-color":"","overlay-opacity":"","overlay-gradient":""},"mobile":{"background-color":"","background-image":"","background-repeat":"repeat","background-position":"center center","background-size":"auto","background-attachment":"scroll","background-type":"","background-media":"","overlay-type":"","overlay-color":"","overlay-opacity":"","overlay-gradient":""}},"ast-content-background-meta":{"desktop":{"background-color":"var(--ast-global-color-5)","background-image":"","background-repeat":"repeat","background-position":"center center","background-size":"auto","background-attachment":"scroll","background-type":"","background-media":"","overlay-type":"","overlay-color":"","overlay-opacity":"","overlay-gradient":""},"tablet":{"background-color":"var(--ast-global-color-5)","background-image":"","background-repeat":"repeat","background-position":"center center","background-size":"auto","background-attachment":"scroll","background-type":"","background-media":"","overlay-type":"","overlay-color":"","overlay-opacity":"","overlay-gradient":""},"mobile":{"background-color":"var(--ast-global-color-5)","background-image":"","background-repeat":"repeat","background-position":"center center","background-size":"auto","background-attachment":"scroll","background-type":"","background-media":"","overlay-type":"","overlay-color":"","overlay-opacity":"","overlay-gradient":""}},"footnotes":""},"class_list":["post-743","page","type-page","status-publish","hentry"],"acf":[],"aioseo_notices":[],"uagb_featured_image_src":{"full":false,"thumbnail":false,"medium":false,"medium_large":false,"large":false,"1536x1536":false,"2048x2048":false,"trp-custom-language-flag":false},"uagb_author_info":{"display_name":"FND-Stronger-Together","author_link":"https:\/\/fnd-stronger-together.blog\/fr\/author\/97mej\/"},"uagb_comment_info":0,"uagb_excerpt":"Medical Disclaimer IMPORTANT NOTICE: THIS WEBSITE DOES NOT PROVIDE MEDICAL ADVICE. The information, including but not limited to, text, graphics, [&hellip;]","_links":{"self":[{"href":"https:\/\/fnd-stronger-together.blog\/fr\/wp-json\/wp\/v2\/pages\/743","targetHints":{"allow":["GET"]}}],"collection":[{"href":"https:\/\/fnd-stronger-together.blog\/fr\/wp-json\/wp\/v2\/pages"}],"about":[{"href":"https:\/\/fnd-stronger-together.blog\/fr\/wp-json\/wp\/v2\/types\/page"}],"author":[{"embeddable":true,"href":"https:\/\/fnd-stronger-together.blog\/fr\/wp-json\/wp\/v2\/users\/1"}],"replies":[{"embeddable":true,"href":"https:\/\/fnd-stronger-together.blog\/fr\/wp-json\/wp\/v2\/comments?post=743"}],"version-history":[{"count":3,"href":"https:\/\/fnd-stronger-together.blog\/fr\/wp-json\/wp\/v2\/pages\/743\/revisions"}],"predecessor-version":[{"id":2831,"href":"https:\/\/fnd-stronger-together.blog\/fr\/wp-json\/wp\/v2\/pages\/743\/revisions\/2831"}],"wp:attachment":[{"href":"https:\/\/fnd-stronger-together.blog\/fr\/wp-json\/wp\/v2\/media?parent=743"}],"curies":[{"name":"wp","href":"https:\/\/api.w.org\/{rel}","templated":true}]}}