{"id":747,"date":"2025-05-31T12:49:09","date_gmt":"2025-05-31T12:49:09","guid":{"rendered":"https:\/\/fnd-stronger-together.blog\/?page_id=747"},"modified":"2025-06-14T13:54:57","modified_gmt":"2025-06-14T13:54:57","slug":"terms-and-conditions","status":"publish","type":"page","link":"https:\/\/fnd-stronger-together.blog\/fr\/terms-and-conditions\/","title":{"rendered":"Conditions g\u00e9n\u00e9rales d'utilisation"},"content":{"rendered":"<h2 class=\"wp-block-heading has-custom-color-3-color has-text-color has-link-color has-large-font-size wp-elements-a9e408564cda9fced83feb2c96271787\"><strong>Conditions g\u00e9n\u00e9rales d'utilisation<\/strong><\/h2>\n\n\n\n<p class=\"has-ast-global-color-1-color has-text-color has-link-color wp-elements-8eb3546184c939852bfb15e83cb13466\"><strong>Date d'entr\u00e9e en vigueur : 31 mai 2025<\/strong><\/p>\n\n\n\n<p>Bienvenue sur le site FND-Stronger-Together. Les pr\u00e9sentes conditions g\u00e9n\u00e9rales (\"conditions\") r\u00e9gissent votre acc\u00e8s \u00e0 notre site web situ\u00e9 \u00e0 l'adresse www.fnd-stronger-together.blog (le \"site web\") et l'utilisation que vous en faites.<\/p>\n\n\n\n<p class=\"has-link-color wp-elements-6db57d1e6631fef36e92bc630eede655\">En acc\u00e9dant au site web ou en l'utilisant, vous (\"vous\" ou \"l'utilisateur\") acceptez d'\u00eatre li\u00e9 par les pr\u00e9sentes conditions et par notre politique de confidentialit\u00e9. <a href=\"https:\/\/fnd-stronger-together.blog\/fr\/privacy-policy\/\" target=\"_blank\" rel=\"noopener\" title=\"Politique de confidentialit\u00e9\">Politique de confidentialit\u00e9<\/a>. Si vous n'\u00eates pas d'accord avec une partie de ces conditions, vous ne devez pas utiliser notre site web.<\/p>\n\n\n\n<p class=\"has-link-color wp-elements-c04d822043dbce046ed86e20019d5d45\"><strong><mark style=\"background-color:rgba(0, 0, 0, 0)\" class=\"has-inline-color has-ast-global-color-0-color\">1. Avis de non-responsabilit\u00e9 m\u00e9dicale<\/mark><\/strong> Les informations fournies sur ce site Web le sont uniquement \u00e0 des fins d'information et d'\u00e9ducation g\u00e9n\u00e9rales et ne constituent pas un avis m\u00e9dical. Elles ne remplacent pas un avis m\u00e9dical, un diagnostic ou un traitement professionnel. Demandez toujours l'avis de votre m\u00e9decin ou d'un autre prestataire de soins de sant\u00e9 qualifi\u00e9 pour toute question relative \u00e0 un \u00e9tat pathologique ou \u00e0 un traitement. Veuillez vous r\u00e9f\u00e9rer \u00e0 notre site web d\u00e9di\u00e9 <a href=\"https:\/\/fnd-stronger-together.blog\/fr\/medical-disclaimer\/\" target=\"_blank\" rel=\"noopener\" title=\"Avis de non-responsabilit\u00e9 m\u00e9dicale\"><mark style=\"background-color:rgba(0, 0, 0, 0)\" class=\"has-inline-color has-ast-global-color-0-color\">Page d'avertissement m\u00e9dical<\/mark><\/a> pour obtenir des informations plus d\u00e9taill\u00e9es. L'utilisation de ce site web ne cr\u00e9e pas de relation m\u00e9decin-patient.<\/p>\n\n\n\n<p><strong><mark style=\"background-color:rgba(0, 0, 0, 0)\" class=\"has-inline-color has-ast-global-color-0-color\">2. Droits de propri\u00e9t\u00e9 intellectuelle<\/mark><\/strong><mark style=\"background-color:rgba(0, 0, 0, 0)\" class=\"has-inline-color has-custom-color-5-color\"> <\/mark>L'ensemble du contenu, des caract\u00e9ristiques et des fonctionnalit\u00e9s du site web, y compris, mais sans s'y limiter, les textes, les graphiques, les logos, les images, les vid\u00e9os, les sons, ainsi que leur s\u00e9lection et leur disposition, sont la propri\u00e9t\u00e9 de www.fnd-stronger-together.blog ou de ses conc\u00e9dants de licence et sont prot\u00e9g\u00e9s par les lois fran\u00e7aises et internationales sur les droits d'auteur, les marques, les brevets, les secrets commerciaux et autres lois sur la propri\u00e9t\u00e9 intellectuelle ou les droits de propri\u00e9t\u00e9.<\/p>\n\n\n\n<p>Vous pouvez acc\u00e9der au contenu et l'utiliser uniquement \u00e0 des fins personnelles et non commerciales. Vous ne devez pas reproduire, distribuer, modifier, cr\u00e9er des \u0153uvres d\u00e9riv\u00e9es, afficher publiquement, ex\u00e9cuter publiquement, republier, t\u00e9l\u00e9charger, stocker ou transmettre le contenu de notre site web, \u00e0 l'exception de ce qui est g\u00e9n\u00e9ralement autoris\u00e9 par les navigateurs web standard. Si vous partagez du contenu, vous devez le faire en fournissant un lien direct vers le contenu original sur notre site web et en fournissant une attribution appropri\u00e9e. Toute utilisation commerciale, reproduction ou redistribution du contenu sans notre autorisation \u00e9crite expresse est strictement interdite.<\/p>\n\n\n\n<p><strong><mark style=\"background-color:rgba(0, 0, 0, 0)\" class=\"has-inline-color has-ast-global-color-0-color\">3. Comportement de l'utilisateur<\/mark><\/strong> Vous acceptez d'utiliser le site web uniquement \u00e0 des fins l\u00e9gales et d'une mani\u00e8re qui n'enfreint pas les droits de quiconque, qui ne restreint pas ou n'emp\u00eache pas l'utilisation et la jouissance du site web par d'autres personnes, ou qui ne viole pas les pr\u00e9sentes conditions. Les comportements interdits sont les suivants :<\/p>\n\n\n\n<ul class=\"wp-block-list\">\n<li>Tout comportement qui enfreint une loi ou un r\u00e8glement national, communautaire ou international applicable.<\/li>\n\n\n\n<li>Adopter un comportement qui limite ou emp\u00eache l'utilisation ou la jouissance du site web par quiconque, ou qui, selon notre appr\u00e9ciation, peut nuire \u00e0 www.fnd-stronger-together.blog ou aux utilisateurs du site web ou les exposer \u00e0 des responsabilit\u00e9s.<\/li>\n\n\n\n<li>Utiliser le site web d'une mani\u00e8re susceptible de le d\u00e9sactiver, de le surcharger, de l'endommager ou de le compromettre, ou d'interf\u00e9rer avec l'utilisation du site web par d'autres parties.<\/li>\n\n\n\n<li>introduire des virus, des chevaux de Troie, des vers, des bombes logiques ou tout autre mat\u00e9riel malveillant ou technologiquement nuisible.<\/li>\n\n\n\n<li>Tenter d'obtenir un acc\u00e8s non autoris\u00e9, d'interf\u00e9rer, d'endommager ou de perturber toute partie du site web, le serveur sur lequel le site web est stock\u00e9, ou tout serveur, ordinateur ou base de donn\u00e9es connect\u00e9 au site web.<\/li>\n\n\n\n<li>S'engager dans le spamming, le harc\u00e8lement, le langage abusif, l'incitation \u00e0 la haine ou l'usurpation de l'identit\u00e9 d'une personne ou d'une entit\u00e9.<\/li>\n<\/ul>\n\n\n\n<p><strong><mark style=\"background-color:rgba(0, 0, 0, 0)\" class=\"has-inline-color has-ast-global-color-0-color\">Politique en mati\u00e8re de commentaires : <\/mark><\/strong>Si le site web vous permet de soumettre des commentaires ou d'autres contenus :<\/p>\n\n\n\n<ul class=\"wp-block-list\">\n<li>Vous \u00eates seul responsable du contenu que vous soumettez.<\/li>\n\n\n\n<li>Vous acceptez que vos commentaires ne soient pas diffamatoires, offensants, haineux, discriminatoires, qu'ils n'enfreignent pas les droits de propri\u00e9t\u00e9 intellectuelle ou qu'ils ne soient pas ill\u00e9gaux.<\/li>\n\n\n\n<li>Nous nous r\u00e9servons le droit, mais non l'obligation, de mod\u00e9rer, d'\u00e9diter ou de supprimer tout contenu soumis au site web que nous jugeons inappropri\u00e9 ou en violation des pr\u00e9sentes conditions, sans pr\u00e9avis.<\/li>\n<\/ul>\n\n\n\n<p><strong><mark style=\"background-color:rgba(0, 0, 0, 0)\" class=\"has-inline-color has-ast-global-color-0-color\">4. Liens vers d'autres sites web<\/mark><\/strong> Notre site Web peut contenir des liens vers des sites Web ou des services de tiers qui ne sont pas d\u00e9tenus ou contr\u00f4l\u00e9s par www.fnd-stronger-together.blog. www.fnd-stronger-together.blog n'a aucun contr\u00f4le sur le contenu, les politiques de confidentialit\u00e9 ou les pratiques des sites Web ou des services de tiers et n'assume aucune responsabilit\u00e9 \u00e0 cet \u00e9gard. Nous vous conseillons vivement de lire les conditions g\u00e9n\u00e9rales et les politiques de confidentialit\u00e9 de tous les sites Web ou services tiers que vous visitez. L'inclusion d'un lien n'implique pas l'approbation par www.fnd-stronger-together.blog du site ou une association avec ses op\u00e9rateurs.<\/p>\n\n\n\n<p><mark style=\"background-color:rgba(0, 0, 0, 0)\" class=\"has-inline-color has-ast-global-color-0-color\"><strong>5. Limitation de la responsabilit\u00e9<\/strong> <\/mark>Dans toute la mesure permise par la loi, www.fnd-stronger-together.blog et ses administrateurs, employ\u00e9s, partenaires, agents, fournisseurs ou affili\u00e9s, ne peuvent \u00eatre tenus responsables des dommages directs, indirects, accessoires, sp\u00e9ciaux, cons\u00e9cutifs ou punitifs, y compris, mais sans s'y limiter, la perte de profits, de donn\u00e9es, d'utilisation, de client\u00e8le ou d'autres pertes intangibles, r\u00e9sultant (i) de votre acc\u00e8s au site Web, de son utilisation ou de l'impossibilit\u00e9 d'y acc\u00e9der ou de l'utiliser ; (ii) de la conduite ou du contenu d'un tiers sur le site Web ; (iii) de tout contenu obtenu \u00e0 partir du site Web ; et (iv) de l'acc\u00e8s, de l'utilisation ou de la modification non autoris\u00e9s de vos transmissions ou de votre contenu ; (iii) tout contenu obtenu \u00e0 partir du site web ; et (iv) l'acc\u00e8s non autoris\u00e9, l'utilisation ou la modification de vos transmissions ou de votre contenu, que ce soit sur la base d'une garantie, d'un contrat, d'un d\u00e9lit (y compris la n\u00e9gligence) ou de toute autre th\u00e9orie juridique, que nous ayons ou non \u00e9t\u00e9 inform\u00e9s de la possibilit\u00e9 de tels dommages, et m\u00eame si l'un des rem\u00e8des \u00e9nonc\u00e9s dans le pr\u00e9sent document s'av\u00e8re ne pas avoir atteint son objectif essentiel.<\/p>\n\n\n\n<p><mark style=\"background-color:rgba(0, 0, 0, 0)\" class=\"has-inline-color has-ast-global-color-0-color\"><strong>6. Modifications des pr\u00e9sentes conditions<\/strong> <\/mark>Nous nous r\u00e9servons le droit, \u00e0 notre seule discr\u00e9tion, de modifier ou de remplacer les pr\u00e9sentes conditions \u00e0 tout moment. Si une r\u00e9vision est importante (par exemple, des changements qui affectent de mani\u00e8re significative vos droits ou obligations), nous nous efforcerons de fournir un pr\u00e9avis d'au moins 30 jours avant l'entr\u00e9e en vigueur des nouvelles conditions en publiant les conditions mises \u00e0 jour sur le site web. Nous d\u00e9terminerons \u00e0 notre seule discr\u00e9tion ce qui constitue une modification importante. En continuant \u00e0 acc\u00e9der \u00e0 notre site web ou \u00e0 l'utiliser apr\u00e8s l'entr\u00e9e en vigueur de ces modifications, vous acceptez d'\u00eatre li\u00e9 par les conditions r\u00e9vis\u00e9es. Si vous n'acceptez pas les nouvelles conditions, veuillez cesser d'utiliser le site web.<\/p>\n\n\n\n<p><strong><mark style=\"background-color:rgba(0, 0, 0, 0)\" class=\"has-inline-color has-ast-global-color-0-color\">7. Droit applicable et juridiction<\/mark><\/strong><mark style=\"background-color:rgba(0, 0, 0, 0)\" class=\"has-inline-color has-custom-color-5-color\"> <\/mark>Les pr\u00e9sentes conditions sont r\u00e9gies et interpr\u00e9t\u00e9es conform\u00e9ment aux lois de <strong>en France<\/strong>Les pr\u00e9sentes conditions sont soumises \u00e0 la juridiction exclusive des tribunaux comp\u00e9tents situ\u00e9s \u00e0 Toulouse, en France, sans tenir compte des dispositions relatives aux conflits de lois. Tout litige d\u00e9coulant des pr\u00e9sentes conditions ou en rapport avec celles-ci sera soumis \u00e0 la juridiction exclusive des tribunaux comp\u00e9tents situ\u00e9s \u00e0 Toulouse, en France.<\/p>\n\n\n\n<p><mark style=\"background-color:rgba(0, 0, 0, 0)\" class=\"has-inline-color has-ast-global-color-0-color\"><strong>8. R\u00e9siliation<\/strong> <\/mark>Nous pouvons r\u00e9silier ou suspendre votre acc\u00e8s au site web imm\u00e9diatement, sans pr\u00e9avis ni responsabilit\u00e9, pour quelque raison que ce soit, y compris, mais sans s'y limiter, si vous enfreignez les conditions. En cas de r\u00e9siliation, votre droit d'utiliser le site web cessera imm\u00e9diatement.<\/p>\n\n\n\n<p class=\"has-link-color wp-elements-429db26facf873c218158cd935afa116\"><strong><mark style=\"background-color:rgba(0, 0, 0, 0)\" class=\"has-inline-color has-ast-global-color-0-color\">9. Int\u00e9gralit\u00e9 de l'accord <\/mark><\/strong>Les pr\u00e9sentes conditions, ainsi que nos <a href=\"https:\/\/fnd-stronger-together.blog\/fr\/privacy-policy\/\" target=\"_blank\" rel=\"noopener\" title=\"Politique de confidentialit\u00e9\"><strong><mark style=\"background-color:rgba(0, 0, 0, 0)\" class=\"has-inline-color has-ast-global-color-0-color\">Politique de confidentialit\u00e9<\/mark><\/strong><\/a><mark style=\"background-color:rgba(0, 0, 0, 0)\" class=\"has-inline-color has-custom-color-5-color\"> <\/mark>et <a href=\"https:\/\/fnd-stronger-together.blog\/fr\/medical-disclaimer\/\" target=\"_blank\" rel=\"noopener\" title=\"Avis de non-responsabilit\u00e9 m\u00e9dicale\"><mark style=\"background-color:rgba(0, 0, 0, 0)\" class=\"has-inline-color has-ast-global-color-0-color\"><strong>Avis de non-responsabilit\u00e9 m\u00e9dicale<\/strong><\/mark><\/a> constituent l'int\u00e9gralit\u00e9 de l'accord entre vous et www.fnd-stronger-together.blog concernant le site Web.<\/p>\n\n\n\n<p><mark style=\"background-color:rgba(0, 0, 0, 0)\" class=\"has-inline-color has-ast-global-color-0-color\"><strong>10. Nous contacter<\/strong> <\/mark>Si vous avez des questions concernant ces conditions, veuillez nous contacter \u00e0 l'adresse suivante : rob@fndstrongertogether.blog<\/p>\n\n\n\n<p class=\"has-ast-global-color-1-color has-text-color has-link-color wp-elements-42cd1a7b0b0cbf60ae532ef36570b3a3\"><strong>Derni\u00e8re mise \u00e0 jour : 31 mai 2025<\/strong><\/p>\n\n\n\n<p><\/p>","protected":false},"excerpt":{"rendered":"<p>Terms and Conditions Effective Date: May 31, 2025 Welcome to FND-Stronger-Together. These Terms and Conditions (&#8220;Terms&#8221;) govern your access to [&hellip;]<\/p>\n","protected":false},"author":1,"featured_media":0,"parent":0,"menu_order":0,"comment_status":"closed","ping_status":"closed","template":"","meta":{"_acf_changed":false,"om_disable_all_campaigns":false,"_uag_custom_page_level_css":"","_monsterinsights_skip_tracking":false,"_monsterinsights_sitenote_active":false,"_monsterinsights_sitenote_note":"","_monsterinsights_sitenote_category":0,"_uf_show_specific_survey":0,"_uf_disable_surveys":false,"site-sidebar-layout":"default","site-content-layout":"","ast-site-content-layout":"default","site-content-style":"default","site-sidebar-style":"default","ast-global-header-display":"","ast-banner-title-visibility":"","ast-main-header-display":"","ast-hfb-above-header-display":"","ast-hfb-below-header-display":"","ast-hfb-mobile-header-display":"","site-post-title":"","ast-breadcrumbs-content":"","ast-featured-img":"","footer-sml-layout":"","ast-disable-related-posts":"","theme-transparent-header-meta":"","adv-header-id-meta":"","stick-header-meta":"","header-above-stick-meta":"","header-main-stick-meta":"","header-below-stick-meta":"","astra-migrate-meta-layouts":"set","ast-page-background-enabled":"default","ast-page-background-meta":{"desktop":{"background-color":"var(--ast-global-color-4)","background-image":"","background-repeat":"repeat","background-position":"center center","background-size":"auto","background-attachment":"scroll","background-type":"","background-media":"","overlay-type":"","overlay-color":"","overlay-opacity":"","overlay-gradient":""},"tablet":{"background-color":"","background-image":"","background-repeat":"repeat","background-position":"center center","background-size":"auto","background-attachment":"scroll","background-type":"","background-media":"","overlay-type":"","overlay-color":"","overlay-opacity":"","overlay-gradient":""},"mobile":{"background-color":"","background-image":"","background-repeat":"repeat","background-position":"center center","background-size":"auto","background-attachment":"scroll","background-type":"","background-media":"","overlay-type":"","overlay-color":"","overlay-opacity":"","overlay-gradient":""}},"ast-content-background-meta":{"desktop":{"background-color":"var(--ast-global-color-5)","background-image":"","background-repeat":"repeat","background-position":"center center","background-size":"auto","background-attachment":"scroll","background-type":"","background-media":"","overlay-type":"","overlay-color":"","overlay-opacity":"","overlay-gradient":""},"tablet":{"background-color":"var(--ast-global-color-5)","background-image":"","background-repeat":"repeat","background-position":"center center","background-size":"auto","background-attachment":"scroll","background-type":"","background-media":"","overlay-type":"","overlay-color":"","overlay-opacity":"","overlay-gradient":""},"mobile":{"background-color":"var(--ast-global-color-5)","background-image":"","background-repeat":"repeat","background-position":"center center","background-size":"auto","background-attachment":"scroll","background-type":"","background-media":"","overlay-type":"","overlay-color":"","overlay-opacity":"","overlay-gradient":""}},"footnotes":""},"class_list":["post-747","page","type-page","status-publish","hentry"],"acf":[],"aioseo_notices":[],"uagb_featured_image_src":{"full":false,"thumbnail":false,"medium":false,"medium_large":false,"large":false,"1536x1536":false,"2048x2048":false,"trp-custom-language-flag":false},"uagb_author_info":{"display_name":"FND-Stronger-Together","author_link":"https:\/\/fnd-stronger-together.blog\/fr\/author\/97mej\/"},"uagb_comment_info":0,"uagb_excerpt":"Terms and Conditions Effective Date: May 31, 2025 Welcome to FND-Stronger-Together. These Terms and Conditions (&#8220;Terms&#8221;) govern your access to [&hellip;]","_links":{"self":[{"href":"https:\/\/fnd-stronger-together.blog\/fr\/wp-json\/wp\/v2\/pages\/747","targetHints":{"allow":["GET"]}}],"collection":[{"href":"https:\/\/fnd-stronger-together.blog\/fr\/wp-json\/wp\/v2\/pages"}],"about":[{"href":"https:\/\/fnd-stronger-together.blog\/fr\/wp-json\/wp\/v2\/types\/page"}],"author":[{"embeddable":true,"href":"https:\/\/fnd-stronger-together.blog\/fr\/wp-json\/wp\/v2\/users\/1"}],"replies":[{"embeddable":true,"href":"https:\/\/fnd-stronger-together.blog\/fr\/wp-json\/wp\/v2\/comments?post=747"}],"version-history":[{"count":5,"href":"https:\/\/fnd-stronger-together.blog\/fr\/wp-json\/wp\/v2\/pages\/747\/revisions"}],"predecessor-version":[{"id":2829,"href":"https:\/\/fnd-stronger-together.blog\/fr\/wp-json\/wp\/v2\/pages\/747\/revisions\/2829"}],"wp:attachment":[{"href":"https:\/\/fnd-stronger-together.blog\/fr\/wp-json\/wp\/v2\/media?parent=747"}],"curies":[{"name":"wp","href":"https:\/\/api.w.org\/{rel}","templated":true}]}}