{"id":781,"date":"2025-05-31T15:05:41","date_gmt":"2025-05-31T15:05:41","guid":{"rendered":"https:\/\/fnd-stronger-together.blog\/?page_id=781"},"modified":"2025-06-13T14:56:57","modified_gmt":"2025-06-13T14:56:57","slug":"research","status":"publish","type":"page","link":"https:\/\/fnd-stronger-together.blog\/fr\/research\/","title":{"rendered":"Your guide to the latest research into FND"},"content":{"rendered":"<div class=\"inherit-container-width wp-block-group alignfull has-tertiary-background-color has-background is-layout-constrained wp-container-core-group-is-layout-7276a2bb wp-block-group-is-layout-constrained\" style=\"margin-top:0;margin-bottom:0;padding-top:var(--wp--preset--spacing--60);padding-right:var(--wp--preset--spacing--30);padding-bottom:var(--wp--preset--spacing--60);padding-left:var(--wp--preset--spacing--30)\">\n<div class=\"wp-block-cover\"><img fetchpriority=\"high\" decoding=\"async\" width=\"512\" height=\"512\" class=\"wp-block-cover__image-background wp-image-910\" alt=\"\" src=\"https:\/\/fnd-stronger-together.blog\/wp-content\/uploads\/2025\/06\/noname-4.jpg\" data-object-fit=\"cover\" srcset=\"https:\/\/fnd-stronger-together.blog\/wp-content\/uploads\/2025\/06\/noname-4.jpg 512w, https:\/\/fnd-stronger-together.blog\/wp-content\/uploads\/2025\/06\/noname-4-300x300.jpg 300w, https:\/\/fnd-stronger-together.blog\/wp-content\/uploads\/2025\/06\/noname-4-100x100.jpg 100w, https:\/\/fnd-stronger-together.blog\/wp-content\/uploads\/2025\/06\/noname-4-150x150.jpg 150w, https:\/\/fnd-stronger-together.blog\/wp-content\/uploads\/2025\/06\/noname-4-12x12.jpg 12w\" sizes=\"(max-width: 512px) 100vw, 512px\" \/><span aria-hidden=\"true\" class=\"wp-block-cover__background has-background-dim-20 has-background-dim\"><\/span><div class=\"wp-block-cover__inner-container is-layout-flow wp-block-cover-is-layout-flow\">\n<h1 class=\"wp-block-heading has-text-align-center has-background-color has-ast-global-color-0-background-color has-text-color has-background has-link-color has-large-font-size wp-elements-0300d34dcbcca9b1935bdf1f32895f5e\" style=\"margin-top:0;margin-bottom:0;padding-top:var(--wp--preset--spacing--20);padding-bottom:var(--wp--preset--spacing--20)\">Recherche : Votre guide des derni\u00e8res recherches sur la TNF<\/h1>\n<\/div><\/div>\n\n\n\n<p style=\"margin-top:var(--wp--preset--spacing--20);margin-bottom:var(--wp--preset--spacing--20)\">La compr\u00e9hension des troubles neurologiques fonctionnels (TNF) est un processus continu qui n\u00e9cessite des recherches et des enqu\u00eates scientifiques permanentes. <\/p>\n\n\n\n<p style=\"margin-top:var(--wp--preset--spacing--20);margin-bottom:var(--wp--preset--spacing--20)\">Cette recherche est essentielle pour am\u00e9liorer le diagnostic, le traitement et la qualit\u00e9 de vie des personnes atteintes de TNF <\/p>\n\n\n\n<p style=\"margin-top:var(--wp--preset--spacing--20);margin-bottom:var(--wp--preset--spacing--20)\">Nous mettons ici en lumi\u00e8re les principales avanc\u00e9es r\u00e9centes de la recherche sur lesTNF, en explorant les nouvelles d\u00e9couvertes, les essais cliniques et les chercheurs d\u00e9vou\u00e9s qui s'int\u00e9ressent \u00e0 cette maladie complexe. <\/p>\n\n\n\n<p style=\"margin-top:var(--wp--preset--spacing--20);margin-bottom:var(--wp--preset--spacing--20)\">Notre objectif est d'offrir des informations claires, accessibles et actuelles sur les progr\u00e8s r\u00e9alis\u00e9s dans ce domaine et de partager l'espoir que ces efforts apportent aux patients, aux familles et aux prestataires de soins de sant\u00e9.<\/p>\n\n\n\n<h2 class=\"wp-block-heading has-text-align-center has-custom-color-5-color has-text-color has-link-color has-large-font-size wp-elements-40eb4b85484455c31970899a85c42989\">Informations sur la recherche<\/h2>\n\n\n\n<p class=\"has-text-align-center\" style=\"margin-top:16px\">Cette page est encore en construction, mais vous pouvez consulter la page de recherche sur <a href=\"https:\/\/fndhope.org\/fnd-research\/advance-research\/\" target=\"_blank\" rel=\"noopener\" title=\"\"><mark style=\"background-color:rgba(0, 0, 0, 0)\" class=\"has-inline-color has-ast-global-color-0-color\">fndhope.org<\/mark><\/a><\/p>\n\n\n\n<h2 class=\"wp-block-heading has-custom-color-5-color has-text-color has-link-color has-large-font-size wp-elements-02b8bc5b9753d98f9f99d1a7b91144fc\">Derniers articles sur la recherche<\/h2>\n\n\n\n\t\t\t<div class=\"wp-block-uagb-post-carousel uagb-post-grid  uagb-post__image-position-top uagb-post__image-enabled uagb-block-2c72f61f     uagb-post__arrow-outside uagb-post__items uagb-post__columns-4 is-carousel uagb-post__columns-tablet-2 uagb-post__columns-mobile-1\" data-total=\"2\" style=\"\">\n\n\t\t\t\t\t\t\t\t\t\t\t\t<article class=\"uagb-post__inner-wrap\">\t\t\t\t\t\t\t\t<div class='uagb-post__image'>\n\t\t\t\t\t\t\t\t\t<a href=\"https:\/\/fnd-stronger-together.blog\/fr\/navigating-daily-life-with-fnd\/\" target=\"_self\" rel=\"bookmark noopener noreferrer\"><img decoding=\"async\" width=\"150\" height=\"150\" src=\"https:\/\/fnd-stronger-together.blog\/wp-content\/uploads\/2025\/08\/medical-appointment-doctor-healthcare-40568-40568-150x150.jpg\" class=\"attachment-thumbnail size-thumbnail\" alt=\"A stethoscope and pen resting on a medical report in a healthcare setting.\" srcset=\"https:\/\/fnd-stronger-together.blog\/wp-content\/uploads\/2025\/08\/medical-appointment-doctor-healthcare-40568-40568-150x150.jpg 150w, https:\/\/fnd-stronger-together.blog\/wp-content\/uploads\/2025\/08\/medical-appointment-doctor-healthcare-40568-40568-322x322.jpg 322w\" sizes=\"(max-width: 150px) 100vw, 150px\" \/>\t\t\t\t\t<\/a>\n\t\t\t\t\t\t\t\t\t<\/div>\n\t\t\t\t\t\t<h4 class=\"uagb-post__title uagb-post__text\">\n\t\t\t\t<a href=\"https:\/\/fnd-stronger-together.blog\/fr\/navigating-daily-life-with-fnd\/\" target=\"_self\" rel=\"bookmark noopener noreferrer\">Vivre au quotidien avec le TNF : conseils pratiques et strat\u00e9gies<\/a>\n\t\t\t<\/h4>\n\t\t\t\t\t\t<div class='uagb-post__text uagb-post-grid-byline'>\n\t\t\t\t\t\t\t\t<time datetime=\"2025-08-30T10:02:26+00:00\" class=\"uagb-post__date\">\n\t\t\t\t<span class=\"dashicons-calendar dashicons\"><\/span>\t\t\t\t\tao\u00fbt 30, 2025\t\t\t\t<\/time>\n\t\t\t\t\t\t\t<span class=\"uagb-post__comment\">\n\t\t\t\t<span class=\"dashicons-admin-comments dashicons\"><\/span>\t\t\t\t\tAucun commentaire\t\t\t\t<\/span>\n\t\t\t\t\t\t<\/div>\n\t\t\t\t\t\t\t<div class='uagb-post__text uagb-post__excerpt'>\n\t\t\t\t\tVotre guide pour int\u00e9grer des strat\u00e9gies permettant de g\u00e9rer les d\u00e9fis quotidiens et les sympt\u00f4mes du TNF.\t\t\t\t<\/div>\n\t\t\t\t\t\t<div class=\"uagb-post__text uagb-post__cta wp-block-button\">\n\t\t\t\t<a class=\"wp-block-button__link uagb-text-link\" style=\"\" href=\"https:\/\/fnd-stronger-together.blog\/fr\/navigating-daily-life-with-fnd\/\" target=\"_self\" rel=\"bookmark noopener noreferrer\">Lire la suite<\/a>\n\t\t\t<\/div>\n\t\t\t\n\t\t\t\t\t\t\t\t\t<\/article>\n\t\t\t\t\t\t\t\t\t\t\t\t\t\t\t\t<article class=\"uagb-post__inner-wrap\">\t\t\t\t\t\t\t\t<div class='uagb-post__image'>\n\t\t\t\t\t\t\t\t\t<a href=\"https:\/\/fnd-stronger-together.blog\/fr\/demystifying-fnd-a-guide-to-functional-neurological-disorder\/\" target=\"_self\" rel=\"bookmark noopener noreferrer\"><img decoding=\"async\" width=\"150\" height=\"150\" src=\"https:\/\/fnd-stronger-together.blog\/wp-content\/uploads\/2025\/07\/Gemini_Generated_Image_9xe74w9xe74w9xe7-150x150.png\" class=\"attachment-thumbnail size-thumbnail\" alt=\"\" srcset=\"https:\/\/fnd-stronger-together.blog\/wp-content\/uploads\/2025\/07\/Gemini_Generated_Image_9xe74w9xe74w9xe7-150x150.png 150w, https:\/\/fnd-stronger-together.blog\/wp-content\/uploads\/2025\/07\/Gemini_Generated_Image_9xe74w9xe74w9xe7-300x300.png 300w, https:\/\/fnd-stronger-together.blog\/wp-content\/uploads\/2025\/07\/Gemini_Generated_Image_9xe74w9xe74w9xe7-1024x1024.png 1024w, https:\/\/fnd-stronger-together.blog\/wp-content\/uploads\/2025\/07\/Gemini_Generated_Image_9xe74w9xe74w9xe7-768x768.png 768w, https:\/\/fnd-stronger-together.blog\/wp-content\/uploads\/2025\/07\/Gemini_Generated_Image_9xe74w9xe74w9xe7-1536x1536.png 1536w, https:\/\/fnd-stronger-together.blog\/wp-content\/uploads\/2025\/07\/Gemini_Generated_Image_9xe74w9xe74w9xe7-12x12.png 12w, https:\/\/fnd-stronger-together.blog\/wp-content\/uploads\/2025\/07\/Gemini_Generated_Image_9xe74w9xe74w9xe7-322x322.png 322w, https:\/\/fnd-stronger-together.blog\/wp-content\/uploads\/2025\/07\/Gemini_Generated_Image_9xe74w9xe74w9xe7.png 2048w\" sizes=\"(max-width: 150px) 100vw, 150px\" \/>\t\t\t\t\t<\/a>\n\t\t\t\t\t\t\t\t\t<\/div>\n\t\t\t\t\t\t<h4 class=\"uagb-post__title uagb-post__text\">\n\t\t\t\t<a href=\"https:\/\/fnd-stronger-together.blog\/fr\/demystifying-fnd-a-guide-to-functional-neurological-disorder\/\" target=\"_self\" rel=\"bookmark noopener noreferrer\">D\u00e9mystifier TNF : guide sur les troubles neurologiques fonctionnels<\/a>\n\t\t\t<\/h4>\n\t\t\t\t\t\t<div class='uagb-post__text uagb-post-grid-byline'>\n\t\t\t\t\t\t\t\t<time datetime=\"2025-08-12T13:30:10+00:00\" class=\"uagb-post__date\">\n\t\t\t\t<span class=\"dashicons-calendar dashicons\"><\/span>\t\t\t\t\tao\u00fbt 12, 2025\t\t\t\t<\/time>\n\t\t\t\t\t\t\t<span class=\"uagb-post__comment\">\n\t\t\t\t<span class=\"dashicons-admin-comments dashicons\"><\/span>\t\t\t\t\tAucun commentaire\t\t\t\t<\/span>\n\t\t\t\t\t\t<\/div>\n\t\t\t\t\t\t\t<div class='uagb-post__text uagb-post__excerpt'>\n\t\t\t\t\tCe blog explique la v\u00e9rit\u00e9 sur le TNF, contribuant ainsi \u00e0 dissiper certains mythes courants.\t\t\t\t<\/div>\n\t\t\t\t\t\t<div class=\"uagb-post__text uagb-post__cta wp-block-button\">\n\t\t\t\t<a class=\"wp-block-button__link uagb-text-link\" style=\"\" href=\"https:\/\/fnd-stronger-together.blog\/fr\/demystifying-fnd-a-guide-to-functional-neurological-disorder\/\" target=\"_self\" rel=\"bookmark noopener noreferrer\">Lire la suite<\/a>\n\t\t\t<\/div>\n\t\t\t\n\t\t\t\t\t\t\t\t\t<\/article>\n\t\t\t\t\t\t\t\t\t\t\t\t\t\t\t\t<article class=\"uagb-post__inner-wrap\">\t\t\t\t\t\t\t\t<div class='uagb-post__image'>\n\t\t\t\t\t\t\t\t\t<a href=\"https:\/\/fnd-stronger-together.blog\/fr\/rtms\/\" target=\"_self\" rel=\"bookmark noopener noreferrer\"><img loading=\"lazy\" decoding=\"async\" width=\"150\" height=\"150\" src=\"https:\/\/fnd-stronger-together.blog\/wp-content\/uploads\/2025\/06\/kumamoto-japan-aso-cloud-45848-45848-150x150.jpg\" class=\"attachment-thumbnail size-thumbnail\" alt=\"Captivating view of the sun breaking through clouds over a mist-covered mountain range.\" srcset=\"https:\/\/fnd-stronger-together.blog\/wp-content\/uploads\/2025\/06\/kumamoto-japan-aso-cloud-45848-45848-150x150.jpg 150w, https:\/\/fnd-stronger-together.blog\/wp-content\/uploads\/2025\/06\/kumamoto-japan-aso-cloud-45848-45848-300x300.jpg 300w, https:\/\/fnd-stronger-together.blog\/wp-content\/uploads\/2025\/06\/kumamoto-japan-aso-cloud-45848-45848-100x100.jpg 100w, https:\/\/fnd-stronger-together.blog\/wp-content\/uploads\/2025\/06\/kumamoto-japan-aso-cloud-45848-45848-322x322.jpg 322w\" sizes=\"(max-width: 150px) 100vw, 150px\" \/>\t\t\t\t\t<\/a>\n\t\t\t\t\t\t\t\t\t<\/div>\n\t\t\t\t\t\t<h4 class=\"uagb-post__title uagb-post__text\">\n\t\t\t\t<a href=\"https:\/\/fnd-stronger-together.blog\/fr\/rtms\/\" target=\"_self\" rel=\"bookmark noopener noreferrer\">Un espoir \u00e0 l'horizon pour la TNF ?<\/a>\n\t\t\t<\/h4>\n\t\t\t\t\t\t<div class='uagb-post__text uagb-post-grid-byline'>\n\t\t\t\t\t\t\t\t<time datetime=\"2025-06-09T09:13:10+00:00\" class=\"uagb-post__date\">\n\t\t\t\t<span class=\"dashicons-calendar dashicons\"><\/span>\t\t\t\t\t9 juin 2025\t\t\t\t<\/time>\n\t\t\t\t\t\t\t<span class=\"uagb-post__comment\">\n\t\t\t\t<span class=\"dashicons-admin-comments dashicons\"><\/span>\t\t\t\t\tAucun commentaire\t\t\t\t<\/span>\n\t\t\t\t\t\t<\/div>\n\t\t\t\t\t\t\t<div class='uagb-post__text uagb-post__excerpt'>\n\t\t\t\t\tMon r\u00e9cit personnel et honn\u00eate de mon exp\u00e9rience du traitement de la TNF par rTMS.\t\t\t\t<\/div>\n\t\t\t\t\t\t<div class=\"uagb-post__text uagb-post__cta wp-block-button\">\n\t\t\t\t<a class=\"wp-block-button__link uagb-text-link\" style=\"\" href=\"https:\/\/fnd-stronger-together.blog\/fr\/rtms\/\" target=\"_self\" rel=\"bookmark noopener noreferrer\">Lire la suite<\/a>\n\t\t\t<\/div>\n\t\t\t\n\t\t\t\t\t\t\t\t\t<\/article>\n\t\t\t\t\t\t\t\t\t\t\t<\/div>\n\t\t\t<\/div>","protected":false},"excerpt":{"rendered":"<p>Understanding Functional Neurological Disorder (FND) is a continuous process requiring ongoing research and scientific inquiry. This research is vital for [&hellip;]<\/p>\n","protected":false},"author":1,"featured_media":0,"parent":0,"menu_order":0,"comment_status":"closed","ping_status":"closed","template":"","meta":{"_acf_changed":false,"om_disable_all_campaigns":false,"_uag_custom_page_level_css":"","_monsterinsights_skip_tracking":false,"_monsterinsights_sitenote_active":false,"_monsterinsights_sitenote_note":"","_monsterinsights_sitenote_category":0,"_uf_show_specific_survey":0,"_uf_disable_surveys":false,"site-sidebar-layout":"default","site-content-layout":"","ast-site-content-layout":"default","site-content-style":"default","site-sidebar-style":"default","ast-global-header-display":"","ast-banner-title-visibility":"","ast-main-header-display":"","ast-hfb-above-header-display":"","ast-hfb-below-header-display":"","ast-hfb-mobile-header-display":"","site-post-title":"","ast-breadcrumbs-content":"","ast-featured-img":"","footer-sml-layout":"","ast-disable-related-posts":"","theme-transparent-header-meta":"","adv-header-id-meta":"","stick-header-meta":"","header-above-stick-meta":"","header-main-stick-meta":"","header-below-stick-meta":"","astra-migrate-meta-layouts":"set","ast-page-background-enabled":"default","ast-page-background-meta":{"desktop":{"background-color":"var(--ast-global-color-4)","background-image":"","background-repeat":"repeat","background-position":"center center","background-size":"auto","background-attachment":"scroll","background-type":"","background-media":"","overlay-type":"","overlay-color":"","overlay-opacity":"","overlay-gradient":""},"tablet":{"background-color":"","background-image":"","background-repeat":"repeat","background-position":"center center","background-size":"auto","background-attachment":"scroll","background-type":"","background-media":"","overlay-type":"","overlay-color":"","overlay-opacity":"","overlay-gradient":""},"mobile":{"background-color":"","background-image":"","background-repeat":"repeat","background-position":"center center","background-size":"auto","background-attachment":"scroll","background-type":"","background-media":"","overlay-type":"","overlay-color":"","overlay-opacity":"","overlay-gradient":""}},"ast-content-background-meta":{"desktop":{"background-color":"var(--ast-global-color-5)","background-image":"","background-repeat":"repeat","background-position":"center center","background-size":"auto","background-attachment":"scroll","background-type":"","background-media":"","overlay-type":"","overlay-color":"","overlay-opacity":"","overlay-gradient":""},"tablet":{"background-color":"var(--ast-global-color-5)","background-image":"","background-repeat":"repeat","background-position":"center center","background-size":"auto","background-attachment":"scroll","background-type":"","background-media":"","overlay-type":"","overlay-color":"","overlay-opacity":"","overlay-gradient":""},"mobile":{"background-color":"var(--ast-global-color-5)","background-image":"","background-repeat":"repeat","background-position":"center center","background-size":"auto","background-attachment":"scroll","background-type":"","background-media":"","overlay-type":"","overlay-color":"","overlay-opacity":"","overlay-gradient":""}},"footnotes":""},"class_list":["post-781","page","type-page","status-publish","hentry"],"acf":[],"aioseo_notices":[],"uagb_featured_image_src":{"full":false,"thumbnail":false,"medium":false,"medium_large":false,"large":false,"1536x1536":false,"2048x2048":false,"trp-custom-language-flag":false},"uagb_author_info":{"display_name":"FND-Stronger-Together","author_link":"https:\/\/fnd-stronger-together.blog\/fr\/author\/97mej\/"},"uagb_comment_info":0,"uagb_excerpt":"Understanding Functional Neurological Disorder (FND) is a continuous process requiring ongoing research and scientific inquiry. This research is vital for [&hellip;]","_links":{"self":[{"href":"https:\/\/fnd-stronger-together.blog\/fr\/wp-json\/wp\/v2\/pages\/781","targetHints":{"allow":["GET"]}}],"collection":[{"href":"https:\/\/fnd-stronger-together.blog\/fr\/wp-json\/wp\/v2\/pages"}],"about":[{"href":"https:\/\/fnd-stronger-together.blog\/fr\/wp-json\/wp\/v2\/types\/page"}],"author":[{"embeddable":true,"href":"https:\/\/fnd-stronger-together.blog\/fr\/wp-json\/wp\/v2\/users\/1"}],"replies":[{"embeddable":true,"href":"https:\/\/fnd-stronger-together.blog\/fr\/wp-json\/wp\/v2\/comments?post=781"}],"version-history":[{"count":13,"href":"https:\/\/fnd-stronger-together.blog\/fr\/wp-json\/wp\/v2\/pages\/781\/revisions"}],"predecessor-version":[{"id":2800,"href":"https:\/\/fnd-stronger-together.blog\/fr\/wp-json\/wp\/v2\/pages\/781\/revisions\/2800"}],"wp:attachment":[{"href":"https:\/\/fnd-stronger-together.blog\/fr\/wp-json\/wp\/v2\/media?parent=781"}],"curies":[{"name":"wp","href":"https:\/\/api.w.org\/{rel}","templated":true}]}}