{"id":898,"date":"2025-06-04T12:10:26","date_gmt":"2025-06-04T12:10:26","guid":{"rendered":"https:\/\/fnd-stronger-together.blog\/?page_id=898"},"modified":"2025-06-13T12:02:24","modified_gmt":"2025-06-13T12:02:24","slug":"living-with-fnd-your-guide-to-navigating-the-complexities-of-fnd","status":"publish","type":"page","link":"https:\/\/fnd-stronger-together.blog\/fr\/living-with-fnd-your-guide-to-navigating-the-complexities-of-fnd\/","title":{"rendered":"Vivre avec la FND : Votre guide pour naviguer dans les complexit\u00e9s de la TNF"},"content":{"rendered":"<div class=\"wp-block-group alignfull has-tertiary-background-color has-background is-layout-constrained wp-container-core-group-is-layout-28549256 wp-block-group-is-layout-constrained\" style=\"margin-top:0;margin-bottom:0;padding-top:var(--wp--preset--spacing--60);padding-right:var(--wp--preset--spacing--30);padding-bottom:var(--wp--preset--spacing--60);padding-left:var(--wp--preset--spacing--30)\">\n<div class=\"wp-block-cover\"><img fetchpriority=\"high\" decoding=\"async\" width=\"1024\" height=\"1024\" class=\"wp-block-cover__image-background wp-image-1033\" alt=\"\" src=\"https:\/\/fnd-stronger-together.blog\/wp-content\/uploads\/2025\/06\/Gemini_Generated_Image_87kxgn87kxgn87kx-1024x1024.jpg\" style=\"object-position:50% 24%\" data-object-fit=\"cover\" data-object-position=\"50% 24%\" srcset=\"https:\/\/fnd-stronger-together.blog\/wp-content\/uploads\/2025\/06\/Gemini_Generated_Image_87kxgn87kxgn87kx-1024x1024.jpg 1024w, https:\/\/fnd-stronger-together.blog\/wp-content\/uploads\/2025\/06\/Gemini_Generated_Image_87kxgn87kxgn87kx-300x300.jpg 300w, https:\/\/fnd-stronger-together.blog\/wp-content\/uploads\/2025\/06\/Gemini_Generated_Image_87kxgn87kxgn87kx-100x100.jpg 100w, https:\/\/fnd-stronger-together.blog\/wp-content\/uploads\/2025\/06\/Gemini_Generated_Image_87kxgn87kxgn87kx-600x600.jpg 600w, https:\/\/fnd-stronger-together.blog\/wp-content\/uploads\/2025\/06\/Gemini_Generated_Image_87kxgn87kxgn87kx-150x150.jpg 150w, https:\/\/fnd-stronger-together.blog\/wp-content\/uploads\/2025\/06\/Gemini_Generated_Image_87kxgn87kxgn87kx-768x768.jpg 768w, https:\/\/fnd-stronger-together.blog\/wp-content\/uploads\/2025\/06\/Gemini_Generated_Image_87kxgn87kxgn87kx-1536x1536.jpg 1536w, https:\/\/fnd-stronger-together.blog\/wp-content\/uploads\/2025\/06\/Gemini_Generated_Image_87kxgn87kxgn87kx-12x12.jpg 12w, https:\/\/fnd-stronger-together.blog\/wp-content\/uploads\/2025\/06\/Gemini_Generated_Image_87kxgn87kxgn87kx.jpg 2048w\" sizes=\"(max-width: 1024px) 100vw, 1024px\" \/><span aria-hidden=\"true\" class=\"wp-block-cover__background has-background-dim-10 has-background-dim\"><\/span><div class=\"wp-block-cover__inner-container is-layout-flow wp-block-cover-is-layout-flow\">\n<h1 class=\"wp-block-heading has-text-align-center has-background-color has-ast-global-color-0-background-color has-text-color has-background has-link-color has-large-font-size wp-elements-e8e15ca2cec459c85e4f26437899ddcb\" style=\"margin-top:0;margin-bottom:0;padding-top:0;padding-right:0;padding-bottom:0;padding-left:0\">Vivre avec la FND : Votre guide pour naviguer dans les complexit\u00e9s de la TNF<\/h1>\n<\/div><\/div>\n\n\n\n<h2 class=\"wp-block-heading has-custom-color-5-color has-text-color has-link-color wp-elements-65f99e3a73592b3802295c078287fc70\" style=\"margin-top:var(--wp--preset--spacing--20);margin-bottom:var(--wp--preset--spacing--20);font-size:24px\">Introduction \u00e0 la vivre avec la FND<\/h2>\n\n\n\n<p style=\"margin-top:var(--wp--preset--spacing--20);margin-bottom:var(--wp--preset--spacing--20)\">Bienvenue. Si vous \u00eates ici, c'est que vous ou l'un de vos proches faites face \u00e0 la complexit\u00e9 des troubles neurologiques fonctionnels (TNF). <\/p>\n\n\n\n<p style=\"margin-top:var(--wp--preset--spacing--20);margin-bottom:var(--wp--preset--spacing--20)\">Cette page est consacr\u00e9e \u00e0 l'exploration des r\u00e9alit\u00e9s de la vie avec la TNF - en soulignant les d\u00e9fis, en c\u00e9l\u00e9brant les triomphes et en partageant des strat\u00e9gies pour cr\u00e9er une vie \u00e9panouie malgr\u00e9 la nature impr\u00e9visible de cette condition.<\/p>\n\n\n\n<p style=\"margin-top:var(--wp--preset--spacing--20);margin-bottom:var(--wp--preset--spacing--20)\">Vous n'\u00eates pas seul et l'espoir est \u00e0 port\u00e9e de main. Nous vous proposons ici des conseils pratiques et des ressources pr\u00e9cieuses pour vous aider dans votre cheminement vers l'\u00e9panouissement, ainsi que mon exp\u00e9rience personnelle de la vie avec la TNF.<\/p>\n\n\n\n<h2 class=\"wp-block-heading has-text-align-center has-custom-color-5-color has-text-color has-link-color has-large-font-size wp-elements-452aec45a7c58d75510ba977582cabe7\">Commencer \u00e0 s'y retrouver dans la complexit\u00e9 de la TNF<\/h2>\n\n\n\n<div class=\"wp-block-group alignfull has-tertiary-background-color has-background is-layout-constrained wp-container-core-group-is-layout-6ba946c5 wp-block-group-is-layout-constrained\" style=\"margin-top:0;margin-bottom:0;padding-top:var(--wp--preset--spacing--60);padding-right:var(--wp--preset--spacing--80);padding-bottom:var(--wp--preset--spacing--60);padding-left:var(--wp--preset--spacing--80)\">\n<div class=\"wp-block-columns alignwide is-layout-flex wp-container-core-columns-is-layout-a88a3fd8 wp-block-columns-is-layout-flex\">\n<div class=\"wp-block-column is-layout-constrained wp-block-column-is-layout-constrained\">\n<div class=\"wp-block-cover aligncenter\"><img decoding=\"async\" width=\"233\" height=\"350\" class=\"wp-block-cover__image-background wp-image-437\" alt=\"Person silhouetted against a vibrant sunset sky over the ocean, arms raised triumphantly.\" src=\"https:\/\/fnd-stronger-together.blog\/wp-content\/uploads\/2025\/05\/pexels-photo-801885-801885.jpg\" style=\"object-position:56% 74%\" data-object-fit=\"cover\" data-object-position=\"56% 74%\" srcset=\"https:\/\/fnd-stronger-together.blog\/wp-content\/uploads\/2025\/05\/pexels-photo-801885-801885.jpg 233w, https:\/\/fnd-stronger-together.blog\/wp-content\/uploads\/2025\/05\/pexels-photo-801885-801885-200x300.jpg 200w, https:\/\/fnd-stronger-together.blog\/wp-content\/uploads\/2025\/05\/pexels-photo-801885-801885-8x12.jpg 8w\" sizes=\"(max-width: 233px) 100vw, 233px\" \/><span aria-hidden=\"true\" class=\"wp-block-cover__background has-background-dim-0 has-background-dim\"><\/span><div class=\"wp-block-cover__inner-container is-layout-constrained wp-block-cover-is-layout-constrained\">\n<p class=\"has-text-align-center has-large-font-size\"><\/p>\n<\/div><\/div>\n\n\n\n<h2 class=\"wp-block-heading has-text-align-center\" style=\"padding-top:0;padding-bottom:0;font-size:24px;line-height:1.5\"><strong>Traitements<\/strong><\/h2>\n\n\n\n<p class=\"has-text-align-center\" style=\"margin-top:0px;font-size:16px\">Aper\u00e7u des diff\u00e9rents traitements disponibles pour la TNF<\/p>\n\n\n\n<div class=\"wp-block-buttons is-content-justification-center is-layout-flex wp-container-core-buttons-is-layout-a89b3969 wp-block-buttons-is-layout-flex\">\n<div class=\"wp-block-button\"><a class=\"wp-block-button__link has-custom-color-5-background-color has-background has-custom-font-size wp-element-button\" href=\"https:\/\/fnd-stronger-together.blog\/fr\/treatment\/\" style=\"font-size:16px\">En savoir plus<\/a><\/div>\n<\/div>\n<\/div>\n\n\n\n<div class=\"wp-block-column is-layout-constrained wp-block-column-is-layout-constrained\">\n<div class=\"wp-block-cover aligncenter is-light\"><img decoding=\"async\" width=\"525\" height=\"350\" class=\"wp-block-cover__image-background wp-image-486 size-full\" alt=\"Group collaborating on assembling large puzzle pieces symbolizing teamwork and unity.\" src=\"https:\/\/fnd-stronger-together.blog\/wp-content\/uploads\/2025\/05\/pexels-photo-6147381-6147381.jpg\" data-object-fit=\"cover\" srcset=\"https:\/\/fnd-stronger-together.blog\/wp-content\/uploads\/2025\/05\/pexels-photo-6147381-6147381.jpg 525w, https:\/\/fnd-stronger-together.blog\/wp-content\/uploads\/2025\/05\/pexels-photo-6147381-6147381-300x200.jpg 300w, https:\/\/fnd-stronger-together.blog\/wp-content\/uploads\/2025\/05\/pexels-photo-6147381-6147381-18x12.jpg 18w\" sizes=\"(max-width: 525px) 100vw, 525px\" \/><span aria-hidden=\"true\" class=\"wp-block-cover__background has-background-dim-0 has-background-dim\"><\/span><div class=\"wp-block-cover__inner-container is-layout-constrained wp-block-cover-is-layout-constrained\">\n<p class=\"has-text-align-center has-large-font-size\"><\/p>\n<\/div><\/div>\n\n\n\n<h2 class=\"wp-block-heading has-text-align-center\" style=\"font-size:24px\"><strong>Techniques de gestion des TNF<\/strong><\/h2>\n\n\n\n<p class=\"has-text-align-center\" style=\"margin-top:var(--wp--preset--spacing--20);margin-bottom:var(--wp--preset--spacing--20);font-size:16px\">Aper\u00e7u des diff\u00e9rentes techniques de prise en charge des sympt\u00f4mes de la TNF<\/p>\n\n\n\n<div class=\"wp-block-buttons is-content-justification-center is-layout-flex wp-container-core-buttons-is-layout-a89b3969 wp-block-buttons-is-layout-flex\">\n<div class=\"wp-block-button is-style-fill\"><a class=\"wp-block-button__link has-background-color has-custom-color-5-background-color has-text-color has-background has-link-color wp-element-button\" href=\"https:\/\/fnd-stronger-together.blog\/fr\/techniques\/\">Lire la suite<\/a><\/div>\n<\/div>\n<\/div>\n<\/div>\n<\/div>\n\n\n\n<h2 class=\"wp-block-heading has-custom-color-5-color has-text-color has-link-color has-large-font-size wp-elements-cad04c342b60c9995d0dd30b67e86045\">Derniers articles sur la vivre avec la TNF<\/h2>\n\n\n\n\t\t\t<div class=\"wp-block-uagb-post-carousel uagb-post-grid  uagb-post__image-position-top uagb-post__image-enabled uagb-block-427a4779     uagb-post__arrow-outside uagb-post__items uagb-post__columns-4 is-carousel uagb-post__columns-tablet-2 uagb-post__columns-mobile-1\" data-total=\"1\" style=\"\">\n\n\t\t\t\t\t\t\t\t\t\t\t\t<article class=\"uagb-post__inner-wrap\">\t\t\t\t\t\t\t\t<div class='uagb-post__image'>\n\t\t\t\t\t\t\t\t\t<a href=\"https:\/\/fnd-stronger-together.blog\/fr\/navigating-daily-life-with-fnd\/\" target=\"_self\" rel=\"bookmark noopener noreferrer\"><img loading=\"lazy\" decoding=\"async\" width=\"150\" height=\"150\" src=\"https:\/\/fnd-stronger-together.blog\/wp-content\/uploads\/2025\/08\/medical-appointment-doctor-healthcare-40568-40568-150x150.jpg\" class=\"attachment-thumbnail size-thumbnail\" alt=\"A stethoscope and pen resting on a medical report in a healthcare setting.\" srcset=\"https:\/\/fnd-stronger-together.blog\/wp-content\/uploads\/2025\/08\/medical-appointment-doctor-healthcare-40568-40568-150x150.jpg 150w, https:\/\/fnd-stronger-together.blog\/wp-content\/uploads\/2025\/08\/medical-appointment-doctor-healthcare-40568-40568-322x322.jpg 322w\" sizes=\"(max-width: 150px) 100vw, 150px\" \/>\t\t\t\t\t<\/a>\n\t\t\t\t\t\t\t\t\t<\/div>\n\t\t\t\t\t\t<h4 class=\"uagb-post__title uagb-post__text\">\n\t\t\t\t<a href=\"https:\/\/fnd-stronger-together.blog\/fr\/navigating-daily-life-with-fnd\/\" target=\"_self\" rel=\"bookmark noopener noreferrer\">Vivre au quotidien avec le TNF : conseils pratiques et strat\u00e9gies<\/a>\n\t\t\t<\/h4>\n\t\t\t\t\t\t<div class='uagb-post__text uagb-post-grid-byline'>\n\t\t\t\t\t\t\t\t<time datetime=\"2025-08-30T10:02:26+00:00\" class=\"uagb-post__date\">\n\t\t\t\t<span class=\"dashicons-calendar dashicons\"><\/span>\t\t\t\t\tao\u00fbt 30, 2025\t\t\t\t<\/time>\n\t\t\t\t\t\t\t<span class=\"uagb-post__comment\">\n\t\t\t\t<span class=\"dashicons-admin-comments dashicons\"><\/span>\t\t\t\t\tAucun commentaire\t\t\t\t<\/span>\n\t\t\t\t\t\t<\/div>\n\t\t\t\t\t\t\t<div class='uagb-post__text uagb-post__excerpt'>\n\t\t\t\t\tVotre guide pour int\u00e9grer des strat\u00e9gies permettant de g\u00e9rer les d\u00e9fis quotidiens et les sympt\u00f4mes du TNF.\t\t\t\t<\/div>\n\t\t\t\t\t\t<div class=\"uagb-post__text uagb-post__cta wp-block-button\">\n\t\t\t\t<a class=\"wp-block-button__link uagb-text-link\" style=\"\" href=\"https:\/\/fnd-stronger-together.blog\/fr\/navigating-daily-life-with-fnd\/\" target=\"_self\" rel=\"bookmark noopener noreferrer\">Lire la suite<\/a>\n\t\t\t<\/div>\n\t\t\t\n\t\t\t\t\t\t\t\t\t<\/article>\n\t\t\t\t\t\t\t\t\t\t\t\t\t\t\t\t<article class=\"uagb-post__inner-wrap\">\t\t\t\t\t\t\t\t<div class='uagb-post__image'>\n\t\t\t\t\t\t\t\t\t<a href=\"https:\/\/fnd-stronger-together.blog\/fr\/demystifying-fnd-a-guide-to-functional-neurological-disorder\/\" target=\"_self\" rel=\"bookmark noopener noreferrer\"><img loading=\"lazy\" decoding=\"async\" width=\"150\" height=\"150\" src=\"https:\/\/fnd-stronger-together.blog\/wp-content\/uploads\/2025\/07\/Gemini_Generated_Image_9xe74w9xe74w9xe7-150x150.png\" class=\"attachment-thumbnail size-thumbnail\" alt=\"\" srcset=\"https:\/\/fnd-stronger-together.blog\/wp-content\/uploads\/2025\/07\/Gemini_Generated_Image_9xe74w9xe74w9xe7-150x150.png 150w, https:\/\/fnd-stronger-together.blog\/wp-content\/uploads\/2025\/07\/Gemini_Generated_Image_9xe74w9xe74w9xe7-300x300.png 300w, https:\/\/fnd-stronger-together.blog\/wp-content\/uploads\/2025\/07\/Gemini_Generated_Image_9xe74w9xe74w9xe7-1024x1024.png 1024w, https:\/\/fnd-stronger-together.blog\/wp-content\/uploads\/2025\/07\/Gemini_Generated_Image_9xe74w9xe74w9xe7-768x768.png 768w, https:\/\/fnd-stronger-together.blog\/wp-content\/uploads\/2025\/07\/Gemini_Generated_Image_9xe74w9xe74w9xe7-1536x1536.png 1536w, https:\/\/fnd-stronger-together.blog\/wp-content\/uploads\/2025\/07\/Gemini_Generated_Image_9xe74w9xe74w9xe7-12x12.png 12w, https:\/\/fnd-stronger-together.blog\/wp-content\/uploads\/2025\/07\/Gemini_Generated_Image_9xe74w9xe74w9xe7-322x322.png 322w, https:\/\/fnd-stronger-together.blog\/wp-content\/uploads\/2025\/07\/Gemini_Generated_Image_9xe74w9xe74w9xe7.png 2048w\" sizes=\"(max-width: 150px) 100vw, 150px\" \/>\t\t\t\t\t<\/a>\n\t\t\t\t\t\t\t\t\t<\/div>\n\t\t\t\t\t\t<h4 class=\"uagb-post__title uagb-post__text\">\n\t\t\t\t<a href=\"https:\/\/fnd-stronger-together.blog\/fr\/demystifying-fnd-a-guide-to-functional-neurological-disorder\/\" target=\"_self\" rel=\"bookmark noopener noreferrer\">D\u00e9mystifier TNF : guide sur les troubles neurologiques fonctionnels<\/a>\n\t\t\t<\/h4>\n\t\t\t\t\t\t<div class='uagb-post__text uagb-post-grid-byline'>\n\t\t\t\t\t\t\t\t<time datetime=\"2025-08-12T13:30:10+00:00\" class=\"uagb-post__date\">\n\t\t\t\t<span class=\"dashicons-calendar dashicons\"><\/span>\t\t\t\t\tao\u00fbt 12, 2025\t\t\t\t<\/time>\n\t\t\t\t\t\t\t<span class=\"uagb-post__comment\">\n\t\t\t\t<span class=\"dashicons-admin-comments dashicons\"><\/span>\t\t\t\t\tAucun commentaire\t\t\t\t<\/span>\n\t\t\t\t\t\t<\/div>\n\t\t\t\t\t\t\t<div class='uagb-post__text uagb-post__excerpt'>\n\t\t\t\t\tCe blog explique la v\u00e9rit\u00e9 sur le TNF, contribuant ainsi \u00e0 dissiper certains mythes courants.\t\t\t\t<\/div>\n\t\t\t\t\t\t<div class=\"uagb-post__text uagb-post__cta wp-block-button\">\n\t\t\t\t<a class=\"wp-block-button__link uagb-text-link\" style=\"\" href=\"https:\/\/fnd-stronger-together.blog\/fr\/demystifying-fnd-a-guide-to-functional-neurological-disorder\/\" target=\"_self\" rel=\"bookmark noopener noreferrer\">Lire la suite<\/a>\n\t\t\t<\/div>\n\t\t\t\n\t\t\t\t\t\t\t\t\t<\/article>\n\t\t\t\t\t\t\t\t\t\t\t\t\t\t\t\t<article class=\"uagb-post__inner-wrap\">\t\t\t\t\t\t\t\t<div class='uagb-post__image'>\n\t\t\t\t\t\t\t\t\t<a href=\"https:\/\/fnd-stronger-together.blog\/fr\/rtms\/\" target=\"_self\" rel=\"bookmark noopener noreferrer\"><img loading=\"lazy\" decoding=\"async\" width=\"150\" height=\"150\" src=\"https:\/\/fnd-stronger-together.blog\/wp-content\/uploads\/2025\/06\/kumamoto-japan-aso-cloud-45848-45848-150x150.jpg\" class=\"attachment-thumbnail size-thumbnail\" alt=\"Captivating view of the sun breaking through clouds over a mist-covered mountain range.\" srcset=\"https:\/\/fnd-stronger-together.blog\/wp-content\/uploads\/2025\/06\/kumamoto-japan-aso-cloud-45848-45848-150x150.jpg 150w, https:\/\/fnd-stronger-together.blog\/wp-content\/uploads\/2025\/06\/kumamoto-japan-aso-cloud-45848-45848-300x300.jpg 300w, https:\/\/fnd-stronger-together.blog\/wp-content\/uploads\/2025\/06\/kumamoto-japan-aso-cloud-45848-45848-100x100.jpg 100w, https:\/\/fnd-stronger-together.blog\/wp-content\/uploads\/2025\/06\/kumamoto-japan-aso-cloud-45848-45848-322x322.jpg 322w\" sizes=\"(max-width: 150px) 100vw, 150px\" \/>\t\t\t\t\t<\/a>\n\t\t\t\t\t\t\t\t\t<\/div>\n\t\t\t\t\t\t<h4 class=\"uagb-post__title uagb-post__text\">\n\t\t\t\t<a href=\"https:\/\/fnd-stronger-together.blog\/fr\/rtms\/\" target=\"_self\" rel=\"bookmark noopener noreferrer\">Un espoir \u00e0 l'horizon pour la TNF ?<\/a>\n\t\t\t<\/h4>\n\t\t\t\t\t\t<div class='uagb-post__text uagb-post-grid-byline'>\n\t\t\t\t\t\t\t\t<time datetime=\"2025-06-09T09:13:10+00:00\" class=\"uagb-post__date\">\n\t\t\t\t<span class=\"dashicons-calendar dashicons\"><\/span>\t\t\t\t\t9 juin 2025\t\t\t\t<\/time>\n\t\t\t\t\t\t\t<span class=\"uagb-post__comment\">\n\t\t\t\t<span class=\"dashicons-admin-comments dashicons\"><\/span>\t\t\t\t\tAucun commentaire\t\t\t\t<\/span>\n\t\t\t\t\t\t<\/div>\n\t\t\t\t\t\t\t<div class='uagb-post__text uagb-post__excerpt'>\n\t\t\t\t\tMon r\u00e9cit personnel et honn\u00eate de mon exp\u00e9rience du traitement de la TNF par rTMS.\t\t\t\t<\/div>\n\t\t\t\t\t\t<div class=\"uagb-post__text uagb-post__cta wp-block-button\">\n\t\t\t\t<a class=\"wp-block-button__link uagb-text-link\" style=\"\" href=\"https:\/\/fnd-stronger-together.blog\/fr\/rtms\/\" target=\"_self\" rel=\"bookmark noopener noreferrer\">Lire la suite<\/a>\n\t\t\t<\/div>\n\t\t\t\n\t\t\t\t\t\t\t\t\t<\/article>\n\t\t\t\t\t\t\t\t\t\t\t\t\t\t\t\t<article class=\"uagb-post__inner-wrap\">\t\t\t\t\t\t\t\t<div class='uagb-post__image'>\n\t\t\t\t\t\t\t\t\t<a href=\"https:\/\/fnd-stronger-together.blog\/fr\/rehab\/\" target=\"_self\" rel=\"bookmark noopener noreferrer\"><img loading=\"lazy\" decoding=\"async\" width=\"150\" height=\"150\" src=\"https:\/\/fnd-stronger-together.blog\/wp-content\/uploads\/2025\/05\/natures-02-150x150.jpg\" class=\"attachment-thumbnail size-thumbnail\" alt=\"\" srcset=\"https:\/\/fnd-stronger-together.blog\/wp-content\/uploads\/2025\/05\/natures-02-150x150.jpg 150w, https:\/\/fnd-stronger-together.blog\/wp-content\/uploads\/2025\/05\/natures-02-300x300.jpg 300w, https:\/\/fnd-stronger-together.blog\/wp-content\/uploads\/2025\/05\/natures-02-100x100.jpg 100w, https:\/\/fnd-stronger-together.blog\/wp-content\/uploads\/2025\/05\/natures-02-322x322.jpg 322w\" sizes=\"(max-width: 150px) 100vw, 150px\" \/>\t\t\t\t\t<\/a>\n\t\t\t\t\t\t\t\t\t<\/div>\n\t\t\t\t\t\t<h4 class=\"uagb-post__title uagb-post__text\">\n\t\t\t\t<a href=\"https:\/\/fnd-stronger-together.blog\/fr\/rehab\/\" target=\"_self\" rel=\"bookmark noopener noreferrer\">Mon s\u00e9jour dans une clinique de r\u00e9adaptation pour la TNF<\/a>\n\t\t\t<\/h4>\n\t\t\t\t\t\t<div class='uagb-post__text uagb-post-grid-byline'>\n\t\t\t\t\t\t\t\t<time datetime=\"2025-06-05T14:33:54+00:00\" class=\"uagb-post__date\">\n\t\t\t\t<span class=\"dashicons-calendar dashicons\"><\/span>\t\t\t\t\tjuin 5, 2025\t\t\t\t<\/time>\n\t\t\t\t\t\t\t<span class=\"uagb-post__comment\">\n\t\t\t\t<span class=\"dashicons-admin-comments dashicons\"><\/span>\t\t\t\t\tAucun commentaire\t\t\t\t<\/span>\n\t\t\t\t\t\t<\/div>\n\t\t\t\t\t\t\t<div class='uagb-post__text uagb-post__excerpt'>\n\t\t\t\t\tAtteinte d'un trouble neurologique fonctionnel (TNF), je savais que quelque chose devait changer, et ce \"quelque chose\", c'\u00e9tait la r\u00e9adaptation.\t\t\t\t<\/div>\n\t\t\t\t\t\t<div class=\"uagb-post__text uagb-post__cta wp-block-button\">\n\t\t\t\t<a class=\"wp-block-button__link uagb-text-link\" style=\"\" href=\"https:\/\/fnd-stronger-together.blog\/fr\/rehab\/\" target=\"_self\" rel=\"bookmark noopener noreferrer\">Lire la suite<\/a>\n\t\t\t<\/div>\n\t\t\t\n\t\t\t\t\t\t\t\t\t<\/article>\n\t\t\t\t\t\t\t\t\t\t\t<\/div>\n\t\t\t\n\n\n<div class=\"wp-block-group is-layout-constrained wp-block-group-is-layout-constrained\"><\/div>\n<\/div>","protected":false},"excerpt":{"rendered":"<p>Introduction to Living with FND Welcome. If you&#8217;re here, you or someone you care about is navigating the complexities of [&hellip;]<\/p>\n","protected":false},"author":1,"featured_media":0,"parent":0,"menu_order":0,"comment_status":"closed","ping_status":"closed","template":"","meta":{"_acf_changed":false,"om_disable_all_campaigns":false,"_uag_custom_page_level_css":"","_monsterinsights_skip_tracking":false,"_monsterinsights_sitenote_active":false,"_monsterinsights_sitenote_note":"","_monsterinsights_sitenote_category":0,"_uf_show_specific_survey":0,"_uf_disable_surveys":false,"site-sidebar-layout":"default","site-content-layout":"","ast-site-content-layout":"default","site-content-style":"default","site-sidebar-style":"default","ast-global-header-display":"","ast-banner-title-visibility":"","ast-main-header-display":"","ast-hfb-above-header-display":"","ast-hfb-below-header-display":"","ast-hfb-mobile-header-display":"","site-post-title":"","ast-breadcrumbs-content":"","ast-featured-img":"","footer-sml-layout":"","ast-disable-related-posts":"","theme-transparent-header-meta":"","adv-header-id-meta":"","stick-header-meta":"","header-above-stick-meta":"","header-main-stick-meta":"","header-below-stick-meta":"","astra-migrate-meta-layouts":"set","ast-page-background-enabled":"default","ast-page-background-meta":{"desktop":{"background-color":"var(--ast-global-color-4)","background-image":"","background-repeat":"repeat","background-position":"center center","background-size":"auto","background-attachment":"scroll","background-type":"","background-media":"","overlay-type":"","overlay-color":"","overlay-opacity":"","overlay-gradient":""},"tablet":{"background-color":"","background-image":"","background-repeat":"repeat","background-position":"center center","background-size":"auto","background-attachment":"scroll","background-type":"","background-media":"","overlay-type":"","overlay-color":"","overlay-opacity":"","overlay-gradient":""},"mobile":{"background-color":"","background-image":"","background-repeat":"repeat","background-position":"center center","background-size":"auto","background-attachment":"scroll","background-type":"","background-media":"","overlay-type":"","overlay-color":"","overlay-opacity":"","overlay-gradient":""}},"ast-content-background-meta":{"desktop":{"background-color":"var(--ast-global-color-5)","background-image":"","background-repeat":"repeat","background-position":"center center","background-size":"auto","background-attachment":"scroll","background-type":"","background-media":"","overlay-type":"","overlay-color":"","overlay-opacity":"","overlay-gradient":""},"tablet":{"background-color":"var(--ast-global-color-5)","background-image":"","background-repeat":"repeat","background-position":"center center","background-size":"auto","background-attachment":"scroll","background-type":"","background-media":"","overlay-type":"","overlay-color":"","overlay-opacity":"","overlay-gradient":""},"mobile":{"background-color":"var(--ast-global-color-5)","background-image":"","background-repeat":"repeat","background-position":"center center","background-size":"auto","background-attachment":"scroll","background-type":"","background-media":"","overlay-type":"","overlay-color":"","overlay-opacity":"","overlay-gradient":""}},"footnotes":""},"class_list":["post-898","page","type-page","status-publish","hentry"],"acf":[],"aioseo_notices":[],"uagb_featured_image_src":{"full":false,"thumbnail":false,"medium":false,"medium_large":false,"large":false,"1536x1536":false,"2048x2048":false,"trp-custom-language-flag":false},"uagb_author_info":{"display_name":"FND-Stronger-Together","author_link":"https:\/\/fnd-stronger-together.blog\/fr\/author\/97mej\/"},"uagb_comment_info":0,"uagb_excerpt":"Introduction to Living with FND Welcome. If you&#8217;re here, you or someone you care about is navigating the complexities of [&hellip;]","_links":{"self":[{"href":"https:\/\/fnd-stronger-together.blog\/fr\/wp-json\/wp\/v2\/pages\/898","targetHints":{"allow":["GET"]}}],"collection":[{"href":"https:\/\/fnd-stronger-together.blog\/fr\/wp-json\/wp\/v2\/pages"}],"about":[{"href":"https:\/\/fnd-stronger-together.blog\/fr\/wp-json\/wp\/v2\/types\/page"}],"author":[{"embeddable":true,"href":"https:\/\/fnd-stronger-together.blog\/fr\/wp-json\/wp\/v2\/users\/1"}],"replies":[{"embeddable":true,"href":"https:\/\/fnd-stronger-together.blog\/fr\/wp-json\/wp\/v2\/comments?post=898"}],"version-history":[{"count":16,"href":"https:\/\/fnd-stronger-together.blog\/fr\/wp-json\/wp\/v2\/pages\/898\/revisions"}],"predecessor-version":[{"id":2786,"href":"https:\/\/fnd-stronger-together.blog\/fr\/wp-json\/wp\/v2\/pages\/898\/revisions\/2786"}],"wp:attachment":[{"href":"https:\/\/fnd-stronger-together.blog\/fr\/wp-json\/wp\/v2\/media?parent=898"}],"curies":[{"name":"wp","href":"https:\/\/api.w.org\/{rel}","templated":true}]}}