{"id":900,"date":"2025-06-09T10:56:24","date_gmt":"2025-06-09T10:56:24","guid":{"rendered":"https:\/\/fnd-stronger-together.blog\/?page_id=900"},"modified":"2025-06-13T13:35:39","modified_gmt":"2025-06-13T13:35:39","slug":"how-to-manage-your-wellbeing","status":"publish","type":"page","link":"https:\/\/fnd-stronger-together.blog\/fr\/how-to-manage-your-wellbeing\/","title":{"rendered":"How to manage your Wellbeing"},"content":{"rendered":"<div class=\"inherit-container-width wp-block-group alignfull has-tertiary-background-color has-background is-layout-constrained wp-container-core-group-is-layout-7276a2bb wp-block-group-is-layout-constrained\" style=\"margin-top:0;margin-bottom:0;padding-top:var(--wp--preset--spacing--60);padding-right:var(--wp--preset--spacing--30);padding-bottom:var(--wp--preset--spacing--60);padding-left:var(--wp--preset--spacing--30)\">\n<div class=\"wp-block-cover is-light\"><img fetchpriority=\"high\" decoding=\"async\" width=\"1024\" height=\"1024\" class=\"wp-block-cover__image-background wp-image-1031\" alt=\"\" src=\"https:\/\/fnd-stronger-together.blog\/wp-content\/uploads\/2025\/06\/Gemini_Generated_Image_ph6ueyph6ueyph6u-1024x1024.jpg\" data-object-fit=\"cover\" srcset=\"https:\/\/fnd-stronger-together.blog\/wp-content\/uploads\/2025\/06\/Gemini_Generated_Image_ph6ueyph6ueyph6u-1024x1024.jpg 1024w, https:\/\/fnd-stronger-together.blog\/wp-content\/uploads\/2025\/06\/Gemini_Generated_Image_ph6ueyph6ueyph6u-300x300.jpg 300w, https:\/\/fnd-stronger-together.blog\/wp-content\/uploads\/2025\/06\/Gemini_Generated_Image_ph6ueyph6ueyph6u-100x100.jpg 100w, https:\/\/fnd-stronger-together.blog\/wp-content\/uploads\/2025\/06\/Gemini_Generated_Image_ph6ueyph6ueyph6u-600x600.jpg 600w, https:\/\/fnd-stronger-together.blog\/wp-content\/uploads\/2025\/06\/Gemini_Generated_Image_ph6ueyph6ueyph6u-150x150.jpg 150w, https:\/\/fnd-stronger-together.blog\/wp-content\/uploads\/2025\/06\/Gemini_Generated_Image_ph6ueyph6ueyph6u-768x768.jpg 768w, https:\/\/fnd-stronger-together.blog\/wp-content\/uploads\/2025\/06\/Gemini_Generated_Image_ph6ueyph6ueyph6u-1536x1536.jpg 1536w, https:\/\/fnd-stronger-together.blog\/wp-content\/uploads\/2025\/06\/Gemini_Generated_Image_ph6ueyph6ueyph6u-12x12.jpg 12w, https:\/\/fnd-stronger-together.blog\/wp-content\/uploads\/2025\/06\/Gemini_Generated_Image_ph6ueyph6ueyph6u.jpg 2048w\" sizes=\"(max-width: 1024px) 100vw, 1024px\" \/><span aria-hidden=\"true\" class=\"wp-block-cover__background has-background-dim-20 has-background-dim\"><\/span><div class=\"wp-block-cover__inner-container is-layout-flow wp-block-cover-is-layout-flow\">\n<h1 class=\"wp-block-heading has-text-align-center has-background-color has-ast-global-color-0-background-color has-text-color has-background has-link-color has-large-font-size wp-elements-0d95155c8f63e676e28ece3c48dadbff\" style=\"margin-top:0;margin-bottom:0;padding-top:0;padding-bottom:0\">Bien-\u00eatre <\/h1>\n\n\n\n<p class=\"has-text-align-center has-custom-color-4-color has-ast-global-color-0-background-color has-text-color has-background has-link-color has-medium-font-size wp-elements-a4f3d059d78be620b7a432b21f5e24e8\" style=\"margin-top:0;margin-bottom:0;padding-top:0;padding-bottom:0\"><strong>Votre guide pour g\u00e9rer les aspects sociaux et \u00e9motionnels de la TNF<\/strong><\/p>\n<\/div><\/div>\n\n\n\n<p style=\"margin-top:var(--wp--preset--spacing--20);margin-bottom:var(--wp--preset--spacing--20)\">Il est essentiel de donner la priorit\u00e9 \u00e0 son bien-\u00eatre g\u00e9n\u00e9ral lorsqu'on vit avec un trouble neurologique fonctionnel (TNF). <\/p>\n\n\n\n<p style=\"margin-top:var(--wp--preset--spacing--20);margin-bottom:var(--wp--preset--spacing--20)\">Cette section propose des strat\u00e9gies pratiques et des ressources pr\u00e9cieuses pour soutenir et am\u00e9liorer votre sant\u00e9 mentale, \u00e9motionnelle et physique. <\/p>\n\n\n\n<p style=\"margin-top:var(--wp--preset--spacing--20);margin-bottom:var(--wp--preset--spacing--20)\">Vous y trouverez des techniques efficaces pour g\u00e9rer le stress, d\u00e9velopper la r\u00e9silience, favoriser des relations positives et cultiver un sentiment profond d'espoir et de raison d'\u00eatre. <\/p>\n\n\n\n<p style=\"margin-top:var(--wp--preset--spacing--20);margin-bottom:var(--wp--preset--spacing--20)\">Rappelez-vous qu'il est possible de s'\u00e9panouir avec la TNF et que prendre le temps de s'occuper de soi est un \u00e9l\u00e9ment essentiel de votre cheminement continu vers le bien-\u00eatre.<\/p>\n\n\n\n<h2 class=\"wp-block-heading has-text-align-center has-custom-color-5-color has-text-color has-link-color has-large-font-size wp-elements-c26535c4026f871c9c1097280f8c9825\">Ressources essentielles<\/h2>\n\n\n\n<figure class=\"wp-block-image aligncenter size-full is-resized\"><img decoding=\"async\" width=\"566\" height=\"350\" src=\"https:\/\/fnd-stronger-together.blog\/wp-content\/uploads\/2025\/06\/mac-freelancer-macintosh-macbook-40185-40185.jpg\" alt=\"A MacBook Pro displaying Google Search on a wooden table outdoors, next to a smartphone.\" class=\"wp-image-1199\" style=\"object-fit:cover;width:322px;height:322px\" srcset=\"https:\/\/fnd-stronger-together.blog\/wp-content\/uploads\/2025\/06\/mac-freelancer-macintosh-macbook-40185-40185.jpg 566w, https:\/\/fnd-stronger-together.blog\/wp-content\/uploads\/2025\/06\/mac-freelancer-macintosh-macbook-40185-40185-300x186.jpg 300w, https:\/\/fnd-stronger-together.blog\/wp-content\/uploads\/2025\/06\/mac-freelancer-macintosh-macbook-40185-40185-18x12.jpg 18w\" sizes=\"(max-width: 566px) 100vw, 566px\" \/><\/figure>\n\n\n\n<h2 class=\"wp-block-heading has-text-align-center\" style=\"margin-top:var(--wp--preset--spacing--20);margin-bottom:var(--wp--preset--spacing--20);font-size:24px\">Sites web utiles<\/h2>\n\n\n\n<p class=\"has-text-align-center\" style=\"margin-top:var(--wp--preset--spacing--20);margin-bottom:var(--wp--preset--spacing--20);font-size:16px\">Trouver les diff\u00e9rents sites web disponibles pour le soutien de la FND en fran\u00e7ais et en anglais<\/p>\n\n\n\n<div class=\"wp-block-buttons is-content-justification-center is-layout-flex wp-container-core-buttons-is-layout-a89b3969 wp-block-buttons-is-layout-flex\">\n<div class=\"wp-block-button\"><a class=\"wp-block-button__link has-custom-color-5-background-color has-background wp-element-button\" href=\"https:\/\/fnd-stronger-together.blog\/fr\/fnd-websites\/\">En savoir plus<\/a><\/div>\n<\/div>\n\n\n\n<h2 class=\"wp-block-heading has-custom-color-5-color has-text-color has-link-color has-large-font-size wp-elements-fbb993151dff3557244c6024552706ff\">Derniers articles sur le bien-\u00eatre<\/h2>\n\n\n\n\t\t\t<div class=\"wp-block-uagb-post-carousel uagb-post-grid  uagb-post__image-position-top uagb-post__image-enabled uagb-block-427a4779     uagb-post__arrow-outside uagb-post__items uagb-post__columns-4 is-carousel uagb-post__columns-tablet-2 uagb-post__columns-mobile-1\" data-total=\"1\" style=\"\">\n\n\t\t\t\t\t\t\t\t\t\t\t\t<article class=\"uagb-post__inner-wrap\">\t\t\t\t\t\t\t\t<div class='uagb-post__image'>\n\t\t\t\t\t\t\t\t\t<a href=\"https:\/\/fnd-stronger-together.blog\/fr\/navigating-daily-life-with-fnd\/\" target=\"_self\" rel=\"bookmark noopener noreferrer\"><img decoding=\"async\" width=\"150\" height=\"150\" src=\"https:\/\/fnd-stronger-together.blog\/wp-content\/uploads\/2025\/08\/medical-appointment-doctor-healthcare-40568-40568-150x150.jpg\" class=\"attachment-thumbnail size-thumbnail\" alt=\"A stethoscope and pen resting on a medical report in a healthcare setting.\" srcset=\"https:\/\/fnd-stronger-together.blog\/wp-content\/uploads\/2025\/08\/medical-appointment-doctor-healthcare-40568-40568-150x150.jpg 150w, https:\/\/fnd-stronger-together.blog\/wp-content\/uploads\/2025\/08\/medical-appointment-doctor-healthcare-40568-40568-322x322.jpg 322w\" sizes=\"(max-width: 150px) 100vw, 150px\" \/>\t\t\t\t\t<\/a>\n\t\t\t\t\t\t\t\t\t<\/div>\n\t\t\t\t\t\t<h4 class=\"uagb-post__title uagb-post__text\">\n\t\t\t\t<a href=\"https:\/\/fnd-stronger-together.blog\/fr\/navigating-daily-life-with-fnd\/\" target=\"_self\" rel=\"bookmark noopener noreferrer\">Vivre au quotidien avec le TNF : conseils pratiques et strat\u00e9gies<\/a>\n\t\t\t<\/h4>\n\t\t\t\t\t\t<div class='uagb-post__text uagb-post-grid-byline'>\n\t\t\t\t\t\t\t\t<time datetime=\"2025-08-30T10:02:26+00:00\" class=\"uagb-post__date\">\n\t\t\t\t<span class=\"dashicons-calendar dashicons\"><\/span>\t\t\t\t\tao\u00fbt 30, 2025\t\t\t\t<\/time>\n\t\t\t\t\t\t\t<span class=\"uagb-post__comment\">\n\t\t\t\t<span class=\"dashicons-admin-comments dashicons\"><\/span>\t\t\t\t\tAucun commentaire\t\t\t\t<\/span>\n\t\t\t\t\t\t<\/div>\n\t\t\t\t\t\t\t<div class='uagb-post__text uagb-post__excerpt'>\n\t\t\t\t\tVotre guide pour int\u00e9grer des strat\u00e9gies permettant de g\u00e9rer les d\u00e9fis quotidiens et les sympt\u00f4mes du TNF.\t\t\t\t<\/div>\n\t\t\t\t\t\t<div class=\"uagb-post__text uagb-post__cta wp-block-button\">\n\t\t\t\t<a class=\"wp-block-button__link uagb-text-link\" style=\"\" href=\"https:\/\/fnd-stronger-together.blog\/fr\/navigating-daily-life-with-fnd\/\" target=\"_self\" rel=\"bookmark noopener noreferrer\">Lire la suite<\/a>\n\t\t\t<\/div>\n\t\t\t\n\t\t\t\t\t\t\t\t\t<\/article>\n\t\t\t\t\t\t\t\t\t\t\t\t\t\t\t\t<article class=\"uagb-post__inner-wrap\">\t\t\t\t\t\t\t\t<div class='uagb-post__image'>\n\t\t\t\t\t\t\t\t\t<a href=\"https:\/\/fnd-stronger-together.blog\/fr\/demystifying-fnd-a-guide-to-functional-neurological-disorder\/\" target=\"_self\" rel=\"bookmark noopener noreferrer\"><img loading=\"lazy\" decoding=\"async\" width=\"150\" height=\"150\" src=\"https:\/\/fnd-stronger-together.blog\/wp-content\/uploads\/2025\/07\/Gemini_Generated_Image_9xe74w9xe74w9xe7-150x150.png\" class=\"attachment-thumbnail size-thumbnail\" alt=\"\" srcset=\"https:\/\/fnd-stronger-together.blog\/wp-content\/uploads\/2025\/07\/Gemini_Generated_Image_9xe74w9xe74w9xe7-150x150.png 150w, https:\/\/fnd-stronger-together.blog\/wp-content\/uploads\/2025\/07\/Gemini_Generated_Image_9xe74w9xe74w9xe7-300x300.png 300w, https:\/\/fnd-stronger-together.blog\/wp-content\/uploads\/2025\/07\/Gemini_Generated_Image_9xe74w9xe74w9xe7-1024x1024.png 1024w, https:\/\/fnd-stronger-together.blog\/wp-content\/uploads\/2025\/07\/Gemini_Generated_Image_9xe74w9xe74w9xe7-768x768.png 768w, https:\/\/fnd-stronger-together.blog\/wp-content\/uploads\/2025\/07\/Gemini_Generated_Image_9xe74w9xe74w9xe7-1536x1536.png 1536w, https:\/\/fnd-stronger-together.blog\/wp-content\/uploads\/2025\/07\/Gemini_Generated_Image_9xe74w9xe74w9xe7-12x12.png 12w, https:\/\/fnd-stronger-together.blog\/wp-content\/uploads\/2025\/07\/Gemini_Generated_Image_9xe74w9xe74w9xe7-322x322.png 322w, https:\/\/fnd-stronger-together.blog\/wp-content\/uploads\/2025\/07\/Gemini_Generated_Image_9xe74w9xe74w9xe7.png 2048w\" sizes=\"(max-width: 150px) 100vw, 150px\" \/>\t\t\t\t\t<\/a>\n\t\t\t\t\t\t\t\t\t<\/div>\n\t\t\t\t\t\t<h4 class=\"uagb-post__title uagb-post__text\">\n\t\t\t\t<a href=\"https:\/\/fnd-stronger-together.blog\/fr\/demystifying-fnd-a-guide-to-functional-neurological-disorder\/\" target=\"_self\" rel=\"bookmark noopener noreferrer\">D\u00e9mystifier TNF : guide sur les troubles neurologiques fonctionnels<\/a>\n\t\t\t<\/h4>\n\t\t\t\t\t\t<div class='uagb-post__text uagb-post-grid-byline'>\n\t\t\t\t\t\t\t\t<time datetime=\"2025-08-12T13:30:10+00:00\" class=\"uagb-post__date\">\n\t\t\t\t<span class=\"dashicons-calendar dashicons\"><\/span>\t\t\t\t\tao\u00fbt 12, 2025\t\t\t\t<\/time>\n\t\t\t\t\t\t\t<span class=\"uagb-post__comment\">\n\t\t\t\t<span class=\"dashicons-admin-comments dashicons\"><\/span>\t\t\t\t\tAucun commentaire\t\t\t\t<\/span>\n\t\t\t\t\t\t<\/div>\n\t\t\t\t\t\t\t<div class='uagb-post__text uagb-post__excerpt'>\n\t\t\t\t\tCe blog explique la v\u00e9rit\u00e9 sur le TNF, contribuant ainsi \u00e0 dissiper certains mythes courants.\t\t\t\t<\/div>\n\t\t\t\t\t\t<div class=\"uagb-post__text uagb-post__cta wp-block-button\">\n\t\t\t\t<a class=\"wp-block-button__link uagb-text-link\" style=\"\" href=\"https:\/\/fnd-stronger-together.blog\/fr\/demystifying-fnd-a-guide-to-functional-neurological-disorder\/\" target=\"_self\" rel=\"bookmark noopener noreferrer\">Lire la suite<\/a>\n\t\t\t<\/div>\n\t\t\t\n\t\t\t\t\t\t\t\t\t<\/article>\n\t\t\t\t\t\t\t\t\t\t\t\t\t\t\t\t<article class=\"uagb-post__inner-wrap\">\t\t\t\t\t\t\t\t<div class='uagb-post__image'>\n\t\t\t\t\t\t\t\t\t<a href=\"https:\/\/fnd-stronger-together.blog\/fr\/rtms\/\" target=\"_self\" rel=\"bookmark noopener noreferrer\"><img loading=\"lazy\" decoding=\"async\" width=\"150\" height=\"150\" src=\"https:\/\/fnd-stronger-together.blog\/wp-content\/uploads\/2025\/06\/kumamoto-japan-aso-cloud-45848-45848-150x150.jpg\" class=\"attachment-thumbnail size-thumbnail\" alt=\"Captivating view of the sun breaking through clouds over a mist-covered mountain range.\" srcset=\"https:\/\/fnd-stronger-together.blog\/wp-content\/uploads\/2025\/06\/kumamoto-japan-aso-cloud-45848-45848-150x150.jpg 150w, https:\/\/fnd-stronger-together.blog\/wp-content\/uploads\/2025\/06\/kumamoto-japan-aso-cloud-45848-45848-300x300.jpg 300w, https:\/\/fnd-stronger-together.blog\/wp-content\/uploads\/2025\/06\/kumamoto-japan-aso-cloud-45848-45848-100x100.jpg 100w, https:\/\/fnd-stronger-together.blog\/wp-content\/uploads\/2025\/06\/kumamoto-japan-aso-cloud-45848-45848-322x322.jpg 322w\" sizes=\"(max-width: 150px) 100vw, 150px\" \/>\t\t\t\t\t<\/a>\n\t\t\t\t\t\t\t\t\t<\/div>\n\t\t\t\t\t\t<h4 class=\"uagb-post__title uagb-post__text\">\n\t\t\t\t<a href=\"https:\/\/fnd-stronger-together.blog\/fr\/rtms\/\" target=\"_self\" rel=\"bookmark noopener noreferrer\">Un espoir \u00e0 l'horizon pour la TNF ?<\/a>\n\t\t\t<\/h4>\n\t\t\t\t\t\t<div class='uagb-post__text uagb-post-grid-byline'>\n\t\t\t\t\t\t\t\t<time datetime=\"2025-06-09T09:13:10+00:00\" class=\"uagb-post__date\">\n\t\t\t\t<span class=\"dashicons-calendar dashicons\"><\/span>\t\t\t\t\t9 juin 2025\t\t\t\t<\/time>\n\t\t\t\t\t\t\t<span class=\"uagb-post__comment\">\n\t\t\t\t<span class=\"dashicons-admin-comments dashicons\"><\/span>\t\t\t\t\tAucun commentaire\t\t\t\t<\/span>\n\t\t\t\t\t\t<\/div>\n\t\t\t\t\t\t\t<div class='uagb-post__text uagb-post__excerpt'>\n\t\t\t\t\tMon r\u00e9cit personnel et honn\u00eate de mon exp\u00e9rience du traitement de la TNF par rTMS.\t\t\t\t<\/div>\n\t\t\t\t\t\t<div class=\"uagb-post__text uagb-post__cta wp-block-button\">\n\t\t\t\t<a class=\"wp-block-button__link uagb-text-link\" style=\"\" href=\"https:\/\/fnd-stronger-together.blog\/fr\/rtms\/\" target=\"_self\" rel=\"bookmark noopener noreferrer\">Lire la suite<\/a>\n\t\t\t<\/div>\n\t\t\t\n\t\t\t\t\t\t\t\t\t<\/article>\n\t\t\t\t\t\t\t\t\t\t\t\t\t\t\t\t<article class=\"uagb-post__inner-wrap\">\t\t\t\t\t\t\t\t<div class='uagb-post__image'>\n\t\t\t\t\t\t\t\t\t<a href=\"https:\/\/fnd-stronger-together.blog\/fr\/rehab\/\" target=\"_self\" rel=\"bookmark noopener noreferrer\"><img loading=\"lazy\" decoding=\"async\" width=\"150\" height=\"150\" src=\"https:\/\/fnd-stronger-together.blog\/wp-content\/uploads\/2025\/05\/natures-02-150x150.jpg\" class=\"attachment-thumbnail size-thumbnail\" alt=\"\" srcset=\"https:\/\/fnd-stronger-together.blog\/wp-content\/uploads\/2025\/05\/natures-02-150x150.jpg 150w, https:\/\/fnd-stronger-together.blog\/wp-content\/uploads\/2025\/05\/natures-02-300x300.jpg 300w, https:\/\/fnd-stronger-together.blog\/wp-content\/uploads\/2025\/05\/natures-02-100x100.jpg 100w, https:\/\/fnd-stronger-together.blog\/wp-content\/uploads\/2025\/05\/natures-02-322x322.jpg 322w\" sizes=\"(max-width: 150px) 100vw, 150px\" \/>\t\t\t\t\t<\/a>\n\t\t\t\t\t\t\t\t\t<\/div>\n\t\t\t\t\t\t<h4 class=\"uagb-post__title uagb-post__text\">\n\t\t\t\t<a href=\"https:\/\/fnd-stronger-together.blog\/fr\/rehab\/\" target=\"_self\" rel=\"bookmark noopener noreferrer\">Mon s\u00e9jour dans une clinique de r\u00e9adaptation pour la TNF<\/a>\n\t\t\t<\/h4>\n\t\t\t\t\t\t<div class='uagb-post__text uagb-post-grid-byline'>\n\t\t\t\t\t\t\t\t<time datetime=\"2025-06-05T14:33:54+00:00\" class=\"uagb-post__date\">\n\t\t\t\t<span class=\"dashicons-calendar dashicons\"><\/span>\t\t\t\t\tjuin 5, 2025\t\t\t\t<\/time>\n\t\t\t\t\t\t\t<span class=\"uagb-post__comment\">\n\t\t\t\t<span class=\"dashicons-admin-comments dashicons\"><\/span>\t\t\t\t\tAucun commentaire\t\t\t\t<\/span>\n\t\t\t\t\t\t<\/div>\n\t\t\t\t\t\t\t<div class='uagb-post__text uagb-post__excerpt'>\n\t\t\t\t\tAtteinte d'un trouble neurologique fonctionnel (TNF), je savais que quelque chose devait changer, et ce \"quelque chose\", c'\u00e9tait la r\u00e9adaptation.\t\t\t\t<\/div>\n\t\t\t\t\t\t<div class=\"uagb-post__text uagb-post__cta wp-block-button\">\n\t\t\t\t<a class=\"wp-block-button__link uagb-text-link\" style=\"\" href=\"https:\/\/fnd-stronger-together.blog\/fr\/rehab\/\" target=\"_self\" rel=\"bookmark noopener noreferrer\">Lire la suite<\/a>\n\t\t\t<\/div>\n\t\t\t\n\t\t\t\t\t\t\t\t\t<\/article>\n\t\t\t\t\t\t\t\t\t\t\t<\/div>\n\t\t\t<\/div>","protected":false},"excerpt":{"rendered":"<p>Prioritising your overall well-being is essential when living with Functional Neurological Disorder (FND). This section provides practical strategies and valuable [&hellip;]<\/p>\n","protected":false},"author":1,"featured_media":0,"parent":0,"menu_order":0,"comment_status":"closed","ping_status":"closed","template":"","meta":{"_acf_changed":false,"om_disable_all_campaigns":false,"_uag_custom_page_level_css":"","_monsterinsights_skip_tracking":false,"_monsterinsights_sitenote_active":false,"_monsterinsights_sitenote_note":"","_monsterinsights_sitenote_category":0,"_uf_show_specific_survey":0,"_uf_disable_surveys":false,"site-sidebar-layout":"default","site-content-layout":"","ast-site-content-layout":"default","site-content-style":"default","site-sidebar-style":"default","ast-global-header-display":"","ast-banner-title-visibility":"","ast-main-header-display":"","ast-hfb-above-header-display":"","ast-hfb-below-header-display":"","ast-hfb-mobile-header-display":"","site-post-title":"","ast-breadcrumbs-content":"","ast-featured-img":"","footer-sml-layout":"","ast-disable-related-posts":"","theme-transparent-header-meta":"","adv-header-id-meta":"","stick-header-meta":"","header-above-stick-meta":"","header-main-stick-meta":"","header-below-stick-meta":"","astra-migrate-meta-layouts":"set","ast-page-background-enabled":"default","ast-page-background-meta":{"desktop":{"background-color":"var(--ast-global-color-4)","background-image":"","background-repeat":"repeat","background-position":"center center","background-size":"auto","background-attachment":"scroll","background-type":"","background-media":"","overlay-type":"","overlay-color":"","overlay-opacity":"","overlay-gradient":""},"tablet":{"background-color":"","background-image":"","background-repeat":"repeat","background-position":"center center","background-size":"auto","background-attachment":"scroll","background-type":"","background-media":"","overlay-type":"","overlay-color":"","overlay-opacity":"","overlay-gradient":""},"mobile":{"background-color":"","background-image":"","background-repeat":"repeat","background-position":"center center","background-size":"auto","background-attachment":"scroll","background-type":"","background-media":"","overlay-type":"","overlay-color":"","overlay-opacity":"","overlay-gradient":""}},"ast-content-background-meta":{"desktop":{"background-color":"var(--ast-global-color-5)","background-image":"","background-repeat":"repeat","background-position":"center center","background-size":"auto","background-attachment":"scroll","background-type":"","background-media":"","overlay-type":"","overlay-color":"","overlay-opacity":"","overlay-gradient":""},"tablet":{"background-color":"var(--ast-global-color-5)","background-image":"","background-repeat":"repeat","background-position":"center center","background-size":"auto","background-attachment":"scroll","background-type":"","background-media":"","overlay-type":"","overlay-color":"","overlay-opacity":"","overlay-gradient":""},"mobile":{"background-color":"var(--ast-global-color-5)","background-image":"","background-repeat":"repeat","background-position":"center center","background-size":"auto","background-attachment":"scroll","background-type":"","background-media":"","overlay-type":"","overlay-color":"","overlay-opacity":"","overlay-gradient":""}},"footnotes":""},"class_list":["post-900","page","type-page","status-publish","hentry"],"acf":[],"aioseo_notices":[],"uagb_featured_image_src":{"full":false,"thumbnail":false,"medium":false,"medium_large":false,"large":false,"1536x1536":false,"2048x2048":false,"trp-custom-language-flag":false},"uagb_author_info":{"display_name":"FND-Stronger-Together","author_link":"https:\/\/fnd-stronger-together.blog\/fr\/author\/97mej\/"},"uagb_comment_info":0,"uagb_excerpt":"Prioritising your overall well-being is essential when living with Functional Neurological Disorder (FND). This section provides practical strategies and valuable [&hellip;]","_links":{"self":[{"href":"https:\/\/fnd-stronger-together.blog\/fr\/wp-json\/wp\/v2\/pages\/900","targetHints":{"allow":["GET"]}}],"collection":[{"href":"https:\/\/fnd-stronger-together.blog\/fr\/wp-json\/wp\/v2\/pages"}],"about":[{"href":"https:\/\/fnd-stronger-together.blog\/fr\/wp-json\/wp\/v2\/types\/page"}],"author":[{"embeddable":true,"href":"https:\/\/fnd-stronger-together.blog\/fr\/wp-json\/wp\/v2\/users\/1"}],"replies":[{"embeddable":true,"href":"https:\/\/fnd-stronger-together.blog\/fr\/wp-json\/wp\/v2\/comments?post=900"}],"version-history":[{"count":9,"href":"https:\/\/fnd-stronger-together.blog\/fr\/wp-json\/wp\/v2\/pages\/900\/revisions"}],"predecessor-version":[{"id":2793,"href":"https:\/\/fnd-stronger-together.blog\/fr\/wp-json\/wp\/v2\/pages\/900\/revisions\/2793"}],"wp:attachment":[{"href":"https:\/\/fnd-stronger-together.blog\/fr\/wp-json\/wp\/v2\/media?parent=900"}],"curies":[{"name":"wp","href":"https:\/\/api.w.org\/{rel}","templated":true}]}}